{"id":34204,"date":"2025-05-06T14:29:49","date_gmt":"2025-05-06T12:29:49","guid":{"rendered":"https:\/\/zlatyrakytnik.sk\/?post_type=product&#038;p=34204"},"modified":"2026-01-26T15:25:41","modified_gmt":"2026-01-26T14:25:41","slug":"mixit-kokosove-chipsy-do-vrecka","status":"publish","type":"product","link":"https:\/\/zlatyrakytnik.sk\/hu\/termek\/mixit-kokosove-chipsy-do-vrecka\/","title":{"rendered":"Mixit kokosov\u00e9 chipsy do vrecka"},"content":{"rendered":"<p>Ty kokos! Tak\u00e9 chipsy ste e\u0161te nechrumkali. Krehk\u00e9 kokosov\u00e9 pl\u00e1tky sme obalili v poctivej vrstve kakaa a s\u00fa pripraven\u00e9 obohati\u0165 va\u0161i desiatu \u010di ra\u0148ajky o zdrav\u00e9 MCT tuky a miner\u00e1lne l\u00e1tky.<\/p>","protected":false},"excerpt":{"rendered":"<p>Ty kokos! Tak\u00e9 chipsy ste e\u0161te nechrumkali. Krehk\u00e9 kokosov\u00e9 pl\u00e1tky sme obalili v poctivej vrstve kakaa a s\u00fa pripraven\u00e9 obohati\u0165 va\u0161i desiatu \u010di ra\u0148ajky o zdrav\u00e9 MCT tuky a miner\u00e1lne l\u00e1tky.<\/p>","protected":false},"featured_media":34529,"comment_status":"closed","ping_status":"closed","template":"","meta":[],"product_brand":[],"product_cat":[253,256],"product_tag":[],"giftcard-category":[],"class_list":{"0":"post-34204","1":"product","2":"type-product","3":"status-publish","4":"has-post-thumbnail","6":"product_cat-spajza","7":"product_cat-cerealie","9":"first","10":"instock","11":"taxable","12":"shipping-taxable","13":"purchasable","14":"product-type-variable"},"_links":{"self":[{"href":"https:\/\/zlatyrakytnik.sk\/hu\/wp-json\/wp\/v2\/product\/34204","targetHints":{"allow":["GET"]}}],"collection":[{"href":"https:\/\/zlatyrakytnik.sk\/hu\/wp-json\/wp\/v2\/product"}],"about":[{"href":"https:\/\/zlatyrakytnik.sk\/hu\/wp-json\/wp\/v2\/types\/product"}],"replies":[{"embeddable":true,"href":"https:\/\/zlatyrakytnik.sk\/hu\/wp-json\/wp\/v2\/comments?post=34204"}],"wp:featuredmedia":[{"embeddable":true,"href":"https:\/\/zlatyrakytnik.sk\/hu\/wp-json\/wp\/v2\/media\/34529"}],"wp:attachment":[{"href":"https:\/\/zlatyrakytnik.sk\/hu\/wp-json\/wp\/v2\/media?parent=34204"}],"wp:term":[{"taxonomy":"product_brand","embeddable":true,"href":"https:\/\/zlatyrakytnik.sk\/hu\/wp-json\/wp\/v2\/product_brand?post=34204"},{"taxonomy":"product_cat","embeddable":true,"href":"https:\/\/zlatyrakytnik.sk\/hu\/wp-json\/wp\/v2\/product_cat?post=34204"},{"taxonomy":"product_tag","embeddable":true,"href":"https:\/\/zlatyrakytnik.sk\/hu\/wp-json\/wp\/v2\/product_tag?post=34204"},{"taxonomy":"giftcard-category","embeddable":true,"href":"https:\/\/zlatyrakytnik.sk\/hu\/wp-json\/wp\/v2\/giftcard-category?post=34204"}],"curies":[{"name":"wp","href":"https:\/\/api.w.org\/{rel}","templated":true}]}}