{"id":34209,"date":"2025-05-06T14:39:14","date_gmt":"2025-05-06T12:39:14","guid":{"rendered":"https:\/\/zlatyrakytnik.sk\/?post_type=product&#038;p=34209"},"modified":"2026-01-26T15:25:40","modified_gmt":"2026-01-26T14:25:40","slug":"cvicme-v-rytme","status":"publish","type":"product","link":"https:\/\/zlatyrakytnik.sk\/hu\/termek\/cvicme-v-rytme\/","title":{"rendered":"Cvi\u010dme v rytme!"},"content":{"rendered":"<p>M\u00fcsli so su\u0161en\u00fdm ovoc\u00edm a orechmi<\/p><p><em>ja\u010dmenn\u00e9<\/em>&nbsp;vlo\u010dky 16 %,&nbsp;<em>ovsen\u00e9<\/em>&nbsp;vlo\u010dky 15 %,&nbsp;<em>p\u0161eni\u010dn\u00e9<\/em>&nbsp;lupienky 13 %, poh\u00e1nkov\u00e9 lupienky 11 %, k\u013eukva 8 % (k\u013eukva &#8222;brusnica kanadsk\u00e1&#8220; 65 %, cukor, slne\u010dnicov\u00fd olej), goji 6 % (bobule Kustovnice \u010d\u00ednskej), su\u0161en\u00e1 pap\u00e1ja 6 % (papaya 92 %, frukt\u00f3za 8 %),&nbsp;<em>lieskov\u00e9<\/em>&nbsp;orechy 4 %, slne\u010dnicov\u00e9 semen\u00e1 4 %, jadr\u00e1&nbsp;<em>ke\u0161u<\/em>&nbsp;orechov 3 %, pl\u00e1tky&nbsp;<em>mandl\u00ed<\/em>&nbsp;3 %,&nbsp;<em>para<\/em>&nbsp;orechy 3 %, \u013eanov\u00e9 semen\u00e1 3 %, tekvicov\u00e9 semen\u00e1 3 %, lyofilizovan\u00e9 \u010du\u010doriedky 1 %, lyofilizovan\u00fd anan\u00e1s 1 %<\/p><p>M\u00f4\u017ee obsahova\u0165 stopy mlieka, in\u00fdch \u0161krupinov\u00fdch plodov, ara\u0161idov, s\u00f3je a sezamu. M\u00f4\u017ee obsahova\u0165 \u010dasti \u0161krup\u00edn.&nbsp;<\/p><figure class=\"wp-block-table\"><table class=\"has-fixed-layout\"><thead><tr><td><\/td><td class=\"has-text-align-right\" data-align=\"right\">100 g<\/td><\/tr><\/thead><tbody><tr><td>Energia<\/td><td class=\"has-text-align-right\" data-align=\"right\">1697 kJ \/<br>405 kcal&nbsp;<\/td><\/tr><tr><td>Tuky<\/td><td class=\"has-text-align-right\" data-align=\"right\">14.0 g&nbsp;<\/td><\/tr><tr><td>z toho nas\u00fdten\u00e9 mastn\u00e9 kyseliny<\/td><td class=\"has-text-align-right\" data-align=\"right\">1.9 g&nbsp;<\/td><\/tr><tr><td>Sacharidy<\/td><td class=\"has-text-align-right\" data-align=\"right\">59.0 g&nbsp;<\/td><\/tr><tr><td>z toho cukry<\/td><td class=\"has-text-align-right\" data-align=\"right\">13.0 g&nbsp;<\/td><\/tr><tr><td>Vl\u00e1knina<\/td><td class=\"has-text-align-right\" data-align=\"right\">11.0 g&nbsp;<\/td><\/tr><tr><td>Bielkoviny<\/td><td class=\"has-text-align-right\" data-align=\"right\">12.0 g&nbsp;<\/td><\/tr><tr><td>So\u013e<\/td><td class=\"has-text-align-right\" data-align=\"right\">0.01 g<\/td><\/tr><\/tbody><\/table><\/figure>","protected":false},"excerpt":{"rendered":"<p>Naozaj chutn\u00e1 a nabit\u00e1 <strong>fitness zmes<\/strong>, ktor\u00e1 vznikla v spolupr\u00e1ci s fitness tr\u00e9nermi. Je zostaven\u00e1 v optim\u00e1lnom pomere \u017eiv\u00edn pod\u013ea z\u00f3novej di\u00e9ty bielkoviny:tuky:sacharidy &#8211; 20:20:60. (Pri kombin\u00e1cii napr. 30 g m\u00fcsli a 300 ml mlieka).Tak \u0161up do cvi\u010diek!<\/p>","protected":false},"featured_media":34210,"comment_status":"closed","ping_status":"closed","template":"","meta":[],"product_brand":[],"product_cat":[253,256],"product_tag":[],"giftcard-category":[],"class_list":{"0":"post-34209","1":"product","2":"type-product","3":"status-publish","4":"has-post-thumbnail","6":"product_cat-spajza","7":"product_cat-cerealie","9":"first","10":"instock","11":"taxable","12":"shipping-taxable","13":"purchasable","14":"product-type-simple"},"_links":{"self":[{"href":"https:\/\/zlatyrakytnik.sk\/hu\/wp-json\/wp\/v2\/product\/34209","targetHints":{"allow":["GET"]}}],"collection":[{"href":"https:\/\/zlatyrakytnik.sk\/hu\/wp-json\/wp\/v2\/product"}],"about":[{"href":"https:\/\/zlatyrakytnik.sk\/hu\/wp-json\/wp\/v2\/types\/product"}],"replies":[{"embeddable":true,"href":"https:\/\/zlatyrakytnik.sk\/hu\/wp-json\/wp\/v2\/comments?post=34209"}],"wp:featuredmedia":[{"embeddable":true,"href":"https:\/\/zlatyrakytnik.sk\/hu\/wp-json\/wp\/v2\/media\/34210"}],"wp:attachment":[{"href":"https:\/\/zlatyrakytnik.sk\/hu\/wp-json\/wp\/v2\/media?parent=34209"}],"wp:term":[{"taxonomy":"product_brand","embeddable":true,"href":"https:\/\/zlatyrakytnik.sk\/hu\/wp-json\/wp\/v2\/product_brand?post=34209"},{"taxonomy":"product_cat","embeddable":true,"href":"https:\/\/zlatyrakytnik.sk\/hu\/wp-json\/wp\/v2\/product_cat?post=34209"},{"taxonomy":"product_tag","embeddable":true,"href":"https:\/\/zlatyrakytnik.sk\/hu\/wp-json\/wp\/v2\/product_tag?post=34209"},{"taxonomy":"giftcard-category","embeddable":true,"href":"https:\/\/zlatyrakytnik.sk\/hu\/wp-json\/wp\/v2\/giftcard-category?post=34209"}],"curies":[{"name":"wp","href":"https:\/\/api.w.org\/{rel}","templated":true}]}}