{"id":34211,"date":"2025-05-06T14:42:04","date_gmt":"2025-05-06T12:42:04","guid":{"rendered":"https:\/\/zlatyrakytnik.sk\/?post_type=product&#038;p=34211"},"modified":"2026-01-26T15:25:40","modified_gmt":"2026-01-26T14:25:40","slug":"musli-low-carb-lesne-ovocie","status":"publish","type":"product","link":"https:\/\/zlatyrakytnik.sk\/hu\/termek\/musli-low-carb-lesne-ovocie\/","title":{"rendered":"M\u00fcsli low carb &#8211; Lesn\u00e9 ovocie"},"content":{"rendered":"<p>M\u00fcsli s lyofilizovan\u00fdm ovoc\u00edm a prote\u00ednov\u00fdmi chrumkami<\/p><p><em>s\u00f3jov\u00e9<\/em>&nbsp;vlo\u010dky 37 %, jadr\u00e1&nbsp;<em>pekanov\u00fdch<\/em>&nbsp;orechov 20 %, tekvicov\u00e9 semen\u00e1 10 %, \u013eanov\u00e9 semen\u00e1 10 %, slne\u010dnicov\u00e9 semen\u00e1 10 %,&nbsp;<em>srv\u00e1tkov\u00e9<\/em>&nbsp;crispies 5 %, lyofilizovan\u00e9 \u010derven\u00e9 r\u00edbezle 3 %, lyofilizovan\u00e9 \u010dierne r\u00edbezle 3 %, lyofilizovan\u00e9 maliny 2 %<\/p><p>M\u00f4\u017ee obsahova\u0165 stopy lepku, in\u00fdch \u0161krupinov\u00fdch plodov, sezamu a ara\u0161idov. M\u00f4\u017ee obsahova\u0165 \u010dasti \u0161krup\u00edn.<\/p><figure class=\"wp-block-table\"><table class=\"has-fixed-layout\"><thead><tr><td><\/td><td class=\"has-text-align-right\" data-align=\"right\">100 g<\/td><\/tr><\/thead><tbody><tr><td>Energia<\/td><td class=\"has-text-align-right\" data-align=\"right\">2060 kJ \/<br>492 kcal&nbsp;<\/td><\/tr><tr><td>Tuky<\/td><td class=\"has-text-align-right\" data-align=\"right\">37.0 g&nbsp;<\/td><\/tr><tr><td>z toho nas\u00fdten\u00e9 mastn\u00e9 kyseliny<\/td><td class=\"has-text-align-right\" data-align=\"right\">3.8 g&nbsp;<\/td><\/tr><tr><td>Sacharidy<\/td><td class=\"has-text-align-right\" data-align=\"right\">10.0 g&nbsp;<\/td><\/tr><tr><td>z toho cukry<\/td><td class=\"has-text-align-right\" data-align=\"right\">5.1 g&nbsp;<\/td><\/tr><tr><td>Vl\u00e1knina<\/td><td class=\"has-text-align-right\" data-align=\"right\">15.0 g&nbsp;<\/td><\/tr><tr><td>Bielkoviny<\/td><td class=\"has-text-align-right\" data-align=\"right\">28.0 g&nbsp;<\/td><\/tr><tr><td>So\u013e<\/td><td class=\"has-text-align-right\" data-align=\"right\">0.03 g<\/td><\/tr><\/tbody><\/table><\/figure>","protected":false},"excerpt":{"rendered":"<p>H\u013eadali ste mix m\u00fcsli s minimom sacharidov a cukrov a z\u00e1rove\u0148 s v\u00fddatnou porciou bielkov\u00edn? Je tu prv\u00e9 &#8222;low carb&#8220; m\u00fcsli, ktor\u00e9 pon\u00fakne chu\u0165ov\u00fd koncert mrazom su\u0161en\u00e9ho ovocia s chrumkami bohat\u00fdmi na prote\u00edny, pekanov\u00fdmi orie\u0161kami a 3 druhmi semienok. Mix obsahuje len 10 % sacharidov a z toho len 5,1 % cukrov z \u010diernych a \u010derven\u00fdch r\u00edbezl\u00ed s malinami. 28 % bielkov\u00edn v kombin\u00e1cii rastlinnej a srv\u00e1tkovej zlo\u017eky uspokoj\u00ed nielen n\u00e1ro\u010dn\u00fdch \u0161portovcov. Nabite sa low carb energiou od Mixit.<\/p>","protected":false},"featured_media":34212,"comment_status":"closed","ping_status":"closed","template":"","meta":[],"product_brand":[],"product_cat":[253,256],"product_tag":[],"giftcard-category":[],"class_list":{"0":"post-34211","1":"product","2":"type-product","3":"status-publish","4":"has-post-thumbnail","6":"product_cat-spajza","7":"product_cat-cerealie","9":"first","10":"instock","11":"taxable","12":"shipping-taxable","13":"purchasable","14":"product-type-simple"},"_links":{"self":[{"href":"https:\/\/zlatyrakytnik.sk\/hu\/wp-json\/wp\/v2\/product\/34211","targetHints":{"allow":["GET"]}}],"collection":[{"href":"https:\/\/zlatyrakytnik.sk\/hu\/wp-json\/wp\/v2\/product"}],"about":[{"href":"https:\/\/zlatyrakytnik.sk\/hu\/wp-json\/wp\/v2\/types\/product"}],"replies":[{"embeddable":true,"href":"https:\/\/zlatyrakytnik.sk\/hu\/wp-json\/wp\/v2\/comments?post=34211"}],"wp:featuredmedia":[{"embeddable":true,"href":"https:\/\/zlatyrakytnik.sk\/hu\/wp-json\/wp\/v2\/media\/34212"}],"wp:attachment":[{"href":"https:\/\/zlatyrakytnik.sk\/hu\/wp-json\/wp\/v2\/media?parent=34211"}],"wp:term":[{"taxonomy":"product_brand","embeddable":true,"href":"https:\/\/zlatyrakytnik.sk\/hu\/wp-json\/wp\/v2\/product_brand?post=34211"},{"taxonomy":"product_cat","embeddable":true,"href":"https:\/\/zlatyrakytnik.sk\/hu\/wp-json\/wp\/v2\/product_cat?post=34211"},{"taxonomy":"product_tag","embeddable":true,"href":"https:\/\/zlatyrakytnik.sk\/hu\/wp-json\/wp\/v2\/product_tag?post=34211"},{"taxonomy":"giftcard-category","embeddable":true,"href":"https:\/\/zlatyrakytnik.sk\/hu\/wp-json\/wp\/v2\/giftcard-category?post=34211"}],"curies":[{"name":"wp","href":"https:\/\/api.w.org\/{rel}","templated":true}]}}