{"id":34213,"date":"2025-05-06T14:45:20","date_gmt":"2025-05-06T12:45:20","guid":{"rendered":"https:\/\/zlatyrakytnik.sk\/?post_type=product&#038;p=34213"},"modified":"2026-01-26T15:25:40","modified_gmt":"2026-01-26T14:25:40","slug":"ovocne-musli-bez-lepku","status":"publish","type":"product","link":"https:\/\/zlatyrakytnik.sk\/hu\/termek\/ovocne-musli-bez-lepku\/","title":{"rendered":"Ovocn\u00e9 m\u00fcsli bez lepku"},"content":{"rendered":"<p>M\u00fcsli s lyofilizovan\u00fdm ovoc\u00edm a orechmi<\/p><p>kukuri\u010dn\u00e9 lupienky 26 % (kukurica 94 %, cukor, jedl\u00e1 so\u013e), kakaov\u00e9 vank\u00fa\u0161iky 25 % (extrud\u00e1t (kukuri\u010dn\u00e1 m\u00faka, ry\u017eov\u00e1 m\u00faka, cukor, kakaov\u00fd pr\u00e1\u0161ok so zn\u00ed\u017een\u00fdm obsahom tuku,&nbsp;<em>lakt\u00f3za<\/em>, jedl\u00e1 so\u013e), n\u00e1pl\u0148 s \u010dokol\u00e1dovou pr\u00edchu\u0165ou 30 % (cukor, rastlinn\u00e9 tuky (olej z maslovn\u00edka), su\u0161en\u00e1&nbsp;<em>srv\u00e1tka<\/em>, kakaov\u00e1 hmota 5 %, kakaov\u00fd pr\u00e1\u0161ok so zn\u00ed\u017een\u00fdm obsahom tuku 4,6 %, zemiakov\u00fd \u0161krob, su\u0161en\u00e9 odstreden\u00e9&nbsp;<em>mlieko<\/em>, emulg\u00e1tor: slne\u010dnicov\u00fd lecit\u00edn; pr\u00edrodn\u00e1 vanilkov\u00e1 ar\u00f3ma)), poh\u00e1nkov\u00e9 lupienky 25 %, pl\u00e1tky jadier&nbsp;<em>mandl\u00ed<\/em>&nbsp;12 %, lyofilizovan\u00e9 jahody 3 %, lyofilizovan\u00e9 \u010dierne r\u00edbezle 3 %, lyofilizovan\u00e9 vi\u0161ne 3 %, lyofilizovan\u00e9 \u010derven\u00e9 r\u00edbezle 2 %, lyofilizovan\u00e9 maliny 1 %<\/p><p>M\u00f4\u017ee obsahova\u0165 stopy lepku, in\u00fdch \u0161krupinov\u00fdch plodov, ara\u0161idov, sezamu, s\u00f3je a \u010dasti \u0161krup\u00edn.<\/p><figure class=\"wp-block-table\"><table class=\"has-fixed-layout\"><thead><tr><td><\/td><td class=\"has-text-align-right\" data-align=\"right\">100 g<\/td><\/tr><\/thead><tbody><tr><td>Energia<\/td><td class=\"has-text-align-right\" data-align=\"right\">1671 kJ \/<br>399 kcal&nbsp;<\/td><\/tr><tr><td>Tuky<\/td><td class=\"has-text-align-right\" data-align=\"right\">10.0 g&nbsp;<\/td><\/tr><tr><td>z toho nas\u00fdten\u00e9 mastn\u00e9 kyseliny<\/td><td class=\"has-text-align-right\" data-align=\"right\">1.8 g&nbsp;<\/td><\/tr><tr><td>Sacharidy<\/td><td class=\"has-text-align-right\" data-align=\"right\">65.0 g&nbsp;<\/td><\/tr><tr><td>z toho cukry<\/td><td class=\"has-text-align-right\" data-align=\"right\">16.0 g&nbsp;<\/td><\/tr><tr><td>Vl\u00e1knina<\/td><td class=\"has-text-align-right\" data-align=\"right\">7.3 g&nbsp;<\/td><\/tr><tr><td>Bielkoviny<\/td><td class=\"has-text-align-right\" data-align=\"right\">9.7 g&nbsp;<\/td><\/tr><tr><td>So\u013e<\/td><td class=\"has-text-align-right\" data-align=\"right\">0.81 g<\/td><\/tr><\/tbody><\/table><\/figure>","protected":false},"excerpt":{"rendered":"<p>M\u00fcsli s lyofilizovan\u00fdm ovoc\u00edm a orechmi kukuri\u010dn\u00e9 lupienky 26 % (kukurica 94 %, cukor, jedl\u00e1 so\u013e), kakaov\u00e9 vank\u00fa\u0161iky 25 % (extrud\u00e1t (kukuri\u010dn\u00e1 m\u00faka, ry\u017eov\u00e1 m\u00faka, cukor, kakaov\u00fd pr\u00e1\u0161ok so zn\u00ed\u017een\u00fdm obsahom tuku,&nbsp;lakt\u00f3za, jedl\u00e1 so\u013e), n\u00e1pl\u0148 s \u010dokol\u00e1dovou pr\u00edchu\u0165ou 30 % (cukor, rastlinn\u00e9 tuky (olej z maslovn\u00edka), su\u0161en\u00e1&nbsp;srv\u00e1tka, kakaov\u00e1 hmota 5 %, kakaov\u00fd pr\u00e1\u0161ok so zn\u00ed\u017een\u00fdm [&hellip;]<\/p>","protected":false},"featured_media":34214,"comment_status":"closed","ping_status":"closed","template":"","meta":[],"product_brand":[],"product_cat":[253,256,276],"product_tag":[],"giftcard-category":[],"class_list":{"0":"post-34213","1":"product","2":"type-product","3":"status-publish","4":"has-post-thumbnail","6":"product_cat-spajza","7":"product_cat-cerealie","8":"product_cat-bez-lepku-alergenov","10":"first","11":"instock","12":"taxable","13":"shipping-taxable","14":"purchasable","15":"product-type-simple"},"_links":{"self":[{"href":"https:\/\/zlatyrakytnik.sk\/hu\/wp-json\/wp\/v2\/product\/34213","targetHints":{"allow":["GET"]}}],"collection":[{"href":"https:\/\/zlatyrakytnik.sk\/hu\/wp-json\/wp\/v2\/product"}],"about":[{"href":"https:\/\/zlatyrakytnik.sk\/hu\/wp-json\/wp\/v2\/types\/product"}],"replies":[{"embeddable":true,"href":"https:\/\/zlatyrakytnik.sk\/hu\/wp-json\/wp\/v2\/comments?post=34213"}],"wp:featuredmedia":[{"embeddable":true,"href":"https:\/\/zlatyrakytnik.sk\/hu\/wp-json\/wp\/v2\/media\/34214"}],"wp:attachment":[{"href":"https:\/\/zlatyrakytnik.sk\/hu\/wp-json\/wp\/v2\/media?parent=34213"}],"wp:term":[{"taxonomy":"product_brand","embeddable":true,"href":"https:\/\/zlatyrakytnik.sk\/hu\/wp-json\/wp\/v2\/product_brand?post=34213"},{"taxonomy":"product_cat","embeddable":true,"href":"https:\/\/zlatyrakytnik.sk\/hu\/wp-json\/wp\/v2\/product_cat?post=34213"},{"taxonomy":"product_tag","embeddable":true,"href":"https:\/\/zlatyrakytnik.sk\/hu\/wp-json\/wp\/v2\/product_tag?post=34213"},{"taxonomy":"giftcard-category","embeddable":true,"href":"https:\/\/zlatyrakytnik.sk\/hu\/wp-json\/wp\/v2\/giftcard-category?post=34213"}],"curies":[{"name":"wp","href":"https:\/\/api.w.org\/{rel}","templated":true}]}}