{"id":34215,"date":"2025-05-06T14:48:11","date_gmt":"2025-05-06T12:48:11","guid":{"rendered":"https:\/\/zlatyrakytnik.sk\/?post_type=product&#038;p=34215"},"modified":"2026-01-26T15:25:40","modified_gmt":"2026-01-26T14:25:40","slug":"musli-zdravo-detox","status":"publish","type":"product","link":"https:\/\/zlatyrakytnik.sk\/hu\/termek\/musli-zdravo-detox\/","title":{"rendered":"M\u00fcsli zdravo: Detox"},"content":{"rendered":"<p>M\u00fcsli so su\u0161en\u00fdm ovoc\u00edm, semenami a zelen\u00fdm drven\u00fdm \u010dajom<\/p><p><em>ovsen\u00e9<\/em>&nbsp;lupienky, ry\u017eov\u00e9 crispies (ry\u017ea),&nbsp;<em>ovsen\u00e9<\/em>&nbsp;vlo\u010dky, poh\u00e1nkov\u00e9 lupienky, su\u0161en\u00e1 marhu\u013ea 10 % (marhu\u013ea 97%, ry\u017eov\u00e1 m\u00faka 3 %), su\u0161en\u00fd mel\u00f3n \u017elt\u00fd 5 % (meloun cantaloupe 90,97 %, frukt\u00f3za 9 %, cantaloupe pr\u00edchu\u0165 0,03 %), semen\u00e1 chia 5 % (salvia hispanica), pufovan\u00e9 amarantov\u00e9 perli\u010dky, goji, tekvicov\u00e9 semen\u00e1 2 %, lyofilizovan\u00e9 \u010derven\u00e9 r\u00edbezle 1 %, zelen\u00fd drven\u00fd \u010daj 0,6 % (Matcha tea)<\/p><p>M\u00f4\u017ee obsahova\u0165 stopy lepku, mlieka, \u0161krupinov\u00fdch plodov, ara\u0161idov a s\u00f3je.<\/p><figure class=\"wp-block-table\"><table class=\"has-fixed-layout\"><thead><tr><td><\/td><td class=\"has-text-align-right\" data-align=\"right\">100 g<\/td><\/tr><\/thead><tbody><tr><td>Energia<\/td><td class=\"has-text-align-right\" data-align=\"right\">1533 kJ \/<br>366 kcal&nbsp;<\/td><\/tr><tr><td>Tuky<\/td><td class=\"has-text-align-right\" data-align=\"right\">6.1 g&nbsp;<\/td><\/tr><tr><td>z toho nas\u00fdten\u00e9 mastn\u00e9 kyseliny<\/td><td class=\"has-text-align-right\" data-align=\"right\">1.0 g&nbsp;<\/td><\/tr><tr><td>Sacharidy<\/td><td class=\"has-text-align-right\" data-align=\"right\">64.0 g&nbsp;<\/td><\/tr><tr><td>z toho cukry<\/td><td class=\"has-text-align-right\" data-align=\"right\">8.0 g&nbsp;<\/td><\/tr><tr><td>Vl\u00e1knina<\/td><td class=\"has-text-align-right\" data-align=\"right\">8.7 g&nbsp;<\/td><\/tr><tr><td>Bielkoviny<\/td><td class=\"has-text-align-right\" data-align=\"right\">12.0 g&nbsp;<\/td><\/tr><tr><td>So\u013e<\/td><td class=\"has-text-align-right\" data-align=\"right\">0.04 g<\/td><\/tr><\/tbody><\/table><\/figure>","protected":false},"excerpt":{"rendered":"<p>M\u00fcsli so su\u0161en\u00fdm ovoc\u00edm, semenami a zelen\u00fdm drven\u00fdm \u010dajom ovsen\u00e9&nbsp;lupienky, ry\u017eov\u00e9 crispies (ry\u017ea),&nbsp;ovsen\u00e9&nbsp;vlo\u010dky, poh\u00e1nkov\u00e9 lupienky, su\u0161en\u00e1 marhu\u013ea 10 % (marhu\u013ea 97%, ry\u017eov\u00e1 m\u00faka 3 %), su\u0161en\u00fd mel\u00f3n \u017elt\u00fd 5 % (meloun cantaloupe 90,97 %, frukt\u00f3za 9 %, cantaloupe pr\u00edchu\u0165 0,03 %), semen\u00e1 chia 5 % (salvia hispanica), pufovan\u00e9 amarantov\u00e9 perli\u010dky, goji, tekvicov\u00e9 semen\u00e1 2 %, [&hellip;]<\/p>","protected":false},"featured_media":34216,"comment_status":"closed","ping_status":"closed","template":"","meta":[],"product_brand":[],"product_cat":[253,256],"product_tag":[],"giftcard-category":[],"class_list":{"0":"post-34215","1":"product","2":"type-product","3":"status-publish","4":"has-post-thumbnail","6":"product_cat-spajza","7":"product_cat-cerealie","9":"first","10":"instock","11":"taxable","12":"shipping-taxable","13":"purchasable","14":"product-type-simple"},"_links":{"self":[{"href":"https:\/\/zlatyrakytnik.sk\/hu\/wp-json\/wp\/v2\/product\/34215","targetHints":{"allow":["GET"]}}],"collection":[{"href":"https:\/\/zlatyrakytnik.sk\/hu\/wp-json\/wp\/v2\/product"}],"about":[{"href":"https:\/\/zlatyrakytnik.sk\/hu\/wp-json\/wp\/v2\/types\/product"}],"replies":[{"embeddable":true,"href":"https:\/\/zlatyrakytnik.sk\/hu\/wp-json\/wp\/v2\/comments?post=34215"}],"wp:featuredmedia":[{"embeddable":true,"href":"https:\/\/zlatyrakytnik.sk\/hu\/wp-json\/wp\/v2\/media\/34216"}],"wp:attachment":[{"href":"https:\/\/zlatyrakytnik.sk\/hu\/wp-json\/wp\/v2\/media?parent=34215"}],"wp:term":[{"taxonomy":"product_brand","embeddable":true,"href":"https:\/\/zlatyrakytnik.sk\/hu\/wp-json\/wp\/v2\/product_brand?post=34215"},{"taxonomy":"product_cat","embeddable":true,"href":"https:\/\/zlatyrakytnik.sk\/hu\/wp-json\/wp\/v2\/product_cat?post=34215"},{"taxonomy":"product_tag","embeddable":true,"href":"https:\/\/zlatyrakytnik.sk\/hu\/wp-json\/wp\/v2\/product_tag?post=34215"},{"taxonomy":"giftcard-category","embeddable":true,"href":"https:\/\/zlatyrakytnik.sk\/hu\/wp-json\/wp\/v2\/giftcard-category?post=34215"}],"curies":[{"name":"wp","href":"https:\/\/api.w.org\/{rel}","templated":true}]}}