{"id":34217,"date":"2025-05-06T14:54:08","date_gmt":"2025-05-06T12:54:08","guid":{"rendered":"https:\/\/zlatyrakytnik.sk\/?post_type=product&#038;p=34217"},"modified":"2026-01-26T15:25:40","modified_gmt":"2026-01-26T14:25:40","slug":"datlovy-sirup-bio-250g-ravita","status":"publish","type":"product","link":"https:\/\/zlatyrakytnik.sk\/hu\/termek\/datlovy-sirup-bio-250g-ravita\/","title":{"rendered":"Dat\u013eov\u00fd sirup BIO 250g Ravita"},"content":{"rendered":"<p><strong>Skladovanie<\/strong>: skladujte na suchom mieste a&nbsp;chr\u00e1\u0148te pred priamym slne\u010dn\u00fdm \u017eiaren\u00edm.<\/p><p><strong>V\u00fd\u017eivov\u00e9 \u00fadaje na 100g v\u00fdrobku:<\/strong>&nbsp;energia 1133kJ\/271kcal; tuky 0,1g z&nbsp;toho nas\u00fdten\u00e9 mastn\u00e9 kyseliny 0,1g; sacharidy 66g z&nbsp;toho cukry 64g; bielkoviny 1,4g; so\u013e 0,2g.<\/p><p><strong>Krajina p\u00f4vodu datl\u00ed:<\/strong>&nbsp;Tunisko<\/p><p><strong>Hmotnos\u0165:<\/strong>&nbsp;250 ml \/ 345 g<\/p>","protected":false},"excerpt":{"rendered":"<p>Dat\u013eov\u00fd sirup sa vyr\u00e1ba z datl\u00ed. M\u00e1 v\u00fdrazn\u00fa karamelovo &#8211; medov\u00fa chu\u0165 a hod\u00ed sa do teplej, aj do studenej kuchyne. Vhodn\u00fd je do ka\u0161\u00ed, palaciniek, vlo\u010diek, jogurtov, tvarohu a pod.<\/p>","protected":false},"featured_media":34218,"comment_status":"closed","ping_status":"closed","template":"","meta":[],"product_brand":[],"product_cat":[264],"product_tag":[],"giftcard-category":[],"class_list":{"0":"post-34217","1":"product","2":"type-product","3":"status-publish","4":"has-post-thumbnail","6":"product_cat-prirodne-sladidla","8":"first","9":"instock","10":"taxable","11":"shipping-taxable","12":"purchasable","13":"product-type-simple"},"_links":{"self":[{"href":"https:\/\/zlatyrakytnik.sk\/hu\/wp-json\/wp\/v2\/product\/34217","targetHints":{"allow":["GET"]}}],"collection":[{"href":"https:\/\/zlatyrakytnik.sk\/hu\/wp-json\/wp\/v2\/product"}],"about":[{"href":"https:\/\/zlatyrakytnik.sk\/hu\/wp-json\/wp\/v2\/types\/product"}],"replies":[{"embeddable":true,"href":"https:\/\/zlatyrakytnik.sk\/hu\/wp-json\/wp\/v2\/comments?post=34217"}],"wp:featuredmedia":[{"embeddable":true,"href":"https:\/\/zlatyrakytnik.sk\/hu\/wp-json\/wp\/v2\/media\/34218"}],"wp:attachment":[{"href":"https:\/\/zlatyrakytnik.sk\/hu\/wp-json\/wp\/v2\/media?parent=34217"}],"wp:term":[{"taxonomy":"product_brand","embeddable":true,"href":"https:\/\/zlatyrakytnik.sk\/hu\/wp-json\/wp\/v2\/product_brand?post=34217"},{"taxonomy":"product_cat","embeddable":true,"href":"https:\/\/zlatyrakytnik.sk\/hu\/wp-json\/wp\/v2\/product_cat?post=34217"},{"taxonomy":"product_tag","embeddable":true,"href":"https:\/\/zlatyrakytnik.sk\/hu\/wp-json\/wp\/v2\/product_tag?post=34217"},{"taxonomy":"giftcard-category","embeddable":true,"href":"https:\/\/zlatyrakytnik.sk\/hu\/wp-json\/wp\/v2\/giftcard-category?post=34217"}],"curies":[{"name":"wp","href":"https:\/\/api.w.org\/{rel}","templated":true}]}}