{"id":34219,"date":"2025-05-06T14:56:49","date_gmt":"2025-05-06T12:56:49","guid":{"rendered":"https:\/\/zlatyrakytnik.sk\/?post_type=product&#038;p=34219"},"modified":"2025-05-06T14:57:10","modified_gmt":"2025-05-06T12:57:10","slug":"kokosovy-cukor-250g-natur-farm","status":"publish","type":"product","link":"https:\/\/zlatyrakytnik.sk\/hu\/termek\/kokosovy-cukor-250g-natur-farm\/","title":{"rendered":"Kokosov\u00fd cukor 250g Natur farm"},"content":{"rendered":"<p>Zlo\u017eenie:\u00a0kokosov\u00fd cukor 100%<\/p><p>Skladovanie:\u00a0skladujte na suchom mieste mimo dosah slne\u010dn\u00e9ho \u017eiarenia. Po otvoren\u00ed skladova\u0165 pri izbovej teplote a\u00a0na suchom mieste.<\/p><figure class=\"wp-block-table\"><table class=\"has-fixed-layout\"><tbody><tr><th class=\"has-text-align-left\" data-align=\"left\" colspan=\"2\">V\u00fd\u017eivov\u00e9 hodnoty na 100 g<\/th><\/tr><tr><td class=\"has-text-align-left\" data-align=\"left\">Energia<\/td><td class=\"has-text-align-right\" data-align=\"right\">1554 kJ \/ 370 kcal<\/td><\/tr><tr><td class=\"has-text-align-left\" data-align=\"left\">Tuky<\/td><td class=\"has-text-align-right\" data-align=\"right\">0 g<\/td><\/tr><tr><td class=\"has-text-align-left\" data-align=\"left\">z toho nas\u00fdt. mast. kysel.<\/td><td class=\"has-text-align-right\" data-align=\"right\">0 g<\/td><\/tr><tr><td class=\"has-text-align-left\" data-align=\"left\">Sacharidy<\/td><td class=\"has-text-align-right\" data-align=\"right\">92 g<\/td><\/tr><tr><td class=\"has-text-align-left\" data-align=\"left\">z toho cukry<\/td><td class=\"has-text-align-right\" data-align=\"right\">91 g<\/td><\/tr><tr><td class=\"has-text-align-left\" data-align=\"left\">Vl\u00e1knina<\/td><td class=\"has-text-align-right\" data-align=\"right\">0 g<\/td><\/tr><tr><td class=\"has-text-align-left\" data-align=\"left\">Bielkoviny<\/td><td class=\"has-text-align-right\" data-align=\"right\">1 g<\/td><\/tr><tr><td class=\"has-text-align-left\" data-align=\"left\">So\u013e<\/td><td class=\"has-text-align-right\" data-align=\"right\">0 g<\/td><\/tr><\/tbody><\/table><\/figure>","protected":false},"excerpt":{"rendered":"<p>Zlo\u017eenie:\u00a0kokosov\u00fd cukor 100% Skladovanie:\u00a0skladujte na suchom mieste mimo dosah slne\u010dn\u00e9ho \u017eiarenia. Po otvoren\u00ed skladova\u0165 pri izbovej teplote a\u00a0na suchom mieste. V\u00fd\u017eivov\u00e9 hodnoty na 100 g Energia 1554 kJ \/ 370 kcal Tuky 0 g z toho nas\u00fdt. mast. kysel. 0 g Sacharidy 92 g z toho cukry 91 g Vl\u00e1knina 0 g Bielkoviny 1 g [&hellip;]<\/p>","protected":false},"featured_media":34220,"comment_status":"closed","ping_status":"closed","template":"","meta":[],"product_brand":[],"product_cat":[264],"product_tag":[],"giftcard-category":[],"class_list":{"0":"post-34219","1":"product","2":"type-product","3":"status-publish","4":"has-post-thumbnail","6":"product_cat-prirodne-sladidla","8":"first","9":"instock","10":"taxable","11":"shipping-taxable","12":"purchasable","13":"product-type-simple"},"_links":{"self":[{"href":"https:\/\/zlatyrakytnik.sk\/hu\/wp-json\/wp\/v2\/product\/34219","targetHints":{"allow":["GET"]}}],"collection":[{"href":"https:\/\/zlatyrakytnik.sk\/hu\/wp-json\/wp\/v2\/product"}],"about":[{"href":"https:\/\/zlatyrakytnik.sk\/hu\/wp-json\/wp\/v2\/types\/product"}],"replies":[{"embeddable":true,"href":"https:\/\/zlatyrakytnik.sk\/hu\/wp-json\/wp\/v2\/comments?post=34219"}],"wp:featuredmedia":[{"embeddable":true,"href":"https:\/\/zlatyrakytnik.sk\/hu\/wp-json\/wp\/v2\/media\/34220"}],"wp:attachment":[{"href":"https:\/\/zlatyrakytnik.sk\/hu\/wp-json\/wp\/v2\/media?parent=34219"}],"wp:term":[{"taxonomy":"product_brand","embeddable":true,"href":"https:\/\/zlatyrakytnik.sk\/hu\/wp-json\/wp\/v2\/product_brand?post=34219"},{"taxonomy":"product_cat","embeddable":true,"href":"https:\/\/zlatyrakytnik.sk\/hu\/wp-json\/wp\/v2\/product_cat?post=34219"},{"taxonomy":"product_tag","embeddable":true,"href":"https:\/\/zlatyrakytnik.sk\/hu\/wp-json\/wp\/v2\/product_tag?post=34219"},{"taxonomy":"giftcard-category","embeddable":true,"href":"https:\/\/zlatyrakytnik.sk\/hu\/wp-json\/wp\/v2\/giftcard-category?post=34219"}],"curies":[{"name":"wp","href":"https:\/\/api.w.org\/{rel}","templated":true}]}}