{"id":34221,"date":"2025-05-06T15:03:49","date_gmt":"2025-05-06T13:03:49","guid":{"rendered":"https:\/\/zlatyrakytnik.sk\/?post_type=product&#038;p=34221"},"modified":"2026-03-30T19:29:41","modified_gmt":"2026-03-30T17:29:41","slug":"cakankove-sladenie-pre-deti-250-g","status":"publish","type":"product","link":"https:\/\/zlatyrakytnik.sk\/hu\/termek\/cakankove-sladenie-pre-deti-250-g\/","title":{"rendered":"\u010cakankov\u00e9 sladenie pre deti &#8211; 250 g"},"content":{"rendered":"<p><strong>\u010cakankov\u00e9 sladenie pre deti 4Slim<\/strong>&nbsp;je novinkou na trhu sladidiel. Jedn\u00e1 sa o&nbsp;<strong>Low Carb sladidlo<\/strong>&nbsp;novej gener\u00e1cie vyroben\u00e9 unik\u00e1tnou patentovanou met\u00f3dou&nbsp;<strong>z kore\u0148a \u010dakanky<\/strong>. Vynik\u00e1 mimoriadne vysok\u00fdm obsahom prospe\u0161nej vl\u00e1kniny a glykemick\u00fdm indexom men\u0161\u00edm ako 5.<\/p><ul class=\"wp-block-list\"><li>\u010cakankov\u00e9 sladenie obsahuje len 5% sacharidov, \u010do je 10-15x menej ako obsahuje ag\u00e1vov\u00fd sirup a javorov\u00fd sirup.<\/li>\n\n<li>Sladidlo je mo\u017en\u00e9 pou\u017ei\u0165 nielen na sladenie tepl\u00fdch a studen\u00fdch n\u00e1pojov, dezertov, su\u0161ienok, pi\u0161k\u00f3t, zmrzl\u00edn, palaciniek a jogurtov. Je vhodn\u00e9 aj do teplej kuchyne na pe\u010denie v\u0161etk\u00fdch typov sladk\u00e9ho pe\u010diva a b\u00e1boviek.<\/li>\n\n<li>A je tu e\u0161te jedna \u00faplne unik\u00e1tna vlastnos\u0165. Sladenie je schopn\u00e9 \u010diasto\u010dne nahradi\u0165 aj pokrmov\u00fd tuk!<\/li>\n\n<li>Sladivos\u0165 produktu je 40% sladivosti medu, pri n\u00e1hrade tuku v potravin\u00e1ch nahr\u00e1dza 1 g sirupu zhruba 4 g tuku.<\/li><\/ul><p><strong>Obsahuje a\u017e o 95% menej cukru a 45% menej kal\u00f3ri\u00ed v porovnan\u00ed s in\u00fdmi pr\u00edrodn\u00fdmi sladidlami<\/strong>&nbsp;(med, javorov\u00fd sirup, ag\u00e1vov\u00fd sirup,\u2026), preto je ve\u013emi vhodn\u00e9 na pou\u017eitie pri reduk\u010dnej di\u00e9te. Pokrmy pripraven\u00e9 s pou\u017eit\u00edm \u010dakankov\u00e9ho sladenia vykazuj\u00fa v\u00fdrazne ni\u017e\u0161iu energetick\u00fa hodnotu v porovnan\u00ed s potravinami obsahuj\u00facimi cukor.<\/p><p>Jedin\u00fdm rozdielom oproti \u010cakankov\u00e9mu Origin\u00e1lu je, \u017ee neobsahuje ani stopu sukral\u00f3zy. M\u00e1 teda pocitovo o nie\u010do ni\u017e\u0161iu sladivos\u0165 ako Origin\u00e1l, ale st\u00e1le je \u010cakankov\u00e9 sladenie pre deti dostato\u010dne sladk\u00e9. Cie\u013eom je nezvyka\u0165 deti pr\u00edli\u0161 na cukor a sladkosti.<\/p><p><strong>Bez lepku, bez lakt\u00f3zy, bez konzerva\u010dn\u00fdch l\u00e1tok, bez soli, bez alerg\u00e9nov, s vysok\u00fdm obsahom vl\u00e1kniny, so zn\u00ed\u017eenou energetickou hodnotou, pre vegetari\u00e1nov aj veg\u00e1nov, bez pr\u00eddavku cukru.<\/strong>&nbsp;Osahuje prirodzene sa vyskytuj\u00face cukry.<\/p><p>Stolov\u00e9 sladidlo na b\u00e1ze extraktu z \u010dakanky.<\/p><p><strong>Odpor\u00fa\u010dan\u00e9 d\u00e1vkovanie:<\/strong><\/p><ul class=\"wp-block-list\"><li>5-10 g denne<\/li>\n\n<li>Pri nadmernom u\u017eit\u00ed sa m\u00f4\u017eu vyskytn\u00fa\u0165 mierne nad\u00favav\u00e9 \u00fa\u010dinky<\/li>\n\n<li>Vhodn\u00e9 pre deti od 3 rokov<\/li><\/ul><p><strong>V\u00fd\u017eivov\u00e9 \u00fadaje na 100g:<\/strong><\/p><figure class=\"wp-block-table\"><table class=\"has-fixed-layout\"><tbody><tr><td>Energetick\u00e1 hodnota:<\/td><td class=\"has-text-align-right\" data-align=\"right\">650 kJ\/161 kcal<\/td><\/tr><tr><td>\u00a0Tuky:<\/td><td class=\"has-text-align-right\" data-align=\"right\">\u00a00 g<\/td><\/tr><tr><td>\u00a0&#8211; z toho nasyten\u00e9 mastn\u00e9 kyseliny:<\/td><td class=\"has-text-align-right\" data-align=\"right\">\u00a00 g<\/td><\/tr><tr><td>\u00a0Sacharidy:<\/td><td class=\"has-text-align-right\" data-align=\"right\">\u00a04,7 g<\/td><\/tr><tr><td>\u00a0&#8211; z toho cukry:<\/td><td class=\"has-text-align-right\" data-align=\"right\">\u00a04,7 g<\/td><\/tr><tr><td>Vl\u00e1knina:<\/td><td class=\"has-text-align-right\" data-align=\"right\">71,3 g<\/td><\/tr><tr><td>Bielkoviny:<\/td><td class=\"has-text-align-right\" data-align=\"right\">0 g<\/td><\/tr><tr><td><strong>So\u013e:<\/strong><\/td><td class=\"has-text-align-right\" data-align=\"right\">0 g<\/td><\/tr><\/tbody><\/table><\/figure><p><strong>Zlo\u017eenie:<\/strong>&nbsp;extrakt z kore\u0148a \u010dakanky (min. 99,95%), karamel 0,05%<\/p><p>Uchov\u00e1vajte v tme a chlade.<\/p>","protected":false},"excerpt":{"rendered":"<p>\u010cakankov\u00e9 sladenie pre deti 4Slim&nbsp;je novinkou na trhu sladidiel. Jedn\u00e1 sa o&nbsp;Low Carb sladidlo&nbsp;novej gener\u00e1cie vyroben\u00e9 unik\u00e1tnou patentovanou met\u00f3dou&nbsp;z kore\u0148a \u010dakanky. Vynik\u00e1 mimoriadne vysok\u00fdm obsahom prospe\u0161nej vl\u00e1kniny a glykemick\u00fdm indexom men\u0161\u00edm ako 5. Obsahuje a\u017e o 95% menej cukru a 45% menej kal\u00f3ri\u00ed v porovnan\u00ed s in\u00fdmi pr\u00edrodn\u00fdmi sladidlami&nbsp;(med, javorov\u00fd sirup, ag\u00e1vov\u00fd sirup,\u2026), preto je [&hellip;]<\/p>","protected":false},"featured_media":34222,"comment_status":"closed","ping_status":"closed","template":"","meta":[],"product_brand":[],"product_cat":[264,263],"product_tag":[],"giftcard-category":[],"class_list":{"0":"post-34221","1":"product","2":"type-product","3":"status-publish","4":"has-post-thumbnail","6":"product_cat-prirodne-sladidla","7":"product_cat-pre-deti","9":"first","10":"outofstock","11":"taxable","12":"shipping-taxable","13":"purchasable","14":"product-type-simple"},"_links":{"self":[{"href":"https:\/\/zlatyrakytnik.sk\/hu\/wp-json\/wp\/v2\/product\/34221","targetHints":{"allow":["GET"]}}],"collection":[{"href":"https:\/\/zlatyrakytnik.sk\/hu\/wp-json\/wp\/v2\/product"}],"about":[{"href":"https:\/\/zlatyrakytnik.sk\/hu\/wp-json\/wp\/v2\/types\/product"}],"replies":[{"embeddable":true,"href":"https:\/\/zlatyrakytnik.sk\/hu\/wp-json\/wp\/v2\/comments?post=34221"}],"wp:featuredmedia":[{"embeddable":true,"href":"https:\/\/zlatyrakytnik.sk\/hu\/wp-json\/wp\/v2\/media\/34222"}],"wp:attachment":[{"href":"https:\/\/zlatyrakytnik.sk\/hu\/wp-json\/wp\/v2\/media?parent=34221"}],"wp:term":[{"taxonomy":"product_brand","embeddable":true,"href":"https:\/\/zlatyrakytnik.sk\/hu\/wp-json\/wp\/v2\/product_brand?post=34221"},{"taxonomy":"product_cat","embeddable":true,"href":"https:\/\/zlatyrakytnik.sk\/hu\/wp-json\/wp\/v2\/product_cat?post=34221"},{"taxonomy":"product_tag","embeddable":true,"href":"https:\/\/zlatyrakytnik.sk\/hu\/wp-json\/wp\/v2\/product_tag?post=34221"},{"taxonomy":"giftcard-category","embeddable":true,"href":"https:\/\/zlatyrakytnik.sk\/hu\/wp-json\/wp\/v2\/giftcard-category?post=34221"}],"curies":[{"name":"wp","href":"https:\/\/api.w.org\/{rel}","templated":true}]}}