{"id":34223,"date":"2025-05-06T15:06:56","date_gmt":"2025-05-06T13:06:56","guid":{"rendered":"https:\/\/zlatyrakytnik.sk\/?post_type=product&#038;p=34223"},"modified":"2026-01-26T15:25:40","modified_gmt":"2026-01-26T14:25:40","slug":"health-link-melasa-trstinova-blackstrap-bio-360-ml","status":"publish","type":"product","link":"https:\/\/zlatyrakytnik.sk\/hu\/termek\/health-link-melasa-trstinova-blackstrap-bio-360-ml\/","title":{"rendered":"HEALTH LINK Melasa trstinov\u00e1 Blackstrap BIO 360 ml"},"content":{"rendered":"<p>Po vylisovan\u00ed cukrovej trstiny sa&nbsp;<strong>z\u00edska surov\u00e1 trstinov\u00e1 \u0161\u0165avu alebo melasa<\/strong>&nbsp;z ktorej sa extrahuje cukor. Po ka\u017edej extrakcii sa&nbsp;<strong>podiel cukru v melase zni\u017euje<\/strong>.<\/p><h3 class=\"wp-block-heading\">V\u00fdhody v\u00fdrobku<\/h3><ul class=\"wp-block-list\"><li>Pr\u00edrodn\u00e9\u00a0<strong>nerafinovan\u00e9 sladidlo<\/strong>.<\/li>\n\n<li><strong>Neobsahuje farbiv\u00e1, konzerva\u010dn\u00e9 l\u00e1tky<\/strong>\u00a0ani in\u00e9 chemick\u00e9\u00a0<strong>syntetick\u00e9 l\u00e1tky<\/strong>.<\/li>\n\n<li>M\u00e1\u00a0<strong>jemne sladk\u00fa<\/strong>\u00a0ovocn\u00fa\u00a0<strong>pr\u00edchu\u0165<\/strong>.<\/li><\/ul><h3 class=\"wp-block-heading\">Zlo\u017eenie v\u00fdrobku<\/h3><ul class=\"wp-block-list\"><li>100% BIO trstinov\u00e1 melasa.<\/li>\n\n<li><strong>V\u00fd\u017eivov\u00e9 hodnoty na 100 g<\/strong>: Energetick\u00e1 hodnota 956 kJ \/ 229 kcal, tuky 0 g z toho nas\u00fdten\u00e9 mastn\u00e9 kyseliny 0 g, Sacharidy 59 g z toho cukry 42 g, Bielkoviny 0 g, So\u013e 0 g.<\/li>\n\n<li><strong>Miner\u00e1lne prvky v 100 g<\/strong>: Me\u010f 2 mg (200 %*), Mang\u00e1n 2,57 mg (128 %*), V\u00e1pnik 839,5 mg (105 %*), Drasl\u00edk 2432,64 mg (122 %*), \u017delezo 17,07 mg (122 %*). *RHP &#8211; Referen\u010dn\u00e1 hodnota pr\u00edjmu.<\/li><\/ul><h3 class=\"wp-block-heading\">Odpor\u00fa\u010dan\u00e9 pou\u017eitie<\/h3><p>Najvhodnej\u0161ie je trstinov\u00fa melasu rozpusti\u0165 v poh\u00e1ri vody pr\u00edpadne&nbsp;k\u00e1vy, \u010daju. Dostanete pr\u00edjemn\u00fd n\u00e1poj s jemne sladkou ovocnou pr\u00edchu\u0165ou. Pr\u00edpadne je mo\u017en\u00e9 melasu konzumova\u0165 priamo a potom zapi\u0165. Je tie\u017e vhodn\u00e1 ako pr\u00edsada do su\u0161ienok, chleba, r\u00f4znych om\u00e1\u010dok a marin\u00e1d.<\/p><h3 class=\"wp-block-heading\">D\u00f4le\u017eit\u00e9 upozornenie<\/h3><p>Skladujte v suchu a tme pri teplote do 25\u00b0C v uzavretom obale. Spotrebujte do d\u00e1tumu uveden\u00e9ho na obale.<\/p><h3 class=\"wp-block-heading\">Mno\u017estvo v balen\u00ed<\/h3><p>Balenie obsahuje 360 \u200b\u200bml &#8211; hmotnos\u0165 504 g.<\/p>","protected":false},"excerpt":{"rendered":"<p>Po vylisovan\u00ed cukrovej trstiny sa&nbsp;z\u00edska surov\u00e1 trstinov\u00e1 \u0161\u0165avu alebo melasa&nbsp;z ktorej sa extrahuje cukor. Po ka\u017edej extrakcii sa&nbsp;podiel cukru v melase zni\u017euje. V\u00fdhody v\u00fdrobku Zlo\u017eenie v\u00fdrobku Odpor\u00fa\u010dan\u00e9 pou\u017eitie Najvhodnej\u0161ie je trstinov\u00fa melasu rozpusti\u0165 v poh\u00e1ri vody pr\u00edpadne&nbsp;k\u00e1vy, \u010daju. Dostanete pr\u00edjemn\u00fd n\u00e1poj s jemne sladkou ovocnou pr\u00edchu\u0165ou. Pr\u00edpadne je mo\u017en\u00e9 melasu konzumova\u0165 priamo a potom zapi\u0165. [&hellip;]<\/p>","protected":false},"featured_media":34224,"comment_status":"closed","ping_status":"closed","template":"","meta":[],"product_brand":[],"product_cat":[264],"product_tag":[],"giftcard-category":[],"class_list":{"0":"post-34223","1":"product","2":"type-product","3":"status-publish","4":"has-post-thumbnail","6":"product_cat-prirodne-sladidla","8":"first","9":"instock","10":"taxable","11":"shipping-taxable","12":"purchasable","13":"product-type-simple"},"_links":{"self":[{"href":"https:\/\/zlatyrakytnik.sk\/hu\/wp-json\/wp\/v2\/product\/34223","targetHints":{"allow":["GET"]}}],"collection":[{"href":"https:\/\/zlatyrakytnik.sk\/hu\/wp-json\/wp\/v2\/product"}],"about":[{"href":"https:\/\/zlatyrakytnik.sk\/hu\/wp-json\/wp\/v2\/types\/product"}],"replies":[{"embeddable":true,"href":"https:\/\/zlatyrakytnik.sk\/hu\/wp-json\/wp\/v2\/comments?post=34223"}],"wp:featuredmedia":[{"embeddable":true,"href":"https:\/\/zlatyrakytnik.sk\/hu\/wp-json\/wp\/v2\/media\/34224"}],"wp:attachment":[{"href":"https:\/\/zlatyrakytnik.sk\/hu\/wp-json\/wp\/v2\/media?parent=34223"}],"wp:term":[{"taxonomy":"product_brand","embeddable":true,"href":"https:\/\/zlatyrakytnik.sk\/hu\/wp-json\/wp\/v2\/product_brand?post=34223"},{"taxonomy":"product_cat","embeddable":true,"href":"https:\/\/zlatyrakytnik.sk\/hu\/wp-json\/wp\/v2\/product_cat?post=34223"},{"taxonomy":"product_tag","embeddable":true,"href":"https:\/\/zlatyrakytnik.sk\/hu\/wp-json\/wp\/v2\/product_tag?post=34223"},{"taxonomy":"giftcard-category","embeddable":true,"href":"https:\/\/zlatyrakytnik.sk\/hu\/wp-json\/wp\/v2\/giftcard-category?post=34223"}],"curies":[{"name":"wp","href":"https:\/\/api.w.org\/{rel}","templated":true}]}}