{"id":34225,"date":"2025-05-06T15:47:45","date_gmt":"2025-05-06T13:47:45","guid":{"rendered":"https:\/\/zlatyrakytnik.sk\/?post_type=product&#038;p=34225"},"modified":"2026-01-26T15:25:39","modified_gmt":"2026-01-26T14:25:39","slug":"musli-do-plaviek-400g-mixit","status":"publish","type":"product","link":"https:\/\/zlatyrakytnik.sk\/hu\/termek\/musli-do-plaviek-400g-mixit\/","title":{"rendered":"Musli do plaviek 400g Mixit"},"content":{"rendered":"<p>M\u00fcsli so su\u0161en\u00fdm ovoc\u00edm a orechami<\/p><p><em>ja\u010dmenn\u00e9<\/em>&nbsp;vlo\u010dky 15,5 %, kukuri\u010dn\u00e9 lupienky 14,5 % (kukuri\u010dn\u00e1 m\u00faka 87 %,&nbsp;<em>ja\u010dmenn\u00fd<\/em>sladov\u00fd extrakt, jedl\u00e1 so\u013e),&nbsp;<em>ovsen\u00e9<\/em>&nbsp;lupienky 14,5 %,&nbsp;<em>p\u0161eni\u010dn\u00e9<\/em>&nbsp;lupienky 14 %,&nbsp;<em>s\u00f3jov\u00e9<\/em>vlo\u010dky 14 %, pl\u00e1tky&nbsp;<em>mandl\u00ed<\/em>&nbsp;5,5 %, su\u0161en\u00e1 marhu\u013ea 5,5 % (marhu\u013ea 97 %, ry\u017eov\u00e1 m\u00faka 3 %), kokosov\u00e9 pl\u00e1tky 5,2 %, slne\u010dnicov\u00e9 semen\u00e1 5 %, pufovan\u00e9 amarantov\u00e9 perli\u010dky 2 %, lyofilizovan\u00e9 \u010dierne r\u00edbezle 1,6 %, lyofilizovan\u00e9 jahody 1,4 %, lyofilizovan\u00e9 maliny 1,3 %<\/p><p>M\u00f4\u017ee obsahova\u0165 stopy mlieka, in\u00fdch \u0161krupinov\u00fdch plodov, ara\u0161idov a sezamu. M\u00f4\u017ee obsahova\u0165 \u010dasti \u0161krup\u00edn.<\/p><figure class=\"wp-block-table\"><table class=\"has-fixed-layout\"><thead><tr><td><\/td><td class=\"has-text-align-right\" data-align=\"right\">100 g<\/td><\/tr><\/thead><tbody><tr><td>Energia<\/td><td class=\"has-text-align-right\" data-align=\"right\">1647 kJ \/<br>393 kcal&nbsp;<\/td><\/tr><tr><td>Tuky<\/td><td class=\"has-text-align-right\" data-align=\"right\">14.0 g&nbsp;<\/td><\/tr><tr><td>z toho nas\u00fdten\u00e9 mastn\u00e9 kyseliny<\/td><td class=\"has-text-align-right\" data-align=\"right\">4.2 g&nbsp;<\/td><\/tr><tr><td>Sacharidy<\/td><td class=\"has-text-align-right\" data-align=\"right\">51.0 g&nbsp;<\/td><\/tr><tr><td>z toho cukry<\/td><td class=\"has-text-align-right\" data-align=\"right\">6.8 g&nbsp;<\/td><\/tr><tr><td>Vl\u00e1knina<\/td><td class=\"has-text-align-right\" data-align=\"right\">13.0 g&nbsp;<\/td><\/tr><tr><td>Bielkoviny<\/td><td class=\"has-text-align-right\" data-align=\"right\">15.0 g&nbsp;<\/td><\/tr><tr><td>So\u013e<\/td><td class=\"has-text-align-right\" data-align=\"right\">0.3 g<\/td><\/tr><\/tbody><\/table><\/figure>","protected":false},"excerpt":{"rendered":"<p><strong>Vylep\u0161en\u00e1 recept\u00fara ob\u013e\u00faben\u00e9ho bestselleru so su\u0161en\u00fdmi marhu\u013eami!\u00a0<\/strong>Dosta\u0165 V\u00e1s sp\u00e4\u0165 do minuloro\u010dn\u00fdch plaviek pod\u013ea glykemick\u00e9ho indexu potrav\u00edn je jednoduch\u00e9, zvl\u00e1\u0161\u0165 so zmesou zostavenou na\u0161ou v\u00fd\u017eivovou poradky\u0148ou Janou Va\u0161\u00e1kovou. Tak sn\u00e1\u010f V\u00e1m nebud\u00fa pada\u0165!<\/p>\n<ul>\n<li>vhodn\u00e9 pre veg\u00e1nov<\/li>\n<li>bez pridan\u00e9ho cukru<\/li>\n<li>bez umel\u00fdch pr\u00edsad<\/li>\n<\/ul>\n<p>Chutilo V\u00e1m? Pode\u013ete sa o svoj n\u00e1zor v sekcii hodnotenia, ve\u013emi n\u00e1s pote\u0161\u00edte. Sp\u00e4tn\u00e1 v\u00e4zba n\u00e1m pom\u00e1ha dobroty st\u00e1le vylep\u0161ova\u0165 a ostatn\u00fdm z\u00e1kazn\u00edkom u\u013eah\u010duje rozhodovanie. \ud83d\ude42<\/p>","protected":false},"featured_media":34226,"comment_status":"closed","ping_status":"closed","template":"","meta":[],"product_brand":[],"product_cat":[253,256],"product_tag":[],"giftcard-category":[],"class_list":{"0":"post-34225","1":"product","2":"type-product","3":"status-publish","4":"has-post-thumbnail","6":"product_cat-spajza","7":"product_cat-cerealie","9":"first","10":"instock","11":"taxable","12":"shipping-taxable","13":"purchasable","14":"product-type-simple"},"_links":{"self":[{"href":"https:\/\/zlatyrakytnik.sk\/hu\/wp-json\/wp\/v2\/product\/34225","targetHints":{"allow":["GET"]}}],"collection":[{"href":"https:\/\/zlatyrakytnik.sk\/hu\/wp-json\/wp\/v2\/product"}],"about":[{"href":"https:\/\/zlatyrakytnik.sk\/hu\/wp-json\/wp\/v2\/types\/product"}],"replies":[{"embeddable":true,"href":"https:\/\/zlatyrakytnik.sk\/hu\/wp-json\/wp\/v2\/comments?post=34225"}],"wp:featuredmedia":[{"embeddable":true,"href":"https:\/\/zlatyrakytnik.sk\/hu\/wp-json\/wp\/v2\/media\/34226"}],"wp:attachment":[{"href":"https:\/\/zlatyrakytnik.sk\/hu\/wp-json\/wp\/v2\/media?parent=34225"}],"wp:term":[{"taxonomy":"product_brand","embeddable":true,"href":"https:\/\/zlatyrakytnik.sk\/hu\/wp-json\/wp\/v2\/product_brand?post=34225"},{"taxonomy":"product_cat","embeddable":true,"href":"https:\/\/zlatyrakytnik.sk\/hu\/wp-json\/wp\/v2\/product_cat?post=34225"},{"taxonomy":"product_tag","embeddable":true,"href":"https:\/\/zlatyrakytnik.sk\/hu\/wp-json\/wp\/v2\/product_tag?post=34225"},{"taxonomy":"giftcard-category","embeddable":true,"href":"https:\/\/zlatyrakytnik.sk\/hu\/wp-json\/wp\/v2\/giftcard-category?post=34225"}],"curies":[{"name":"wp","href":"https:\/\/api.w.org\/{rel}","templated":true}]}}