{"id":34227,"date":"2025-05-06T16:57:16","date_gmt":"2025-05-06T14:57:16","guid":{"rendered":"https:\/\/zlatyrakytnik.sk\/?post_type=product&#038;p=34227"},"modified":"2026-01-26T15:24:17","modified_gmt":"2026-01-26T14:24:17","slug":"cukriky-biobon","status":"publish","type":"product","link":"https:\/\/zlatyrakytnik.sk\/hu\/termek\/cukriky-biobon\/","title":{"rendered":"Cukr\u00edky Biobon"},"content":{"rendered":"<p>Tieto cukr\u00edky s\u00fa z prirodzene bezglut\u00e9nov\u00fdch (bezlepkov\u00fdch) surov\u00edn a m\u00f4\u017eu si na nich poma\u0161krti\u0165 aj celiatici.<br>S\u00fa zo skuto\u010dne kvalitn\u00fdch surov\u00edn, bez glut\u00e9nu (lepku) a bez tuku. BioBon s\u00fa gumenn\u00e9 cukr\u00edky z pr\u00edrodn\u00fdch surov\u00edn, bez zbyto\u010dnej ch\u00e9mie a konzerva\u010dn\u00fdch l\u00e1tok, \u010di umel\u00fdch ar\u00f3m.<\/p>","protected":false},"excerpt":{"rendered":"<p>Tieto cukr\u00edky s\u00fa z prirodzene bezglut\u00e9nov\u00fdch (bezlepkov\u00fdch) surov\u00edn a m\u00f4\u017eu si na nich poma\u0161krti\u0165 aj celiatici.S\u00fa zo skuto\u010dne kvalitn\u00fdch surov\u00edn, bez glut\u00e9nu (lepku) a bez tuku. BioBon s\u00fa gumenn\u00e9 cukr\u00edky z pr\u00edrodn\u00fdch surov\u00edn, bez zbyto\u010dnej ch\u00e9mie a konzerva\u010dn\u00fdch l\u00e1tok, \u010di umel\u00fdch ar\u00f3m.<\/p>","protected":false},"featured_media":34540,"comment_status":"closed","ping_status":"closed","template":"","meta":[],"product_brand":[],"product_cat":[263],"product_tag":[],"giftcard-category":[],"class_list":{"0":"post-34227","1":"product","2":"type-product","3":"status-publish","4":"has-post-thumbnail","6":"product_cat-pre-deti","8":"first","9":"instock","10":"taxable","11":"shipping-taxable","12":"purchasable","13":"product-type-variable"},"_links":{"self":[{"href":"https:\/\/zlatyrakytnik.sk\/hu\/wp-json\/wp\/v2\/product\/34227","targetHints":{"allow":["GET"]}}],"collection":[{"href":"https:\/\/zlatyrakytnik.sk\/hu\/wp-json\/wp\/v2\/product"}],"about":[{"href":"https:\/\/zlatyrakytnik.sk\/hu\/wp-json\/wp\/v2\/types\/product"}],"replies":[{"embeddable":true,"href":"https:\/\/zlatyrakytnik.sk\/hu\/wp-json\/wp\/v2\/comments?post=34227"}],"wp:featuredmedia":[{"embeddable":true,"href":"https:\/\/zlatyrakytnik.sk\/hu\/wp-json\/wp\/v2\/media\/34540"}],"wp:attachment":[{"href":"https:\/\/zlatyrakytnik.sk\/hu\/wp-json\/wp\/v2\/media?parent=34227"}],"wp:term":[{"taxonomy":"product_brand","embeddable":true,"href":"https:\/\/zlatyrakytnik.sk\/hu\/wp-json\/wp\/v2\/product_brand?post=34227"},{"taxonomy":"product_cat","embeddable":true,"href":"https:\/\/zlatyrakytnik.sk\/hu\/wp-json\/wp\/v2\/product_cat?post=34227"},{"taxonomy":"product_tag","embeddable":true,"href":"https:\/\/zlatyrakytnik.sk\/hu\/wp-json\/wp\/v2\/product_tag?post=34227"},{"taxonomy":"giftcard-category","embeddable":true,"href":"https:\/\/zlatyrakytnik.sk\/hu\/wp-json\/wp\/v2\/giftcard-category?post=34227"}],"curies":[{"name":"wp","href":"https:\/\/api.w.org\/{rel}","templated":true}]}}