{"id":34255,"date":"2025-05-07T09:05:37","date_gmt":"2025-05-07T07:05:37","guid":{"rendered":"https:\/\/zlatyrakytnik.sk\/?post_type=product&#038;p=34255"},"modified":"2026-04-03T08:47:49","modified_gmt":"2026-04-03T06:47:49","slug":"pomi-dvojity-koncentrat-200","status":"publish","type":"product","link":"https:\/\/zlatyrakytnik.sk\/hu\/termek\/pomi-dvojity-koncentrat-200\/","title":{"rendered":"POMI Dvojit\u00fd koncentr\u00e1t 200g"},"content":{"rendered":"<p><strong>POMI Dvojit\u00fd paradajkov\u00fd koncentr\u00e1t 200g \u2013 kvalitn\u00e9 talianske paradajky v praktickej tube<\/strong><\/p><p>POMI dvojit\u00fd paradajkov\u00fd koncentr\u00e1t v tube (200g) je hust\u00fd a intenz\u00edvny paradajkov\u00fd pretlak vyroben\u00fd z najkvalitnej\u0161\u00edch talianskych paradajok. V\u010faka dvojitej koncentr\u00e1cii pon\u00faka bohat\u0161iu chu\u0165 a ar\u00f3mu, ide\u00e1lnu na pr\u00edpravu om\u00e1\u010dok, polievok, pizze alebo cestov\u00edn. Praktick\u00e9 balenie v tube umo\u017e\u0148uje jednoduch\u00e9 d\u00e1vkovanie a dlh\u0161iu trvanlivos\u0165 po otvoren\u00ed.<\/p><p>\u2705 Bez pridan\u00e9ho cukru a konzervantov<br>\u2705 Vyroben\u00e9 zo 100 % \u010derstv\u00fdch paradajok<br>\u2705 Intenz\u00edvna chu\u0165 \u2013 ide\u00e1lne na varenie<br>\u2705 Vyroben\u00e9 v Taliansku<\/p><p>Objavte prav\u00fa chu\u0165 Stredomoria s POMI \u2013 ob\u013e\u00fabenou zna\u010dkou paradajkov\u00fdch v\u00fdrobkov!<\/p>","protected":false},"excerpt":{"rendered":"<p>POMI Dvojit\u00fd paradajkov\u00fd koncentr\u00e1t 200g \u2013 kvalitn\u00e9 talianske paradajky v praktickej tube POMI dvojit\u00fd paradajkov\u00fd koncentr\u00e1t v tube (200g) je hust\u00fd a intenz\u00edvny paradajkov\u00fd pretlak vyroben\u00fd z najkvalitnej\u0161\u00edch talianskych paradajok. V\u010faka dvojitej koncentr\u00e1cii pon\u00faka bohat\u0161iu chu\u0165 a ar\u00f3mu, ide\u00e1lnu na pr\u00edpravu om\u00e1\u010dok, polievok, pizze alebo cestov\u00edn. Praktick\u00e9 balenie v tube umo\u017e\u0148uje jednoduch\u00e9 d\u00e1vkovanie a dlh\u0161iu [&hellip;]<\/p>","protected":false},"featured_media":36259,"comment_status":"closed","ping_status":"closed","template":"","meta":[],"product_brand":[],"product_cat":[253,254],"product_tag":[471],"giftcard-category":[],"class_list":{"0":"post-34255","1":"product","2":"type-product","3":"status-publish","4":"has-post-thumbnail","6":"product_cat-spajza","7":"product_cat-zavaraniny","8":"product_tag-pomi","10":"first","11":"instock","12":"taxable","13":"shipping-taxable","14":"purchasable","15":"product-type-simple"},"_links":{"self":[{"href":"https:\/\/zlatyrakytnik.sk\/hu\/wp-json\/wp\/v2\/product\/34255","targetHints":{"allow":["GET"]}}],"collection":[{"href":"https:\/\/zlatyrakytnik.sk\/hu\/wp-json\/wp\/v2\/product"}],"about":[{"href":"https:\/\/zlatyrakytnik.sk\/hu\/wp-json\/wp\/v2\/types\/product"}],"replies":[{"embeddable":true,"href":"https:\/\/zlatyrakytnik.sk\/hu\/wp-json\/wp\/v2\/comments?post=34255"}],"wp:featuredmedia":[{"embeddable":true,"href":"https:\/\/zlatyrakytnik.sk\/hu\/wp-json\/wp\/v2\/media\/36259"}],"wp:attachment":[{"href":"https:\/\/zlatyrakytnik.sk\/hu\/wp-json\/wp\/v2\/media?parent=34255"}],"wp:term":[{"taxonomy":"product_brand","embeddable":true,"href":"https:\/\/zlatyrakytnik.sk\/hu\/wp-json\/wp\/v2\/product_brand?post=34255"},{"taxonomy":"product_cat","embeddable":true,"href":"https:\/\/zlatyrakytnik.sk\/hu\/wp-json\/wp\/v2\/product_cat?post=34255"},{"taxonomy":"product_tag","embeddable":true,"href":"https:\/\/zlatyrakytnik.sk\/hu\/wp-json\/wp\/v2\/product_tag?post=34255"},{"taxonomy":"giftcard-category","embeddable":true,"href":"https:\/\/zlatyrakytnik.sk\/hu\/wp-json\/wp\/v2\/giftcard-category?post=34255"}],"curies":[{"name":"wp","href":"https:\/\/api.w.org\/{rel}","templated":true}]}}