{"id":34270,"date":"2025-05-13T09:24:39","date_gmt":"2025-05-13T07:24:39","guid":{"rendered":"https:\/\/zlatyrakytnik.sk\/?post_type=product&#038;p=34270"},"modified":"2025-11-27T10:23:22","modified_gmt":"2025-11-27T09:23:22","slug":"coffeein","status":"publish","type":"product","link":"https:\/\/zlatyrakytnik.sk\/hu\/termek\/coffeein\/","title":{"rendered":"Coffeein, 200g"},"content":{"rendered":"<p>COFFEEIN vznikol v roku 2011 ako eshop s talianskou k\u00e1vou. V k\u00e1ve sme sa ale neust\u00e1le vzdel\u00e1vali a z\u00edskavali sk\u00fasenosti a\u017e k\u00fdm sme v roku 2015 otvorili na\u0161u vlastn\u00fa pra\u017eiare\u0148 k\u00e1vy v \u0160ah\u00e1ch.\u00a0<strong>Dnes je COFFEEIN modern\u00e1 tre\u0165ovlnov\u00e1 pra\u017eiare\u0148 v\u00fdberovej k\u00e1vy, \u010doho potvrden\u00edm je aj v\u00fdhra titulu golden roasting master 2025<\/strong><\/p>","protected":false},"excerpt":{"rendered":"<p>COFFEEIN vznikol v roku 2011 ako eshop s talianskou k\u00e1vou. V k\u00e1ve sme sa ale neust\u00e1le vzdel\u00e1vali a z\u00edskavali sk\u00fasenosti a\u017e k\u00fdm sme v roku 2015 otvorili na\u0161u vlastn\u00fa pra\u017eiare\u0148 k\u00e1vy v \u0160ah\u00e1ch.\u00a0Dnes je COFFEEIN modern\u00e1 tre\u0165ovlnov\u00e1 pra\u017eiare\u0148 v\u00fdberovej k\u00e1vy, \u010doho potvrden\u00edm je aj v\u00fdhra titulu golden roasting master 2025<\/p>","protected":false},"featured_media":34278,"comment_status":"closed","ping_status":"closed","template":"","meta":[],"product_brand":[],"product_cat":[272],"product_tag":[],"giftcard-category":[],"class_list":{"0":"post-34270","1":"product","2":"type-product","3":"status-publish","4":"has-post-thumbnail","6":"product_cat-caj-a-kava","8":"first","9":"instock","10":"taxable","11":"shipping-taxable","12":"purchasable","13":"product-type-variable"},"_links":{"self":[{"href":"https:\/\/zlatyrakytnik.sk\/hu\/wp-json\/wp\/v2\/product\/34270","targetHints":{"allow":["GET"]}}],"collection":[{"href":"https:\/\/zlatyrakytnik.sk\/hu\/wp-json\/wp\/v2\/product"}],"about":[{"href":"https:\/\/zlatyrakytnik.sk\/hu\/wp-json\/wp\/v2\/types\/product"}],"replies":[{"embeddable":true,"href":"https:\/\/zlatyrakytnik.sk\/hu\/wp-json\/wp\/v2\/comments?post=34270"}],"wp:featuredmedia":[{"embeddable":true,"href":"https:\/\/zlatyrakytnik.sk\/hu\/wp-json\/wp\/v2\/media\/34278"}],"wp:attachment":[{"href":"https:\/\/zlatyrakytnik.sk\/hu\/wp-json\/wp\/v2\/media?parent=34270"}],"wp:term":[{"taxonomy":"product_brand","embeddable":true,"href":"https:\/\/zlatyrakytnik.sk\/hu\/wp-json\/wp\/v2\/product_brand?post=34270"},{"taxonomy":"product_cat","embeddable":true,"href":"https:\/\/zlatyrakytnik.sk\/hu\/wp-json\/wp\/v2\/product_cat?post=34270"},{"taxonomy":"product_tag","embeddable":true,"href":"https:\/\/zlatyrakytnik.sk\/hu\/wp-json\/wp\/v2\/product_tag?post=34270"},{"taxonomy":"giftcard-category","embeddable":true,"href":"https:\/\/zlatyrakytnik.sk\/hu\/wp-json\/wp\/v2\/giftcard-category?post=34270"}],"curies":[{"name":"wp","href":"https:\/\/api.w.org\/{rel}","templated":true}]}}