{"id":34281,"date":"2025-05-13T09:40:29","date_gmt":"2025-05-13T07:40:29","guid":{"rendered":"https:\/\/zlatyrakytnik.sk\/?post_type=product&#038;p=34281"},"modified":"2025-09-03T18:11:04","modified_gmt":"2025-09-03T16:11:04","slug":"cascara-susene-kavovnikove-ceresne-75g","status":"publish","type":"product","link":"https:\/\/zlatyrakytnik.sk\/hu\/termek\/cascara-susene-kavovnikove-ceresne-75g\/","title":{"rendered":"Cascara su\u0161en\u00e9 k\u00e1vovn\u00edkov\u00e9 \u010dere\u0161ne 75g"},"content":{"rendered":"<p>Ke\u010f som chor\u00fd, tak v\u00f4bec nem\u00e1m chu\u0165 na k\u00e1vu, ale c\u00edtim, \u017ee potrebujem kofe\u00edn. \u010cierny a zelen\u00fd \u010daj mi a\u017e tak nechutia, ale nie\u010do hor\u00face a sladk\u00e9 by som ve\u013emi r\u00e1d pop\u00edjal. Tramtadadaaa, je tu cascara. Cascara je vysu\u0161en\u00e1 k\u00e1vovn\u00edkov\u00e1 \u010dere\u0161\u0148a, ktor\u00e1 je bohat\u00e1 na antioxidanty, obsahuje kofe\u00edn a je ve\u013emi, ve\u013emi sladk\u00e1. Chu\u0165 m\u00f4\u017ee pripom\u00edna\u0165 \u0161\u00edpky, jahody, maliny a r\u00f4zne ovocie (z\u00e1le\u017e\u00ed od odrody k\u00e1vovn\u00edka). My m\u00e1me v ponuke novinku a to cascaru z Panamy (farma Finca Hartmann), ktor\u00e1 je vyrovnan\u00e1 a sladk\u00e1, s horkast\u00fdmi t\u00f3nmi \u010dierneho \u010daju. V dodato\u010dn\u00fdch inform\u00e1ci\u00e1ch n\u00e1jdete kr\u00e1tky n\u00e1vod, ako si cascaru pripravi\u0165 a dodato\u010dn\u00e9 info.<\/p>","protected":false},"excerpt":{"rendered":"<p>Ke\u010f som chor\u00fd, tak v\u00f4bec nem\u00e1m chu\u0165 na k\u00e1vu, ale c\u00edtim, \u017ee potrebujem kofe\u00edn. \u010cierny a zelen\u00fd \u010daj mi a\u017e tak nechutia, ale nie\u010do hor\u00face a sladk\u00e9 by som ve\u013emi r\u00e1d pop\u00edjal. Tramtadadaaa, je tu cascara. Cascara je vysu\u0161en\u00e1 k\u00e1vovn\u00edkov\u00e1 \u010dere\u0161\u0148a, ktor\u00e1 je bohat\u00e1 na antioxidanty, obsahuje kofe\u00edn a je ve\u013emi, ve\u013emi sladk\u00e1. Chu\u0165 m\u00f4\u017ee [&hellip;]<\/p>","protected":false},"featured_media":34282,"comment_status":"closed","ping_status":"closed","template":"","meta":[],"product_brand":[],"product_cat":[272],"product_tag":[],"giftcard-category":[],"class_list":{"0":"post-34281","1":"product","2":"type-product","3":"status-publish","4":"has-post-thumbnail","6":"product_cat-caj-a-kava","8":"first","9":"instock","10":"taxable","11":"shipping-taxable","12":"purchasable","13":"product-type-simple"},"_links":{"self":[{"href":"https:\/\/zlatyrakytnik.sk\/hu\/wp-json\/wp\/v2\/product\/34281","targetHints":{"allow":["GET"]}}],"collection":[{"href":"https:\/\/zlatyrakytnik.sk\/hu\/wp-json\/wp\/v2\/product"}],"about":[{"href":"https:\/\/zlatyrakytnik.sk\/hu\/wp-json\/wp\/v2\/types\/product"}],"replies":[{"embeddable":true,"href":"https:\/\/zlatyrakytnik.sk\/hu\/wp-json\/wp\/v2\/comments?post=34281"}],"wp:featuredmedia":[{"embeddable":true,"href":"https:\/\/zlatyrakytnik.sk\/hu\/wp-json\/wp\/v2\/media\/34282"}],"wp:attachment":[{"href":"https:\/\/zlatyrakytnik.sk\/hu\/wp-json\/wp\/v2\/media?parent=34281"}],"wp:term":[{"taxonomy":"product_brand","embeddable":true,"href":"https:\/\/zlatyrakytnik.sk\/hu\/wp-json\/wp\/v2\/product_brand?post=34281"},{"taxonomy":"product_cat","embeddable":true,"href":"https:\/\/zlatyrakytnik.sk\/hu\/wp-json\/wp\/v2\/product_cat?post=34281"},{"taxonomy":"product_tag","embeddable":true,"href":"https:\/\/zlatyrakytnik.sk\/hu\/wp-json\/wp\/v2\/product_tag?post=34281"},{"taxonomy":"giftcard-category","embeddable":true,"href":"https:\/\/zlatyrakytnik.sk\/hu\/wp-json\/wp\/v2\/giftcard-category?post=34281"}],"curies":[{"name":"wp","href":"https:\/\/api.w.org\/{rel}","templated":true}]}}