{"id":34286,"date":"2025-05-13T16:14:32","date_gmt":"2025-05-13T14:14:32","guid":{"rendered":"https:\/\/zlatyrakytnik.sk\/?post_type=product&#038;p=34286"},"modified":"2025-09-10T14:58:40","modified_gmt":"2025-09-10T12:58:40","slug":"kompletne-jedla-s-prilohou","status":"publish","type":"product","link":"https:\/\/zlatyrakytnik.sk\/hu\/termek\/kompletne-jedla-s-prilohou\/","title":{"rendered":"Kompletn\u00e9 jedl\u00e1 s pr\u00edlohou"},"content":{"rendered":"<p>EXPRES MENU s\u00fa\u00a0<strong>chutn\u00e9 jedl\u00e1 bez\u00a0v\u00fd\u010ditiek<\/strong>\u00a0od\u00a0rodiny\u00a0Sogelov\u00fdch z\u00a0Krkon\u00f4\u0161, uvaren\u00e9 z\u00a0kvalitn\u00fdch surov\u00edn.\u00a0Pre\u00a0ka\u017ed\u00fa pr\u00edle\u017eitos\u0165, s\u00a0jednoduchou pr\u00edpravou, ktor\u00fa\u00a0zvl\u00e1dnu\u00a0<strong>do\u00a0piatich min\u00fat<\/strong>\u00a0v\u010faka praktick\u00e9mu vrec\u00fa\u0161ku aj\u00a0deti.<\/p><p><strong>Sp\u00f4sob pr\u00edpravy:<\/strong>\u00a0<\/p><ul class=\"wp-block-list\"><li>Vlo\u017ete krabi\u010dku do mikrovlnnej r\u00fary a zohrievajte cca 2 min\u00faty (700 W) alebo dok\u00fdm nebude jedlo tepl\u00e9. Obal v\u00fdrobku sa m\u00f4\u017ee teplom deformova\u0165. <\/li>\n\n<li>Jedlo vyberte z vrec\u00fa\u0161ka na tanier a ohrievajte v mikrovlnnej r\u00fare cca 2 min\u00faty. <\/li>\n\n<li>Vyberte vrec\u00fa\u0161ka z papierov\u00e9ho obalu a obe uzatvoren\u00e9 vrec\u00fa\u0161ka vlo\u017ete do hrnca (\u010di r\u00fdchlovarnej kanvice) s vriacou vodou na cca 10 min\u00fat.<\/li><\/ul><p><\/p>","protected":false},"excerpt":{"rendered":"<p>EXPRES MENU s\u00fa\u00a0chutn\u00e9 jedl\u00e1 bez\u00a0v\u00fd\u010ditiek\u00a0od\u00a0rodiny\u00a0Sogelov\u00fdch z\u00a0Krkon\u00f4\u0161, uvaren\u00e9 z\u00a0kvalitn\u00fdch surov\u00edn.\u00a0Pre\u00a0ka\u017ed\u00fa pr\u00edle\u017eitos\u0165, s\u00a0jednoduchou pr\u00edpravou, ktor\u00fa\u00a0zvl\u00e1dnu\u00a0do\u00a0piatich min\u00fat\u00a0v\u010faka praktick\u00e9mu vrec\u00fa\u0161ku aj\u00a0deti. Sp\u00f4sob pr\u00edpravy:\u00a0<\/p>","protected":false},"featured_media":34535,"comment_status":"closed","ping_status":"closed","template":"","meta":[],"product_brand":[],"product_cat":[253,276],"product_tag":[],"giftcard-category":[],"class_list":{"0":"post-34286","1":"product","2":"type-product","3":"status-publish","4":"has-post-thumbnail","6":"product_cat-spajza","7":"product_cat-bez-lepku-alergenov","9":"first","10":"instock","11":"taxable","12":"shipping-taxable","13":"purchasable","14":"product-type-variable"},"_links":{"self":[{"href":"https:\/\/zlatyrakytnik.sk\/hu\/wp-json\/wp\/v2\/product\/34286","targetHints":{"allow":["GET"]}}],"collection":[{"href":"https:\/\/zlatyrakytnik.sk\/hu\/wp-json\/wp\/v2\/product"}],"about":[{"href":"https:\/\/zlatyrakytnik.sk\/hu\/wp-json\/wp\/v2\/types\/product"}],"replies":[{"embeddable":true,"href":"https:\/\/zlatyrakytnik.sk\/hu\/wp-json\/wp\/v2\/comments?post=34286"}],"wp:featuredmedia":[{"embeddable":true,"href":"https:\/\/zlatyrakytnik.sk\/hu\/wp-json\/wp\/v2\/media\/34535"}],"wp:attachment":[{"href":"https:\/\/zlatyrakytnik.sk\/hu\/wp-json\/wp\/v2\/media?parent=34286"}],"wp:term":[{"taxonomy":"product_brand","embeddable":true,"href":"https:\/\/zlatyrakytnik.sk\/hu\/wp-json\/wp\/v2\/product_brand?post=34286"},{"taxonomy":"product_cat","embeddable":true,"href":"https:\/\/zlatyrakytnik.sk\/hu\/wp-json\/wp\/v2\/product_cat?post=34286"},{"taxonomy":"product_tag","embeddable":true,"href":"https:\/\/zlatyrakytnik.sk\/hu\/wp-json\/wp\/v2\/product_tag?post=34286"},{"taxonomy":"giftcard-category","embeddable":true,"href":"https:\/\/zlatyrakytnik.sk\/hu\/wp-json\/wp\/v2\/giftcard-category?post=34286"}],"curies":[{"name":"wp","href":"https:\/\/api.w.org\/{rel}","templated":true}]}}