{"id":34291,"date":"2025-05-13T16:24:50","date_gmt":"2025-05-13T14:24:50","guid":{"rendered":"https:\/\/zlatyrakytnik.sk\/?post_type=product&#038;p=34291"},"modified":"2025-09-10T14:58:40","modified_gmt":"2025-09-10T12:58:40","slug":"dvojporciove-jedla","status":"publish","type":"product","link":"https:\/\/zlatyrakytnik.sk\/hu\/termek\/dvojporciove-jedla\/","title":{"rendered":"Dvojporciov\u00e9 jedl\u00e1"},"content":{"rendered":"<p>EXPRES MENU s\u00fa\u00a0<strong>chutn\u00e9 jedl\u00e1 bez\u00a0v\u00fd\u010ditiek<\/strong>\u00a0od\u00a0rodiny\u00a0Sogelov\u00fdch z\u00a0Krkon\u00f4\u0161, uvaren\u00e9 z\u00a0kvalitn\u00fdch surov\u00edn.\u00a0Pre\u00a0ka\u017ed\u00fa pr\u00edle\u017eitos\u0165, s\u00a0jednoduchou pr\u00edpravou, ktor\u00fa\u00a0zvl\u00e1dnu\u00a0<strong>do\u00a0piatich min\u00fat<\/strong>\u00a0v\u010faka praktick\u00e9mu vrec\u00fa\u0161ku aj\u00a0deti.<\/p><p>Na\u0161e produkty s\u00fa u\u017e uvaren\u00e9 a tepelne spracovan\u00e9. Ich&nbsp;<strong>pr\u00edprava spo\u010d\u00edva len v ohreve<\/strong>&nbsp;(samozrejme sa daj\u00fa jes\u0165 aj za studena). Nemus\u00edte prid\u00e1va\u0165 \u017eiadnu vodu ani jedlo prev\u00e1ra\u0165. Jedlo si tak priprav\u00edte behom p\u00e1r min\u00fat a m\u00f4\u017eete pod\u00e1va\u0165.<\/p><p><strong>Zohrieva\u0165 m\u00f4\u017eete nieko\u013ek\u00fdmi sp\u00f4sobmi:<\/strong><\/p><ul class=\"wp-block-list\"><li>Vlo\u017ete uzatvoren\u00e9 vrec\u00fa\u0161ko\u00a0<strong>do hrnca s hor\u00facou vodou<\/strong>(alebo do r\u00fdchlovarnej kanvice), nechajte cca 10 min prehria\u0165 a po otvoren\u00ed serv\u00edrujte priamo na tanier.<\/li>\n\n<li>Vrec\u00fa\u0161ko vypr\u00e1zdnite\u00a0<strong>priamo do hrnca<\/strong>\u00a0(alebo na panvi\u010dku) a zohrievajte cca 5 min.<\/li>\n\n<li>Prelo\u017ete jedlo z vrec\u00fa\u0161ka do vhodnej n\u00e1doby a zohrievajte cca 3 min v\u00a0<strong>mikrovlnnej tr\u00fabe<\/strong>.<\/li><\/ul><p><\/p>","protected":false},"excerpt":{"rendered":"<p>EXPRES MENU s\u00fa\u00a0chutn\u00e9 jedl\u00e1 bez\u00a0v\u00fd\u010ditiek\u00a0od\u00a0rodiny\u00a0Sogelov\u00fdch z\u00a0Krkon\u00f4\u0161, uvaren\u00e9 z\u00a0kvalitn\u00fdch surov\u00edn.\u00a0Pre\u00a0ka\u017ed\u00fa pr\u00edle\u017eitos\u0165, s\u00a0jednoduchou pr\u00edpravou, ktor\u00fa\u00a0zvl\u00e1dnu\u00a0do\u00a0piatich min\u00fat\u00a0v\u010faka praktick\u00e9mu vrec\u00fa\u0161ku aj\u00a0deti. Na\u0161e produkty s\u00fa u\u017e uvaren\u00e9 a tepelne spracovan\u00e9. Ich&nbsp;pr\u00edprava spo\u010d\u00edva len v ohreve&nbsp;(samozrejme sa daj\u00fa jes\u0165 aj za studena). Nemus\u00edte prid\u00e1va\u0165 \u017eiadnu vodu ani jedlo prev\u00e1ra\u0165. Jedlo si tak priprav\u00edte behom p\u00e1r min\u00fat a m\u00f4\u017eete pod\u00e1va\u0165. Zohrieva\u0165 m\u00f4\u017eete [&hellip;]<\/p>","protected":false},"featured_media":34534,"comment_status":"closed","ping_status":"closed","template":"","meta":[],"product_brand":[],"product_cat":[253,276],"product_tag":[],"giftcard-category":[],"class_list":{"0":"post-34291","1":"product","2":"type-product","3":"status-publish","4":"has-post-thumbnail","6":"product_cat-spajza","7":"product_cat-bez-lepku-alergenov","9":"first","10":"instock","11":"taxable","12":"shipping-taxable","13":"purchasable","14":"product-type-variable"},"_links":{"self":[{"href":"https:\/\/zlatyrakytnik.sk\/hu\/wp-json\/wp\/v2\/product\/34291","targetHints":{"allow":["GET"]}}],"collection":[{"href":"https:\/\/zlatyrakytnik.sk\/hu\/wp-json\/wp\/v2\/product"}],"about":[{"href":"https:\/\/zlatyrakytnik.sk\/hu\/wp-json\/wp\/v2\/types\/product"}],"replies":[{"embeddable":true,"href":"https:\/\/zlatyrakytnik.sk\/hu\/wp-json\/wp\/v2\/comments?post=34291"}],"wp:featuredmedia":[{"embeddable":true,"href":"https:\/\/zlatyrakytnik.sk\/hu\/wp-json\/wp\/v2\/media\/34534"}],"wp:attachment":[{"href":"https:\/\/zlatyrakytnik.sk\/hu\/wp-json\/wp\/v2\/media?parent=34291"}],"wp:term":[{"taxonomy":"product_brand","embeddable":true,"href":"https:\/\/zlatyrakytnik.sk\/hu\/wp-json\/wp\/v2\/product_brand?post=34291"},{"taxonomy":"product_cat","embeddable":true,"href":"https:\/\/zlatyrakytnik.sk\/hu\/wp-json\/wp\/v2\/product_cat?post=34291"},{"taxonomy":"product_tag","embeddable":true,"href":"https:\/\/zlatyrakytnik.sk\/hu\/wp-json\/wp\/v2\/product_tag?post=34291"},{"taxonomy":"giftcard-category","embeddable":true,"href":"https:\/\/zlatyrakytnik.sk\/hu\/wp-json\/wp\/v2\/giftcard-category?post=34291"}],"curies":[{"name":"wp","href":"https:\/\/api.w.org\/{rel}","templated":true}]}}