{"id":34339,"date":"2025-05-13T17:44:08","date_gmt":"2025-05-13T15:44:08","guid":{"rendered":"https:\/\/zlatyrakytnik.sk\/?post_type=product&#038;p=34339"},"modified":"2025-09-10T14:58:40","modified_gmt":"2025-09-10T12:58:40","slug":"ovocne-kase","status":"publish","type":"product","link":"https:\/\/zlatyrakytnik.sk\/hu\/termek\/ovocne-kase\/","title":{"rendered":"Ovocn\u00e9 ka\u0161e"},"content":{"rendered":"<p>EXPRES MENU s\u00fa&nbsp;<strong>chutn\u00e9 jedl\u00e1 bez&nbsp;v\u00fd\u010ditiek<\/strong>&nbsp;od&nbsp;rodiny&nbsp;Sogelov\u00fdch z&nbsp;Krkon\u00f4\u0161, uvaren\u00e9 z&nbsp;kvalitn\u00fdch surov\u00edn.&nbsp;Pre&nbsp;ka\u017ed\u00fa pr\u00edle\u017eitos\u0165, s&nbsp;jednoduchou pr\u00edpravou, ktor\u00fa&nbsp;zvl\u00e1dnu&nbsp;<strong>do&nbsp;piatich min\u00fat<\/strong>&nbsp;v\u010faka praktick\u00e9mu vrec\u00fa\u0161ku aj&nbsp;deti.<\/p><p>Na\u0161e produkty s\u00fa u\u017e uvaren\u00e9 a tepelne spracovan\u00e9. Ich&nbsp;<strong>pr\u00edprava spo\u010d\u00edva len v ohreve<\/strong>&nbsp;(samozrejme sa daj\u00fa jes\u0165 aj za studena). Nemus\u00edte prid\u00e1va\u0165 \u017eiadnu vodu ani jedlo prev\u00e1ra\u0165. Jedlo si tak priprav\u00edte behom p\u00e1r min\u00fat a m\u00f4\u017eete pod\u00e1va\u0165.<\/p><p><strong>Zohrieva\u0165 m\u00f4\u017eete nieko\u013ek\u00fdmi sp\u00f4sobmi:<\/strong><\/p><ul class=\"wp-block-list\"><li>Vlo\u017ete uzatvoren\u00e9 vrec\u00fa\u0161ko&nbsp;<strong>do hrnca s hor\u00facou vodou<\/strong>(alebo do r\u00fdchlovarnej kanvice), nechajte cca 10 min prehria\u0165 a po otvoren\u00ed<br>serv\u00edrujte priamo na tanier.<\/li>\n\n<li>Vrec\u00fa\u0161ko vypr\u00e1zdnite&nbsp;<strong>priamo do hrnca<\/strong>&nbsp;(alebo na panvi\u010dku) a zohrievajte cca 5 min.<\/li>\n\n<li>Prelo\u017ete jedlo z vrec\u00fa\u0161ka do vhodnej n\u00e1doby a zohrievajte cca 3 min v&nbsp;<strong>mikrovlnnej tr\u00fabe<\/strong>.<\/li><\/ul><p><\/p>","protected":false},"excerpt":{"rendered":"<p>EXPRES MENU s\u00fa&nbsp;chutn\u00e9 jedl\u00e1 bez&nbsp;v\u00fd\u010ditiek&nbsp;od&nbsp;rodiny&nbsp;Sogelov\u00fdch z&nbsp;Krkon\u00f4\u0161, uvaren\u00e9 z&nbsp;kvalitn\u00fdch surov\u00edn.&nbsp;Pre&nbsp;ka\u017ed\u00fa pr\u00edle\u017eitos\u0165, s&nbsp;jednoduchou pr\u00edpravou, ktor\u00fa&nbsp;zvl\u00e1dnu&nbsp;do&nbsp;piatich min\u00fat&nbsp;v\u010faka praktick\u00e9mu vrec\u00fa\u0161ku aj&nbsp;deti. Na\u0161e produkty s\u00fa u\u017e uvaren\u00e9 a tepelne spracovan\u00e9. Ich&nbsp;pr\u00edprava spo\u010d\u00edva len v ohreve&nbsp;(samozrejme sa daj\u00fa jes\u0165 aj za studena). Nemus\u00edte prid\u00e1va\u0165 \u017eiadnu vodu ani jedlo prev\u00e1ra\u0165. Jedlo si tak priprav\u00edte behom p\u00e1r min\u00fat a m\u00f4\u017eete pod\u00e1va\u0165. Zohrieva\u0165 m\u00f4\u017eete [&hellip;]<\/p>","protected":false},"featured_media":34536,"comment_status":"closed","ping_status":"closed","template":"","meta":[],"product_brand":[],"product_cat":[253,276],"product_tag":[],"giftcard-category":[],"class_list":{"0":"post-34339","1":"product","2":"type-product","3":"status-publish","4":"has-post-thumbnail","6":"product_cat-spajza","7":"product_cat-bez-lepku-alergenov","9":"first","10":"instock","11":"taxable","12":"shipping-taxable","13":"purchasable","14":"product-type-variable"},"_links":{"self":[{"href":"https:\/\/zlatyrakytnik.sk\/hu\/wp-json\/wp\/v2\/product\/34339","targetHints":{"allow":["GET"]}}],"collection":[{"href":"https:\/\/zlatyrakytnik.sk\/hu\/wp-json\/wp\/v2\/product"}],"about":[{"href":"https:\/\/zlatyrakytnik.sk\/hu\/wp-json\/wp\/v2\/types\/product"}],"replies":[{"embeddable":true,"href":"https:\/\/zlatyrakytnik.sk\/hu\/wp-json\/wp\/v2\/comments?post=34339"}],"wp:featuredmedia":[{"embeddable":true,"href":"https:\/\/zlatyrakytnik.sk\/hu\/wp-json\/wp\/v2\/media\/34536"}],"wp:attachment":[{"href":"https:\/\/zlatyrakytnik.sk\/hu\/wp-json\/wp\/v2\/media?parent=34339"}],"wp:term":[{"taxonomy":"product_brand","embeddable":true,"href":"https:\/\/zlatyrakytnik.sk\/hu\/wp-json\/wp\/v2\/product_brand?post=34339"},{"taxonomy":"product_cat","embeddable":true,"href":"https:\/\/zlatyrakytnik.sk\/hu\/wp-json\/wp\/v2\/product_cat?post=34339"},{"taxonomy":"product_tag","embeddable":true,"href":"https:\/\/zlatyrakytnik.sk\/hu\/wp-json\/wp\/v2\/product_tag?post=34339"},{"taxonomy":"giftcard-category","embeddable":true,"href":"https:\/\/zlatyrakytnik.sk\/hu\/wp-json\/wp\/v2\/giftcard-category?post=34339"}],"curies":[{"name":"wp","href":"https:\/\/api.w.org\/{rel}","templated":true}]}}