{"id":34369,"date":"2025-05-21T16:02:11","date_gmt":"2025-05-21T14:02:11","guid":{"rendered":"https:\/\/zlatyrakytnik.sk\/?post_type=product&#038;p=34369"},"modified":"2025-09-17T10:35:19","modified_gmt":"2025-09-17T08:35:19","slug":"zmesi-korenia","status":"publish","type":"product","link":"https:\/\/zlatyrakytnik.sk\/hu\/termek\/zmesi-korenia\/","title":{"rendered":"D\u00e1vidkovo korenie &#8211; Zmesi korenia"},"content":{"rendered":"<p>Dav\u00eddek u\u017e pre v\u00e1s namie\u0161al takmer 80 druhov jedine\u010dn\u00fdch koreniacich zmes\u00ed bez soli a glutam\u00e1tu na cel\u00fa \u0161k\u00e1lu pokrmov z r\u00f4znych svetov\u00fdch kuch\u00fd\u0148. Ver\u00edme, \u017ee si ich zamilujete!<\/p><figure class=\"wp-block-table\"><table class=\"has-fixed-layout\"><tbody><tr><td class=\"has-text-align-center\" data-align=\"center\"><img fetchpriority=\"high\" decoding=\"async\" width=\"300\" height=\"320\" class=\"wp-image-34370\" style=\"width: 300px;\" src=\"https:\/\/zlatyrakytnik.sk\/wp-content\/uploads\/2025\/05\/asgrv2-bez-soli.png\" alt=\"BEZ SOLI\" srcset=\"https:\/\/zlatyrakytnik.sk\/wp-content\/uploads\/2025\/05\/asgrv2-bez-soli.png 880w, https:\/\/zlatyrakytnik.sk\/wp-content\/uploads\/2025\/05\/asgrv2-bez-soli-281x300.png 281w, https:\/\/zlatyrakytnik.sk\/wp-content\/uploads\/2025\/05\/asgrv2-bez-soli-768x820.png 768w, https:\/\/zlatyrakytnik.sk\/wp-content\/uploads\/2025\/05\/asgrv2-bez-soli-11x12.png 11w, https:\/\/zlatyrakytnik.sk\/wp-content\/uploads\/2025\/05\/asgrv2-bez-soli-441x471.png 441w, https:\/\/zlatyrakytnik.sk\/wp-content\/uploads\/2025\/05\/asgrv2-bez-soli-600x641.png 600w, https:\/\/zlatyrakytnik.sk\/wp-content\/uploads\/2025\/05\/asgrv2-bez-soli-150x160.png 150w\" sizes=\"(max-width: 300px) 100vw, 300px\" \/>BEZ SOLI<\/td><td class=\"has-text-align-center\" data-align=\"center\"><img decoding=\"async\" width=\"300\" height=\"320\" class=\"wp-image-34373\" style=\"width: 300px;\" src=\"https:\/\/zlatyrakytnik.sk\/wp-content\/uploads\/2025\/05\/c4tobv-bez-chemie.png\" alt=\"\" srcset=\"https:\/\/zlatyrakytnik.sk\/wp-content\/uploads\/2025\/05\/c4tobv-bez-chemie.png 880w, https:\/\/zlatyrakytnik.sk\/wp-content\/uploads\/2025\/05\/c4tobv-bez-chemie-281x300.png 281w, https:\/\/zlatyrakytnik.sk\/wp-content\/uploads\/2025\/05\/c4tobv-bez-chemie-768x820.png 768w, https:\/\/zlatyrakytnik.sk\/wp-content\/uploads\/2025\/05\/c4tobv-bez-chemie-11x12.png 11w, https:\/\/zlatyrakytnik.sk\/wp-content\/uploads\/2025\/05\/c4tobv-bez-chemie-441x471.png 441w, https:\/\/zlatyrakytnik.sk\/wp-content\/uploads\/2025\/05\/c4tobv-bez-chemie-600x641.png 600w, https:\/\/zlatyrakytnik.sk\/wp-content\/uploads\/2025\/05\/c4tobv-bez-chemie-150x160.png 150w\" sizes=\"(max-width: 300px) 100vw, 300px\" \/>BEZ CH\u00c9MIE<\/td><td class=\"has-text-align-center\" data-align=\"center\"><img decoding=\"async\" width=\"300\" height=\"320\" class=\"wp-image-34379\" style=\"width: 300px;\" src=\"https:\/\/zlatyrakytnik.sk\/wp-content\/uploads\/2025\/05\/ug2jef-bez-gmo-2.png\" alt=\"\" srcset=\"https:\/\/zlatyrakytnik.sk\/wp-content\/uploads\/2025\/05\/ug2jef-bez-gmo-2.png 880w, https:\/\/zlatyrakytnik.sk\/wp-content\/uploads\/2025\/05\/ug2jef-bez-gmo-2-281x300.png 281w, https:\/\/zlatyrakytnik.sk\/wp-content\/uploads\/2025\/05\/ug2jef-bez-gmo-2-768x820.png 768w, https:\/\/zlatyrakytnik.sk\/wp-content\/uploads\/2025\/05\/ug2jef-bez-gmo-2-11x12.png 11w, https:\/\/zlatyrakytnik.sk\/wp-content\/uploads\/2025\/05\/ug2jef-bez-gmo-2-441x471.png 441w, https:\/\/zlatyrakytnik.sk\/wp-content\/uploads\/2025\/05\/ug2jef-bez-gmo-2-600x641.png 600w, https:\/\/zlatyrakytnik.sk\/wp-content\/uploads\/2025\/05\/ug2jef-bez-gmo-2-150x160.png 150w\" sizes=\"(max-width: 300px) 100vw, 300px\" \/>BEZ GMO<\/td><td class=\"has-text-align-center\" data-align=\"center\"><img loading=\"lazy\" decoding=\"async\" width=\"300\" height=\"320\" class=\"wp-image-34376\" style=\"width: 300px;\" src=\"https:\/\/zlatyrakytnik.sk\/wp-content\/uploads\/2025\/05\/fgl3wv-bez-lepku.png\" alt=\"\" srcset=\"https:\/\/zlatyrakytnik.sk\/wp-content\/uploads\/2025\/05\/fgl3wv-bez-lepku.png 880w, https:\/\/zlatyrakytnik.sk\/wp-content\/uploads\/2025\/05\/fgl3wv-bez-lepku-281x300.png 281w, https:\/\/zlatyrakytnik.sk\/wp-content\/uploads\/2025\/05\/fgl3wv-bez-lepku-768x820.png 768w, https:\/\/zlatyrakytnik.sk\/wp-content\/uploads\/2025\/05\/fgl3wv-bez-lepku-11x12.png 11w, https:\/\/zlatyrakytnik.sk\/wp-content\/uploads\/2025\/05\/fgl3wv-bez-lepku-441x471.png 441w, https:\/\/zlatyrakytnik.sk\/wp-content\/uploads\/2025\/05\/fgl3wv-bez-lepku-600x641.png 600w, https:\/\/zlatyrakytnik.sk\/wp-content\/uploads\/2025\/05\/fgl3wv-bez-lepku-150x160.png 150w\" sizes=\"(max-width: 300px) 100vw, 300px\" \/>BEZ LEPKU<\/td><td class=\"has-text-align-center\" data-align=\"center\"><img loading=\"lazy\" decoding=\"async\" width=\"300\" height=\"320\" class=\"wp-image-34381\" style=\"width: 300px;\" src=\"https:\/\/zlatyrakytnik.sk\/wp-content\/uploads\/2025\/05\/xaulph-bez-lepku-1.png\" alt=\"\" srcset=\"https:\/\/zlatyrakytnik.sk\/wp-content\/uploads\/2025\/05\/xaulph-bez-lepku-1.png 880w, https:\/\/zlatyrakytnik.sk\/wp-content\/uploads\/2025\/05\/xaulph-bez-lepku-1-281x300.png 281w, https:\/\/zlatyrakytnik.sk\/wp-content\/uploads\/2025\/05\/xaulph-bez-lepku-1-768x820.png 768w, https:\/\/zlatyrakytnik.sk\/wp-content\/uploads\/2025\/05\/xaulph-bez-lepku-1-11x12.png 11w, https:\/\/zlatyrakytnik.sk\/wp-content\/uploads\/2025\/05\/xaulph-bez-lepku-1-441x471.png 441w, https:\/\/zlatyrakytnik.sk\/wp-content\/uploads\/2025\/05\/xaulph-bez-lepku-1-600x641.png 600w, https:\/\/zlatyrakytnik.sk\/wp-content\/uploads\/2025\/05\/xaulph-bez-lepku-1-150x160.png 150w\" sizes=\"(max-width: 300px) 100vw, 300px\" \/>MINIMUM ODPADU<\/td><td class=\"has-text-align-center\" data-align=\"center\"><img loading=\"lazy\" decoding=\"async\" width=\"300\" height=\"320\" class=\"wp-image-34372\" style=\"width: 300px;\" src=\"https:\/\/zlatyrakytnik.sk\/wp-content\/uploads\/2025\/05\/8mxx3m-vzdy-cerstve.png\" alt=\"\" srcset=\"https:\/\/zlatyrakytnik.sk\/wp-content\/uploads\/2025\/05\/8mxx3m-vzdy-cerstve.png 880w, https:\/\/zlatyrakytnik.sk\/wp-content\/uploads\/2025\/05\/8mxx3m-vzdy-cerstve-281x300.png 281w, https:\/\/zlatyrakytnik.sk\/wp-content\/uploads\/2025\/05\/8mxx3m-vzdy-cerstve-768x820.png 768w, https:\/\/zlatyrakytnik.sk\/wp-content\/uploads\/2025\/05\/8mxx3m-vzdy-cerstve-11x12.png 11w, https:\/\/zlatyrakytnik.sk\/wp-content\/uploads\/2025\/05\/8mxx3m-vzdy-cerstve-441x471.png 441w, https:\/\/zlatyrakytnik.sk\/wp-content\/uploads\/2025\/05\/8mxx3m-vzdy-cerstve-600x641.png 600w, https:\/\/zlatyrakytnik.sk\/wp-content\/uploads\/2025\/05\/8mxx3m-vzdy-cerstve-150x160.png 150w\" sizes=\"(max-width: 300px) 100vw, 300px\" \/>V\u017dDY \u010cERSTV\u00c9<\/td><\/tr><tr><td class=\"has-text-align-center\" data-align=\"center\"><img loading=\"lazy\" decoding=\"async\" width=\"300\" height=\"320\" class=\"wp-image-34375\" style=\"width: 300px;\" src=\"https:\/\/zlatyrakytnik.sk\/wp-content\/uploads\/2025\/05\/ehp2hd-vegany.png\" alt=\"\" srcset=\"https:\/\/zlatyrakytnik.sk\/wp-content\/uploads\/2025\/05\/ehp2hd-vegany.png 880w, https:\/\/zlatyrakytnik.sk\/wp-content\/uploads\/2025\/05\/ehp2hd-vegany-281x300.png 281w, https:\/\/zlatyrakytnik.sk\/wp-content\/uploads\/2025\/05\/ehp2hd-vegany-768x820.png 768w, https:\/\/zlatyrakytnik.sk\/wp-content\/uploads\/2025\/05\/ehp2hd-vegany-11x12.png 11w, https:\/\/zlatyrakytnik.sk\/wp-content\/uploads\/2025\/05\/ehp2hd-vegany-441x471.png 441w, https:\/\/zlatyrakytnik.sk\/wp-content\/uploads\/2025\/05\/ehp2hd-vegany-600x641.png 600w, https:\/\/zlatyrakytnik.sk\/wp-content\/uploads\/2025\/05\/ehp2hd-vegany-150x160.png 150w\" sizes=\"(max-width: 300px) 100vw, 300px\" \/>VEG\u00c1N<\/td><td class=\"has-text-align-center\" data-align=\"center\"><img loading=\"lazy\" decoding=\"async\" width=\"300\" height=\"320\" class=\"wp-image-34374\" style=\"width: 300px;\" src=\"https:\/\/zlatyrakytnik.sk\/wp-content\/uploads\/2025\/05\/cng9m8-slow-food.png\" alt=\"\" srcset=\"https:\/\/zlatyrakytnik.sk\/wp-content\/uploads\/2025\/05\/cng9m8-slow-food.png 880w, https:\/\/zlatyrakytnik.sk\/wp-content\/uploads\/2025\/05\/cng9m8-slow-food-281x300.png 281w, https:\/\/zlatyrakytnik.sk\/wp-content\/uploads\/2025\/05\/cng9m8-slow-food-768x820.png 768w, https:\/\/zlatyrakytnik.sk\/wp-content\/uploads\/2025\/05\/cng9m8-slow-food-11x12.png 11w, https:\/\/zlatyrakytnik.sk\/wp-content\/uploads\/2025\/05\/cng9m8-slow-food-441x471.png 441w, https:\/\/zlatyrakytnik.sk\/wp-content\/uploads\/2025\/05\/cng9m8-slow-food-600x641.png 600w, https:\/\/zlatyrakytnik.sk\/wp-content\/uploads\/2025\/05\/cng9m8-slow-food-150x160.png 150w\" sizes=\"(max-width: 300px) 100vw, 300px\" \/>SLOW FOOD<\/td><td class=\"has-text-align-center\" data-align=\"center\"><img loading=\"lazy\" decoding=\"async\" width=\"300\" height=\"320\" class=\"wp-image-34378\" style=\"width: 300px;\" src=\"https:\/\/zlatyrakytnik.sk\/wp-content\/uploads\/2025\/05\/s6en2l-delano-s-laskou.png\" alt=\"\" srcset=\"https:\/\/zlatyrakytnik.sk\/wp-content\/uploads\/2025\/05\/s6en2l-delano-s-laskou.png 880w, https:\/\/zlatyrakytnik.sk\/wp-content\/uploads\/2025\/05\/s6en2l-delano-s-laskou-281x300.png 281w, https:\/\/zlatyrakytnik.sk\/wp-content\/uploads\/2025\/05\/s6en2l-delano-s-laskou-768x820.png 768w, https:\/\/zlatyrakytnik.sk\/wp-content\/uploads\/2025\/05\/s6en2l-delano-s-laskou-11x12.png 11w, https:\/\/zlatyrakytnik.sk\/wp-content\/uploads\/2025\/05\/s6en2l-delano-s-laskou-441x471.png 441w, https:\/\/zlatyrakytnik.sk\/wp-content\/uploads\/2025\/05\/s6en2l-delano-s-laskou-600x641.png 600w, https:\/\/zlatyrakytnik.sk\/wp-content\/uploads\/2025\/05\/s6en2l-delano-s-laskou-150x160.png 150w\" sizes=\"(max-width: 300px) 100vw, 300px\" \/>ROBEN\u00c9 S L\u00c1SKOU<\/td><td class=\"has-text-align-center\" data-align=\"center\"><img loading=\"lazy\" decoding=\"async\" width=\"300\" height=\"320\" class=\"wp-image-34382\" style=\"width: 300px;\" src=\"https:\/\/zlatyrakytnik.sk\/wp-content\/uploads\/2025\/05\/zk1624-ruCne-balenE.png\" alt=\"\" srcset=\"https:\/\/zlatyrakytnik.sk\/wp-content\/uploads\/2025\/05\/zk1624-ruCne-balenE.png 880w, https:\/\/zlatyrakytnik.sk\/wp-content\/uploads\/2025\/05\/zk1624-ruCne-balenE-281x300.png 281w, https:\/\/zlatyrakytnik.sk\/wp-content\/uploads\/2025\/05\/zk1624-ruCne-balenE-768x820.png 768w, https:\/\/zlatyrakytnik.sk\/wp-content\/uploads\/2025\/05\/zk1624-ruCne-balenE-11x12.png 11w, https:\/\/zlatyrakytnik.sk\/wp-content\/uploads\/2025\/05\/zk1624-ruCne-balenE-441x471.png 441w, https:\/\/zlatyrakytnik.sk\/wp-content\/uploads\/2025\/05\/zk1624-ruCne-balenE-600x641.png 600w, https:\/\/zlatyrakytnik.sk\/wp-content\/uploads\/2025\/05\/zk1624-ruCne-balenE-150x160.png 150w\" sizes=\"(max-width: 300px) 100vw, 300px\" \/>RU\u010cNE BALEN\u00c9<\/td><td class=\"has-text-align-center\" data-align=\"center\"><img loading=\"lazy\" decoding=\"async\" width=\"300\" height=\"320\" class=\"wp-image-34377\" style=\"width: 300px;\" src=\"https:\/\/zlatyrakytnik.sk\/wp-content\/uploads\/2025\/05\/h4lnuf-lokAlna-vYroba.png\" alt=\"\" srcset=\"https:\/\/zlatyrakytnik.sk\/wp-content\/uploads\/2025\/05\/h4lnuf-lokAlna-vYroba.png 880w, https:\/\/zlatyrakytnik.sk\/wp-content\/uploads\/2025\/05\/h4lnuf-lokAlna-vYroba-281x300.png 281w, https:\/\/zlatyrakytnik.sk\/wp-content\/uploads\/2025\/05\/h4lnuf-lokAlna-vYroba-768x820.png 768w, https:\/\/zlatyrakytnik.sk\/wp-content\/uploads\/2025\/05\/h4lnuf-lokAlna-vYroba-11x12.png 11w, https:\/\/zlatyrakytnik.sk\/wp-content\/uploads\/2025\/05\/h4lnuf-lokAlna-vYroba-441x471.png 441w, https:\/\/zlatyrakytnik.sk\/wp-content\/uploads\/2025\/05\/h4lnuf-lokAlna-vYroba-600x641.png 600w, https:\/\/zlatyrakytnik.sk\/wp-content\/uploads\/2025\/05\/h4lnuf-lokAlna-vYroba-150x160.png 150w\" sizes=\"(max-width: 300px) 100vw, 300px\" \/>LOK\u00c1LNE<\/td><td class=\"has-text-align-center\" data-align=\"center\"><img loading=\"lazy\" decoding=\"async\" width=\"300\" height=\"320\" class=\"wp-image-34371\" style=\"width: 300px;\" src=\"https:\/\/zlatyrakytnik.sk\/wp-content\/uploads\/2025\/05\/4wjuy1-udrzitelnost.png\" alt=\"\" srcset=\"https:\/\/zlatyrakytnik.sk\/wp-content\/uploads\/2025\/05\/4wjuy1-udrzitelnost.png 880w, https:\/\/zlatyrakytnik.sk\/wp-content\/uploads\/2025\/05\/4wjuy1-udrzitelnost-281x300.png 281w, https:\/\/zlatyrakytnik.sk\/wp-content\/uploads\/2025\/05\/4wjuy1-udrzitelnost-768x820.png 768w, https:\/\/zlatyrakytnik.sk\/wp-content\/uploads\/2025\/05\/4wjuy1-udrzitelnost-11x12.png 11w, https:\/\/zlatyrakytnik.sk\/wp-content\/uploads\/2025\/05\/4wjuy1-udrzitelnost-441x471.png 441w, https:\/\/zlatyrakytnik.sk\/wp-content\/uploads\/2025\/05\/4wjuy1-udrzitelnost-600x641.png 600w, https:\/\/zlatyrakytnik.sk\/wp-content\/uploads\/2025\/05\/4wjuy1-udrzitelnost-150x160.png 150w\" sizes=\"(max-width: 300px) 100vw, 300px\" \/>UDR\u017dATE\u013dNE<\/td><\/tr><\/tbody><\/table><\/figure><p><\/p>","protected":false},"excerpt":{"rendered":"<p>Dav\u00eddek u\u017e pre v\u00e1s namie\u0161al takmer 80 druhov jedine\u010dn\u00fdch koreniacich zmes\u00ed bez soli a glutam\u00e1tu na cel\u00fa \u0161k\u00e1lu pokrmov z r\u00f4znych svetov\u00fdch kuch\u00fd\u0148. Ver\u00edme, \u017ee si ich zamilujete! BEZ SOLI BEZ CH\u00c9MIE BEZ GMO BEZ LEPKU MINIMUM ODPADU V\u017dDY \u010cERSTV\u00c9 VEG\u00c1N SLOW FOOD ROBEN\u00c9 S L\u00c1SKOU RU\u010cNE BALEN\u00c9 LOK\u00c1LNE UDR\u017dATE\u013dNE<\/p>","protected":false},"featured_media":34383,"comment_status":"closed","ping_status":"closed","template":"","meta":[],"product_brand":[444],"product_cat":[253,445,276],"product_tag":[],"giftcard-category":[],"class_list":{"0":"post-34369","1":"product","2":"type-product","3":"status-publish","4":"has-post-thumbnail","6":"product_brand-davidkovo-korenie","7":"product_cat-spajza","8":"product_cat-korenie","9":"product_cat-bez-lepku-alergenov","11":"first","12":"instock","13":"taxable","14":"shipping-taxable","15":"purchasable","16":"product-type-variable"},"_links":{"self":[{"href":"https:\/\/zlatyrakytnik.sk\/hu\/wp-json\/wp\/v2\/product\/34369","targetHints":{"allow":["GET"]}}],"collection":[{"href":"https:\/\/zlatyrakytnik.sk\/hu\/wp-json\/wp\/v2\/product"}],"about":[{"href":"https:\/\/zlatyrakytnik.sk\/hu\/wp-json\/wp\/v2\/types\/product"}],"replies":[{"embeddable":true,"href":"https:\/\/zlatyrakytnik.sk\/hu\/wp-json\/wp\/v2\/comments?post=34369"}],"wp:featuredmedia":[{"embeddable":true,"href":"https:\/\/zlatyrakytnik.sk\/hu\/wp-json\/wp\/v2\/media\/34383"}],"wp:attachment":[{"href":"https:\/\/zlatyrakytnik.sk\/hu\/wp-json\/wp\/v2\/media?parent=34369"}],"wp:term":[{"taxonomy":"product_brand","embeddable":true,"href":"https:\/\/zlatyrakytnik.sk\/hu\/wp-json\/wp\/v2\/product_brand?post=34369"},{"taxonomy":"product_cat","embeddable":true,"href":"https:\/\/zlatyrakytnik.sk\/hu\/wp-json\/wp\/v2\/product_cat?post=34369"},{"taxonomy":"product_tag","embeddable":true,"href":"https:\/\/zlatyrakytnik.sk\/hu\/wp-json\/wp\/v2\/product_tag?post=34369"},{"taxonomy":"giftcard-category","embeddable":true,"href":"https:\/\/zlatyrakytnik.sk\/hu\/wp-json\/wp\/v2\/giftcard-category?post=34369"}],"curies":[{"name":"wp","href":"https:\/\/api.w.org\/{rel}","templated":true}]}}