{"id":34478,"date":"2025-06-06T09:43:50","date_gmt":"2025-06-06T07:43:50","guid":{"rendered":"https:\/\/zlatyrakytnik.sk\/?post_type=product&#038;p=34478"},"modified":"2026-01-26T10:33:50","modified_gmt":"2026-01-26T09:33:50","slug":"rakytnik-v-mede-pleva-250-g","status":"publish","type":"product","link":"https:\/\/zlatyrakytnik.sk\/hu\/termek\/rakytnik-v-mede-pleva-250-g\/","title":{"rendered":"Rakytn\u00edk v mede Pleva 250 g"},"content":{"rendered":"<p><em>\u201eKolekci na\u0161ich v\u00fdjime\u010dn\u00fdch med\u016f s p\u0159\u00edm\u011bsemi jsme doplnili o variantu s rakytn\u00edkem. \u017de rakytn\u00edk v\u016fbec nezn\u00e1te? Je to kr\u00e1sn\u00e1 d\u0159evit\u00e1 rostlina.V Rusku je rakytn\u00edk naz\u00fdv\u00e1n \u201csibi\u0159sk\u00fdm z\u00e1zrakem\u201d nebo \u201ccitron\u00edkem severu\u201d. T\u00e9to blahod\u00e1rn\u00e9 rostlinky jsme do medu p\u0159idali hned 5 %, tak\u017ee dosp\u011bl\u00e9mu posta\u010d\u00ed jedna a d\u011btem dokonce jen p\u016fl k\u00e1vov\u00e9 l\u017ei\u010dky denn\u011b. Med s rakytn\u00edkem nedoporu\u010dujeme pro d\u011bti do 3 let.\u201c<\/em><\/p><p><em><strong>Hanka Plevov\u00e1<\/strong><\/em><br><em>zakladate\u013eka rodinn\u00e9 firmy<\/em><\/p><p>Pre v\u0161etky na\u0161e medy s pr\u00edmesou pou\u017e\u00edvame pastovan\u00fd med. Pastovanie medu je technologick\u00fd postup mechanick\u00e9ho premie\u0161avania, pri ktorom med z\u00edskava jemn\u00fa ka\u0161ovit\u00fa konzistenciu. Takto spracovan\u00fd med nekry\u0161talizuje, pr\u00edjemn\u00fa konzistenciu si zachov\u00e1va dlhodobo a dobre sa s n\u00edm pracuje \u2013 zost\u00e1va m\u00e4kk\u00fd, \u013eahko sa naber\u00e1, je dobre roztierate\u013en\u00fd a pritom nestek\u00e1.<\/p><p>Pri medoch s pr\u00edmesou potom pou\u017e\u00edvame pastovanie tie\u017e z toho d\u00f4vodu, \u017ee kr\u00e9mov\u00e1 konzistencia zamedzuje odde\u013eovaniu pr\u00edmesi od medu av pr\u00edpade, \u017ee k oddeleniu predsa len d\u00f4jde (to sa t\u00fdka hlavne kakaov\u00fdch b\u00f4bov, ktor\u00e9 maj\u00fa tendenciu vypl\u00e1va\u0165 nahor), pastovan\u00fd med sa d\u00e1 \u013eahko premie\u0161a\u0165.<\/p><p><strong>N\u00e1vod na pou\u017eitie:\u00a0<\/strong>Dospel\u00e9mu posta\u010d\u00ed jedna a de\u0165om dokonca len pol k\u00e1vovej ly\u017ei\u010dky denne. <strong>Neodpor\u00fa\u010dame pre deti do 3 rokov<\/strong>. V pr\u00edpade potreby premie\u0161ajte.\u00a0<strong>Opatrnos\u0165 je potrebn\u00e1 u alergikov na v\u010delie produkty<\/strong>.<\/p><p>Zlo\u017eenie: med, rakytn\u00edk<\/p>","protected":false},"excerpt":{"rendered":"<p>\u2022 kvalitn\u00fd \u010desk\u00fd med \u2022 sib\u00edrsky z\u00e1zrak \u2022 citr\u00f3novn\u00edk severu<\/p>","protected":false},"featured_media":34479,"comment_status":"closed","ping_status":"closed","template":"","meta":[],"product_brand":[],"product_cat":[418,264],"product_tag":[],"giftcard-category":[],"class_list":{"0":"post-34478","1":"product","2":"type-product","3":"status-publish","4":"has-post-thumbnail","6":"product_cat-med-a-vcelie-produkty","7":"product_cat-prirodne-sladidla","9":"first","10":"instock","11":"taxable","12":"shipping-taxable","13":"purchasable","14":"product-type-simple"},"_links":{"self":[{"href":"https:\/\/zlatyrakytnik.sk\/hu\/wp-json\/wp\/v2\/product\/34478","targetHints":{"allow":["GET"]}}],"collection":[{"href":"https:\/\/zlatyrakytnik.sk\/hu\/wp-json\/wp\/v2\/product"}],"about":[{"href":"https:\/\/zlatyrakytnik.sk\/hu\/wp-json\/wp\/v2\/types\/product"}],"replies":[{"embeddable":true,"href":"https:\/\/zlatyrakytnik.sk\/hu\/wp-json\/wp\/v2\/comments?post=34478"}],"wp:featuredmedia":[{"embeddable":true,"href":"https:\/\/zlatyrakytnik.sk\/hu\/wp-json\/wp\/v2\/media\/34479"}],"wp:attachment":[{"href":"https:\/\/zlatyrakytnik.sk\/hu\/wp-json\/wp\/v2\/media?parent=34478"}],"wp:term":[{"taxonomy":"product_brand","embeddable":true,"href":"https:\/\/zlatyrakytnik.sk\/hu\/wp-json\/wp\/v2\/product_brand?post=34478"},{"taxonomy":"product_cat","embeddable":true,"href":"https:\/\/zlatyrakytnik.sk\/hu\/wp-json\/wp\/v2\/product_cat?post=34478"},{"taxonomy":"product_tag","embeddable":true,"href":"https:\/\/zlatyrakytnik.sk\/hu\/wp-json\/wp\/v2\/product_tag?post=34478"},{"taxonomy":"giftcard-category","embeddable":true,"href":"https:\/\/zlatyrakytnik.sk\/hu\/wp-json\/wp\/v2\/giftcard-category?post=34478"}],"curies":[{"name":"wp","href":"https:\/\/api.w.org\/{rel}","templated":true}]}}