{"id":34480,"date":"2025-06-06T09:49:38","date_gmt":"2025-06-06T07:49:38","guid":{"rendered":"https:\/\/zlatyrakytnik.sk\/?post_type=product&#038;p=34480"},"modified":"2025-06-06T15:12:14","modified_gmt":"2025-06-06T13:12:14","slug":"zen-sen-koren-v-mede-pleva-250-g","status":"publish","type":"product","link":"https:\/\/zlatyrakytnik.sk\/hu\/termek\/zen-sen-koren-v-mede-pleva-250-g\/","title":{"rendered":"\u017den-\u0161en kore\u0148 v mede Pleva 250 g"},"content":{"rendered":"<p><em>\u201e\u017de sladk\u00e9 pom\u00e1h\u00e1 na nervy, to v\u0161ichni v\u00edme. V tomto medu se ale ukr\u00fdv\u00e1 mnohem v\u011bt\u0161\u00ed s\u00edla. P\u0159idali jsme do n\u011bj \u017een\u0161en, exotickou bylinku s pozoruhodn\u00fdmi vlastnostmi. Prvn\u00ed zm\u00ednky o n\u011bm najdeme v \u010d\u00ednsk\u00fdch knih\u00e1ch u\u017e z 1. stolet\u00ed p\u0159ed na\u0161\u00edm letopo\u010dtem, kde mu byly p\u0159isuzov\u00e1ny a\u017e nadpozemsk\u00e9 vlastnosti. Na dlouhou dobu se pak stal v\u00fdsadou jen panovn\u00edk\u016f a nejvy\u0161\u0161\u00edch spole\u010densk\u00fdch vrstev. Dosp\u011bl\u00ed mohou u\u017e\u00edvat 1 l\u017ei\u010dku denn\u011b, d\u011bti jen polovinu. Nevhodn\u00e9 pro d\u011bti do 3 let. V p\u0159\u00edpad\u011b pot\u0159eby prom\u00edchejte. Med obsahuje 5% \u017een\u0161enu.\u201c<\/em><\/p><p><em><strong>Hanka Plevov\u00e1<\/strong><\/em><br><em>zakladatelka rodinn\u00e9 firmy<\/em><\/p><p>Pre v\u0161etky na\u0161e medy s pr\u00edmesou pou\u017e\u00edvame pastovan\u00fd med. Pastovanie medu je technologick\u00fd postup mechanick\u00e9ho premie\u0161avania, pri ktorom med z\u00edskava jemn\u00fa ka\u0161ovit\u00fa konzistenciu. Takto spracovan\u00fd med nekry\u0161talizuje, pr\u00edjemn\u00fa konzistenciu si zachov\u00e1va dlhodobo a dobre sa s n\u00edm pracuje \u2013 zost\u00e1va m\u00e4kk\u00fd, \u013eahko sa naber\u00e1, je dobre roztierate\u013en\u00fd a pritom nestek\u00e1.<\/p><p>Pri medoch s pr\u00edmesou potom pou\u017e\u00edvame pastovanie tie\u017e z toho d\u00f4vodu, \u017ee kr\u00e9mov\u00e1 konzistencia zamedzuje odde\u013eovaniu pr\u00edmesi od medu av pr\u00edpade, \u017ee k oddeleniu predsa len d\u00f4jde (to sa t\u00fdka hlavne kakaov\u00fdch b\u00f4bov, ktor\u00e9 maj\u00fa tendenciu vypl\u00e1va\u0165 nahor), pastovan\u00fd med sa d\u00e1 \u013eahko premie\u0161a\u0165.<\/p><p><strong>N\u00e1vod na pou\u017eitie:\u00a0<\/strong>Dospel\u00e9mu posta\u010d\u00ed jedna a de\u0165om dokonca len pol k\u00e1vovej ly\u017ei\u010dky denne. <strong>Neodpor\u00fa\u010dame pre deti do 3 rokov<\/strong>. V pr\u00edpade potreby premie\u0161ajte.\u00a0<strong>Opatrnos\u0165 je potrebn\u00e1 u alergikov na v\u010delie produkty<\/strong>.<\/p><p>Zlo\u017eenie: med, \u017een\u0161en<\/p><p><\/p>","protected":false},"excerpt":{"rendered":"<p>\u2022 u\u017e od 1. storo\u010dia pred na\u0161im letopo\u010dtom \u2022 v\u00fdsada panovn\u00edkov \u2022 kvalitn\u00fd \u010desk\u00fd med<\/p>","protected":false},"featured_media":34481,"comment_status":"closed","ping_status":"closed","template":"","meta":[],"product_brand":[],"product_cat":[418,264],"product_tag":[],"giftcard-category":[],"class_list":{"0":"post-34480","1":"product","2":"type-product","3":"status-publish","4":"has-post-thumbnail","6":"product_cat-med-a-vcelie-produkty","7":"product_cat-prirodne-sladidla","9":"first","10":"instock","11":"taxable","12":"shipping-taxable","13":"purchasable","14":"product-type-simple"},"_links":{"self":[{"href":"https:\/\/zlatyrakytnik.sk\/hu\/wp-json\/wp\/v2\/product\/34480","targetHints":{"allow":["GET"]}}],"collection":[{"href":"https:\/\/zlatyrakytnik.sk\/hu\/wp-json\/wp\/v2\/product"}],"about":[{"href":"https:\/\/zlatyrakytnik.sk\/hu\/wp-json\/wp\/v2\/types\/product"}],"replies":[{"embeddable":true,"href":"https:\/\/zlatyrakytnik.sk\/hu\/wp-json\/wp\/v2\/comments?post=34480"}],"wp:featuredmedia":[{"embeddable":true,"href":"https:\/\/zlatyrakytnik.sk\/hu\/wp-json\/wp\/v2\/media\/34481"}],"wp:attachment":[{"href":"https:\/\/zlatyrakytnik.sk\/hu\/wp-json\/wp\/v2\/media?parent=34480"}],"wp:term":[{"taxonomy":"product_brand","embeddable":true,"href":"https:\/\/zlatyrakytnik.sk\/hu\/wp-json\/wp\/v2\/product_brand?post=34480"},{"taxonomy":"product_cat","embeddable":true,"href":"https:\/\/zlatyrakytnik.sk\/hu\/wp-json\/wp\/v2\/product_cat?post=34480"},{"taxonomy":"product_tag","embeddable":true,"href":"https:\/\/zlatyrakytnik.sk\/hu\/wp-json\/wp\/v2\/product_tag?post=34480"},{"taxonomy":"giftcard-category","embeddable":true,"href":"https:\/\/zlatyrakytnik.sk\/hu\/wp-json\/wp\/v2\/giftcard-category?post=34480"}],"curies":[{"name":"wp","href":"https:\/\/api.w.org\/{rel}","templated":true}]}}