{"id":34483,"date":"2025-06-06T09:58:45","date_gmt":"2025-06-06T07:58:45","guid":{"rendered":"https:\/\/zlatyrakytnik.sk\/?post_type=product&#038;p=34483"},"modified":"2026-01-26T10:43:28","modified_gmt":"2026-01-26T09:43:28","slug":"zazvor-lekarsky-v-mede-pleva-250-g","status":"publish","type":"product","link":"https:\/\/zlatyrakytnik.sk\/hu\/termek\/zazvor-lekarsky-v-mede-pleva-250-g\/","title":{"rendered":"Z\u00e1zvor lek\u00e1rsky v mede Pleva 250 g"},"content":{"rendered":"<p>Pre v\u0161etky na\u0161e medy s pr\u00edmesou pou\u017e\u00edvame pastovan\u00fd med. Pastovanie medu je technologick\u00fd postup mechanick\u00e9ho premie\u0161avania, pri ktorom med z\u00edskava jemn\u00fa ka\u0161ovit\u00fa konzistenciu. Takto spracovan\u00fd med nekry\u0161talizuje, pr\u00edjemn\u00fa konzistenciu si zachov\u00e1va dlhodobo a dobre sa s n\u00edm pracuje \u2013 zost\u00e1va m\u00e4kk\u00fd, \u013eahko sa naber\u00e1, je dobre roztierate\u013en\u00fd a pritom nestek\u00e1.<\/p><p>Pri medoch s pr\u00edmesou potom pou\u017e\u00edvame pastovanie tie\u017e z toho d\u00f4vodu, \u017ee kr\u00e9mov\u00e1 konzistencia zamedzuje odde\u013eovaniu pr\u00edmesi od medu av pr\u00edpade, \u017ee k oddeleniu predsa len d\u00f4jde (to sa t\u00fdka hlavne kakaov\u00fdch b\u00f4bov, ktor\u00e9 maj\u00fa tendenciu vypl\u00e1va\u0165 nahor), pastovan\u00fd med sa d\u00e1 \u013eahko premie\u0161a\u0165.<\/p><p><strong>N\u00e1vod na pou\u017eitie:&nbsp;<\/strong>Dospel\u00e9mu posta\u010d\u00ed jedna a de\u0165om dokonca len pol k\u00e1vovej ly\u017ei\u010dky denne. <strong>Neodpor\u00fa\u010dame pre deti do 3 rokov<\/strong>. V pr\u00edpade potreby premie\u0161ajte.&nbsp;<strong>Opatrnos\u0165 je potrebn\u00e1 u alergikov na v\u010delie produkty<\/strong>.<\/p><p>Zlo\u017eenie: med, z\u00e1zvor<\/p>","protected":false},"excerpt":{"rendered":"<p>\u2022 torn\u00e1do v mede<br \/>\n\u2022 sladk\u00e1 a z\u00e1rove\u0148 jemne pikantn\u00e1 chu\u0165<br \/>\n\u2022 \u013eahk\u00e9 a r\u00fdchle pou\u017eitie<\/p>","protected":false},"featured_media":34484,"comment_status":"closed","ping_status":"closed","template":"","meta":[],"product_brand":[],"product_cat":[418,264],"product_tag":[],"giftcard-category":[],"class_list":{"0":"post-34483","1":"product","2":"type-product","3":"status-publish","4":"has-post-thumbnail","6":"product_cat-med-a-vcelie-produkty","7":"product_cat-prirodne-sladidla","9":"first","10":"instock","11":"taxable","12":"shipping-taxable","13":"purchasable","14":"product-type-simple"},"_links":{"self":[{"href":"https:\/\/zlatyrakytnik.sk\/hu\/wp-json\/wp\/v2\/product\/34483","targetHints":{"allow":["GET"]}}],"collection":[{"href":"https:\/\/zlatyrakytnik.sk\/hu\/wp-json\/wp\/v2\/product"}],"about":[{"href":"https:\/\/zlatyrakytnik.sk\/hu\/wp-json\/wp\/v2\/types\/product"}],"replies":[{"embeddable":true,"href":"https:\/\/zlatyrakytnik.sk\/hu\/wp-json\/wp\/v2\/comments?post=34483"}],"wp:featuredmedia":[{"embeddable":true,"href":"https:\/\/zlatyrakytnik.sk\/hu\/wp-json\/wp\/v2\/media\/34484"}],"wp:attachment":[{"href":"https:\/\/zlatyrakytnik.sk\/hu\/wp-json\/wp\/v2\/media?parent=34483"}],"wp:term":[{"taxonomy":"product_brand","embeddable":true,"href":"https:\/\/zlatyrakytnik.sk\/hu\/wp-json\/wp\/v2\/product_brand?post=34483"},{"taxonomy":"product_cat","embeddable":true,"href":"https:\/\/zlatyrakytnik.sk\/hu\/wp-json\/wp\/v2\/product_cat?post=34483"},{"taxonomy":"product_tag","embeddable":true,"href":"https:\/\/zlatyrakytnik.sk\/hu\/wp-json\/wp\/v2\/product_tag?post=34483"},{"taxonomy":"giftcard-category","embeddable":true,"href":"https:\/\/zlatyrakytnik.sk\/hu\/wp-json\/wp\/v2\/giftcard-category?post=34483"}],"curies":[{"name":"wp","href":"https:\/\/api.w.org\/{rel}","templated":true}]}}