{"id":34487,"date":"2025-06-06T11:47:32","date_gmt":"2025-06-06T09:47:32","guid":{"rendered":"https:\/\/zlatyrakytnik.sk\/?post_type=product&#038;p=34487"},"modified":"2025-12-02T09:00:39","modified_gmt":"2025-12-02T08:00:39","slug":"propolis-v-mede-pleva-250-g","status":"publish","type":"product","link":"https:\/\/zlatyrakytnik.sk\/hu\/termek\/propolis-v-mede-pleva-250-g\/","title":{"rendered":"Propolis v mede Pleva 250 g"},"content":{"rendered":"<p id=\"p1\"><strong>Propolis v medu \u2013 Vzh\u016fru do boje!<\/strong><\/p><p id=\"p2\"><em>\u201cPropolisem v\u010delky \u010dist\u00ed \u00fal od nejr\u016fzn\u011bj\u0161\u00edch ne\u010distot \u2013 cokoli, co by mohlo b\u00fdt zdrojem n\u00e1kazy, zkr\u00e1tka zatmel\u00ed touto prysky\u0159i\u010dnou hmotou s bohat\u00fdm slo\u017een\u00edm. Jen d\u00edky propolisu p\u0159e\u017eily a\u017e do dne\u0161n\u00edch dn\u00ed.V tomto medu s propolisem najdete p\u0159\u00edm\u011bs 0,5 % propolisu. Dosp\u011bl\u00e9mu \u010dlov\u011bku doporu\u010dujeme 1 l\u017ei\u010dku denn\u011b, pro d\u011bti a t\u011bhotn\u00e9 a koj\u00edc\u00ed \u017eeny nen\u00ed vhodn\u00fd v\u016fbec. V p\u0159\u00edpad\u011b pot\u0159eby prom\u00edchejte. V\u00edte pro\u010d m\u00e1me na krabi\u010dce ka\u0161tan? Proto\u017ee pr\u00e1v\u011b na n\u011bm v\u010delky sb\u00edraj\u00ed nejv\u00edce propolisu.\u201d<\/em><\/p><p id=\"p2\"><em>Hanka Plevov\u00e1<\/em><\/p><p>Pre v\u0161etky na\u0161e medy s pr\u00edmesou pou\u017e\u00edvame pastovan\u00fd med. Pastovanie medu je technologick\u00fd postup mechanick\u00e9ho premie\u0161avania, pri ktorom med z\u00edskava jemn\u00fa ka\u0161ovit\u00fa konzistenciu. Takto spracovan\u00fd med nekry\u0161talizuje, pr\u00edjemn\u00fa konzistenciu si zachov\u00e1va dlhodobo a dobre sa s n\u00edm pracuje \u2013 zost\u00e1va m\u00e4kk\u00fd, \u013eahko sa naber\u00e1, je dobre roztierate\u013en\u00fd a pritom nestek\u00e1.<\/p><p>Pri medoch s pr\u00edmesou potom pou\u017e\u00edvame pastovanie tie\u017e z toho d\u00f4vodu, \u017ee kr\u00e9mov\u00e1 konzistencia zamedzuje odde\u013eovaniu pr\u00edmesi od medu av pr\u00edpade, \u017ee k oddeleniu predsa len d\u00f4jde (to sa t\u00fdka hlavne kakaov\u00fdch b\u00f4bov, ktor\u00e9 maj\u00fa tendenciu vypl\u00e1va\u0165 nahor), pastovan\u00fd med sa d\u00e1 \u013eahko premie\u0161a\u0165.<\/p><p><strong>N\u00e1vod na pou\u017eitie:\u00a0<\/strong>V\u00fdrobok nie je ur\u010den\u00fd pre deti, tehotn\u00e9 a doj\u010diace \u017eeny. Opatrnos\u0165 je potrebn\u00e1 u alergikov na v\u010delie produkty.<\/p><p>Zlo\u017eenie: med, propolis<\/p>","protected":false},"excerpt":{"rendered":"<p>\u2022 kvalitn\u00fd \u010desk\u00fd med<br \/>\n\u2022 v\u00fdborne chut\u00ed<\/p>\n<p>Region\u00e1lne potravina Kr\u00e1lov\u00e9hradeck\u00e9ho kraja za rok 2020<\/p>","protected":false},"featured_media":34488,"comment_status":"closed","ping_status":"closed","template":"","meta":[],"product_brand":[],"product_cat":[418,264],"product_tag":[],"giftcard-category":[],"class_list":{"0":"post-34487","1":"product","2":"type-product","3":"status-publish","4":"has-post-thumbnail","6":"product_cat-med-a-vcelie-produkty","7":"product_cat-prirodne-sladidla","9":"first","10":"instock","11":"taxable","12":"shipping-taxable","13":"purchasable","14":"product-type-simple"},"_links":{"self":[{"href":"https:\/\/zlatyrakytnik.sk\/hu\/wp-json\/wp\/v2\/product\/34487","targetHints":{"allow":["GET"]}}],"collection":[{"href":"https:\/\/zlatyrakytnik.sk\/hu\/wp-json\/wp\/v2\/product"}],"about":[{"href":"https:\/\/zlatyrakytnik.sk\/hu\/wp-json\/wp\/v2\/types\/product"}],"replies":[{"embeddable":true,"href":"https:\/\/zlatyrakytnik.sk\/hu\/wp-json\/wp\/v2\/comments?post=34487"}],"wp:featuredmedia":[{"embeddable":true,"href":"https:\/\/zlatyrakytnik.sk\/hu\/wp-json\/wp\/v2\/media\/34488"}],"wp:attachment":[{"href":"https:\/\/zlatyrakytnik.sk\/hu\/wp-json\/wp\/v2\/media?parent=34487"}],"wp:term":[{"taxonomy":"product_brand","embeddable":true,"href":"https:\/\/zlatyrakytnik.sk\/hu\/wp-json\/wp\/v2\/product_brand?post=34487"},{"taxonomy":"product_cat","embeddable":true,"href":"https:\/\/zlatyrakytnik.sk\/hu\/wp-json\/wp\/v2\/product_cat?post=34487"},{"taxonomy":"product_tag","embeddable":true,"href":"https:\/\/zlatyrakytnik.sk\/hu\/wp-json\/wp\/v2\/product_tag?post=34487"},{"taxonomy":"giftcard-category","embeddable":true,"href":"https:\/\/zlatyrakytnik.sk\/hu\/wp-json\/wp\/v2\/giftcard-category?post=34487"}],"curies":[{"name":"wp","href":"https:\/\/api.w.org\/{rel}","templated":true}]}}