{"id":34489,"date":"2025-06-06T11:50:46","date_gmt":"2025-06-06T09:50:46","guid":{"rendered":"https:\/\/zlatyrakytnik.sk\/?post_type=product&#038;p=34489"},"modified":"2025-12-02T08:59:56","modified_gmt":"2025-12-02T07:59:56","slug":"pohyb-v-mede-klbova-vyziva-pleva-250-g","status":"publish","type":"product","link":"https:\/\/zlatyrakytnik.sk\/hu\/termek\/pohyb-v-mede-klbova-vyziva-pleva-250-g\/","title":{"rendered":"Pohyb v mede \u2013 k\u013abov\u00e1 v\u00fd\u017eiva Pleva 250 g"},"content":{"rendered":"<p><em>\u201eDo t\u00e9to 250gramov\u00e9 skleni\u010dky se krom\u011b v\u00fdborn\u00e9ho medu ve\u0161el i glukosamin, chondroitin a MSM. Proto\u017ee pohybov\u00e9mu apar\u00e1tu mus\u00edme v\u011bnovat p\u00e9\u010di je\u0161t\u011b d\u0159\u00edve, ne\u017e uc\u00edt\u00edme bolest. Doporu\u010den\u00e9 d\u00e1vkov\u00e1n\u00ed: dvakr\u00e1t denn\u011b 2 l\u017ei\u010dky medu, nevhodn\u00e9 pro d\u011bti do 3 let. V p\u0159\u00edpad\u011b pot\u0159eby prom\u00edchejte. Med obsahuje celkem 2% glukosaminu, chondroitinu a MSM.\u201c<\/em><\/p><p><em><strong>Hanka Plevov\u00e1<\/strong><\/em><br><em>zakladate\u013eka rodinnej firmy<\/em><\/p><p>Pre v\u0161etky na\u0161e medy s pr\u00edmesou pou\u017e\u00edvame pastovan\u00fd med. Pastovanie medu je technologick\u00fd postup mechanick\u00e9ho premie\u0161avania, pri ktorom med z\u00edskava jemn\u00fa ka\u0161ovit\u00fa konzistenciu. Takto spracovan\u00fd med nekry\u0161talizuje, pr\u00edjemn\u00fa konzistenciu si zachov\u00e1va dlhodobo a dobre sa s n\u00edm pracuje \u2013 zost\u00e1va m\u00e4kk\u00fd, \u013eahko sa naber\u00e1, je dobre roztierate\u013en\u00fd a pritom nestek\u00e1.<\/p><p>Pri medoch s pr\u00edmesou potom pou\u017e\u00edvame pastovanie tie\u017e z toho d\u00f4vodu, \u017ee kr\u00e9mov\u00e1 konzistencia zamedzuje odde\u013eovaniu pr\u00edmesi od medu av pr\u00edpade, \u017ee k oddeleniu predsa len d\u00f4jde (to sa t\u00fdka hlavne kakaov\u00fdch b\u00f4bov, ktor\u00e9 maj\u00fa tendenciu vypl\u00e1va\u0165 nahor), pastovan\u00fd med sa d\u00e1 \u013eahko premie\u0161a\u0165.<\/p><p><strong>Odpor\u00fa\u010dan\u00e9 d\u00e1vkovanie: dvakr\u00e1t denne 2 ly\u017ei\u010dky medu, nevhodn\u00e9 pre deti do 3 rokov. V pr\u00edpade potreby premie\u0161ajte.<\/strong><\/p><p>Zlo\u017eenie: med, glukosaminsulf\u00e1t, chondroitinsulf\u00e1t, MSM<\/p>","protected":false},"excerpt":{"rendered":"<p>\u2022 starostlivos\u0165 o pohybov\u00fd apar\u00e1t<br \/>\n\u2022 \u010desk\u00fd med<br \/>\n\u2022 glukosam\u00edn, chondroit\u00edn a MSM<\/p>","protected":false},"featured_media":34490,"comment_status":"closed","ping_status":"closed","template":"","meta":[],"product_brand":[],"product_cat":[418,264],"product_tag":[],"giftcard-category":[],"class_list":{"0":"post-34489","1":"product","2":"type-product","3":"status-publish","4":"has-post-thumbnail","6":"product_cat-med-a-vcelie-produkty","7":"product_cat-prirodne-sladidla","9":"first","10":"instock","11":"taxable","12":"shipping-taxable","13":"purchasable","14":"product-type-simple"},"_links":{"self":[{"href":"https:\/\/zlatyrakytnik.sk\/hu\/wp-json\/wp\/v2\/product\/34489","targetHints":{"allow":["GET"]}}],"collection":[{"href":"https:\/\/zlatyrakytnik.sk\/hu\/wp-json\/wp\/v2\/product"}],"about":[{"href":"https:\/\/zlatyrakytnik.sk\/hu\/wp-json\/wp\/v2\/types\/product"}],"replies":[{"embeddable":true,"href":"https:\/\/zlatyrakytnik.sk\/hu\/wp-json\/wp\/v2\/comments?post=34489"}],"wp:featuredmedia":[{"embeddable":true,"href":"https:\/\/zlatyrakytnik.sk\/hu\/wp-json\/wp\/v2\/media\/34490"}],"wp:attachment":[{"href":"https:\/\/zlatyrakytnik.sk\/hu\/wp-json\/wp\/v2\/media?parent=34489"}],"wp:term":[{"taxonomy":"product_brand","embeddable":true,"href":"https:\/\/zlatyrakytnik.sk\/hu\/wp-json\/wp\/v2\/product_brand?post=34489"},{"taxonomy":"product_cat","embeddable":true,"href":"https:\/\/zlatyrakytnik.sk\/hu\/wp-json\/wp\/v2\/product_cat?post=34489"},{"taxonomy":"product_tag","embeddable":true,"href":"https:\/\/zlatyrakytnik.sk\/hu\/wp-json\/wp\/v2\/product_tag?post=34489"},{"taxonomy":"giftcard-category","embeddable":true,"href":"https:\/\/zlatyrakytnik.sk\/hu\/wp-json\/wp\/v2\/giftcard-category?post=34489"}],"curies":[{"name":"wp","href":"https:\/\/api.w.org\/{rel}","templated":true}]}}