{"id":34491,"date":"2025-06-06T11:55:50","date_gmt":"2025-06-06T09:55:50","guid":{"rendered":"https:\/\/zlatyrakytnik.sk\/?post_type=product&#038;p=34491"},"modified":"2025-09-03T14:45:56","modified_gmt":"2025-09-03T12:45:56","slug":"pleva-propolisova-tinktura-v-skle-s-kvapkadlom-28-g","status":"publish","type":"product","link":"https:\/\/zlatyrakytnik.sk\/hu\/termek\/pleva-propolisova-tinktura-v-skle-s-kvapkadlom-28-g\/","title":{"rendered":"Pleva Propolisov\u00e1 tinkt\u00fara v skle s kvapkadlom 28 g"},"content":{"rendered":"<p><strong>Pou\u017eitie<\/strong><\/p><p>Propolisov\u00e9 kvapky m\u00f4\u017eete pou\u017e\u00edva\u0165 na rad vonkaj\u0161\u00edch probl\u00e9mov, najm\u00e4 plesne a ko\u017en\u00e9 ochorenia. Pou\u017ei\u0165 ich m\u00f4\u017eete tie\u017e pri bodovej aplik\u00e1cii napr\u00edklad na afty.<\/p><p>V\u010faka propolisu \u017eij\u00fa v\u010dielky na Zemi u\u017e mili\u00f3ny rokov \u2013 len v\u010faka jeho antimikrobi\u00e1lnym \u00fa\u010dinkom pre\u017e\u00edvaj\u00fa v zdrav\u00ed. A my sme v\u0161etku silu propolisu koncentrovali do t\u00fdchto kvapiek.<\/p><p><strong>Kvapky alebo tinkt\u00fara?<\/strong><\/p><p>\u010casto sa n\u00e1s p\u00fdtate, ak\u00fd je rozdiel medzi propolisov\u00fdm kvapkami a propolisov\u00fa tinkt\u00farou. M\u00f4\u017eeme v\u00e1s uisti\u0165, \u017ee sa jedn\u00e1 o \u00faplne rovnak\u00fd produkt s rovnak\u00fdm zlo\u017een\u00edm. Pre\u010do ho teda m\u00e1me pod dvoma n\u00e1zvami? Preto\u017ee najsk\u00f4r bol zn\u00e1my pod ozna\u010den\u00edm propolisov\u00e1 tinkt\u00fara. Potom sme ale slovo tinkt\u00fara nemohli p\u00e1r rokov pou\u017e\u00edva\u0165, tak\u017ee sme boli n\u00faten\u00ed produkt premenova\u0165 na kvapky. A teraz je ozna\u010denie tinkt\u00fara op\u00e4\u0165 povolen\u00e9. A preto\u017ee niektor\u00ed z\u00e1kazn\u00edci h\u013eadaj\u00fa kvapky a niektor\u00ed tinkt\u00faru, rozhodli sme sa ponecha\u0165 obe ozna\u010denia.<\/p><p><strong>Pre\u010do pr\u00e1ve sklo?<\/strong><\/p><p>Prem\u00fd\u0161\u013eali sme, ako urobi\u0165 na\u0161u propolisov\u00fa tinkt\u00faru viac ekologick\u00fa. Rie\u0161enie nebolo zlo\u017eit\u00e9, jednoducho sme sa vr\u00e1tili tam, kde sme za\u010d\u00ednali \u2013 ku sklu! Tak\u017ee tieto propolisov\u00e9 kvapky nielen pom\u00f4\u017eu na viac druhov probl\u00e9mov, ale s ich n\u00e1kupom sa tie\u017e vyhnete plastu. V\u010faka mo\u017enosti znovu naplnenia f\u013ea\u0161ti\u010dky z ve\u013ek\u00e9ho sklenen\u00e9ho balenia, je to ekologick\u00e1 propolisov\u00e1 tinkt\u00fara.<\/p><p><strong>Prv\u00e9 zmienky o propolise<\/strong><\/p><p>\u00daplne prv\u00e9 stopy o tom, \u017ee \u013eudia vyu\u017e\u00edvali v\u010delie produkty, teda predov\u0161etk\u00fdm med a mo\u017eno aj propolis, s\u00fa datovan\u00e9 na 13 tis\u00edc rokov pred na\u0161\u00edm letopo\u010dtom. Neexistuj\u00fa s\u00edce \u017eiadne p\u00edsomn\u00e9 z\u00e1znamy, v\u010dielky sa v\u0161ak objavovali na kresb\u00e1ch na skal\u00e1ch a objaven\u00e9 boli tie\u017e dreven\u00e9 kontajnery, ktor\u00e9 pravdepodobne sl\u00fa\u017eili ako prv\u00e9 \u00fale.<\/p><p>V Egypte okolo roku 3100 pr. N. L. U\u017e n\u00e1jdeme aj p\u00edsomn\u00e9 z\u00e1znamy, v\u010dielky sa za\u010dali objavova\u0165 v hieroglyfoch. V tomto obdob\u00ed je navy\u0161e vidie\u0165, ako si \u013eudia v\u010diel v\u00e1\u017eili \u2013 objavovali sa na v\u00e1zach a ma\u013eb\u00e1ch, bol to jeden zo symbolov hojnosti.<\/p><p>Zlo\u017eenie: Alcohol 60%, Aqua , Propolis cera 10%<\/p>","protected":false},"excerpt":{"rendered":"<div>\u2022 obsahuje antimikrobi\u00e1lne l\u00e1tky<\/div>\n<div>\u2022 pr\u00edrodn\u00e1 surovina<\/div>\n<div>\u2022 jednoduch\u00e9 pou\u017eitie s kvapkadlom<\/div>\n<div>\u2022 praktick\u00e9 balenie s kvapkadlom m\u00f4\u017eete opakovane dop\u013a\u0148a\u0165, pre tieto \u00fa\u010dely odpor\u00fa\u010dame ve\u013ek\u00e9 92 g balenie propolisov\u00e9 tinkt\u00fary, ktor\u00e9 vysta\u010dia hne\u010f na 3 jeho doplnenie.<\/div>\n<div><strong>\u00a0<\/strong><\/div>\n<div><strong>N\u00e1vod na pou\u017eitie:<\/strong>\u00a0propolisov\u00fa tinkt\u00faru aplikujte bodovo na postihnut\u00fa oblas\u0165, pr\u00edpadne s pomocou vatovej ty\u010dinky na afty alebo na ekz\u00e9m kdeko\u013evek na povrchu ko\u017ee. Po\u010d\u00edtajte s t\u00fdm, \u017ee pr\u00edrodn\u00e1 lie\u010dba nezaberie do druh\u00e9ho d\u0148a. V\u00fdrobok nie je ur\u010den\u00fd pre deti.<\/div>","protected":false},"featured_media":34492,"comment_status":"closed","ping_status":"closed","template":"","meta":[],"product_brand":[],"product_cat":[418],"product_tag":[],"giftcard-category":[],"class_list":{"0":"post-34491","1":"product","2":"type-product","3":"status-publish","4":"has-post-thumbnail","6":"product_cat-med-a-vcelie-produkty","8":"first","9":"instock","10":"taxable","11":"shipping-taxable","12":"purchasable","13":"product-type-simple"},"_links":{"self":[{"href":"https:\/\/zlatyrakytnik.sk\/hu\/wp-json\/wp\/v2\/product\/34491","targetHints":{"allow":["GET"]}}],"collection":[{"href":"https:\/\/zlatyrakytnik.sk\/hu\/wp-json\/wp\/v2\/product"}],"about":[{"href":"https:\/\/zlatyrakytnik.sk\/hu\/wp-json\/wp\/v2\/types\/product"}],"replies":[{"embeddable":true,"href":"https:\/\/zlatyrakytnik.sk\/hu\/wp-json\/wp\/v2\/comments?post=34491"}],"wp:featuredmedia":[{"embeddable":true,"href":"https:\/\/zlatyrakytnik.sk\/hu\/wp-json\/wp\/v2\/media\/34492"}],"wp:attachment":[{"href":"https:\/\/zlatyrakytnik.sk\/hu\/wp-json\/wp\/v2\/media?parent=34491"}],"wp:term":[{"taxonomy":"product_brand","embeddable":true,"href":"https:\/\/zlatyrakytnik.sk\/hu\/wp-json\/wp\/v2\/product_brand?post=34491"},{"taxonomy":"product_cat","embeddable":true,"href":"https:\/\/zlatyrakytnik.sk\/hu\/wp-json\/wp\/v2\/product_cat?post=34491"},{"taxonomy":"product_tag","embeddable":true,"href":"https:\/\/zlatyrakytnik.sk\/hu\/wp-json\/wp\/v2\/product_tag?post=34491"},{"taxonomy":"giftcard-category","embeddable":true,"href":"https:\/\/zlatyrakytnik.sk\/hu\/wp-json\/wp\/v2\/giftcard-category?post=34491"}],"curies":[{"name":"wp","href":"https:\/\/api.w.org\/{rel}","templated":true}]}}