{"id":34493,"date":"2025-06-06T12:17:04","date_gmt":"2025-06-06T10:17:04","guid":{"rendered":"https:\/\/zlatyrakytnik.sk\/?post_type=product&#038;p=34493"},"modified":"2025-12-02T08:58:48","modified_gmt":"2025-12-02T07:58:48","slug":"kvetovy-pel-ruskovany-pleva-100-g","status":"publish","type":"product","link":"https:\/\/zlatyrakytnik.sk\/hu\/termek\/kvetovy-pel-ruskovany-pleva-100-g\/","title":{"rendered":"Kvetov\u00fd pe\u013e ruskovan\u00fd Pleva 100 g"},"content":{"rendered":"<p>M\u00f4\u017eeme vidie\u0165, ako v\u0161etko n\u00e1dherne funguje v symbi\u00f3ze a ako je \u017eivot \u00fa\u017easne rozmanit\u00fd. V\u010dielky sa vo svojom \u017eivote spoliehaj\u00fa na pe\u013e \u2013 dok\u00e1\u017ee cel\u00e9mu spolo\u010denstvu doda\u0165 potravu. Pe\u013e tie\u017e v\u010dely pou\u017e\u00edvaj\u00fa na v\u00fdrobu blahodarn\u00e9 materskej ka\u0161i\u010dky, ktor\u00fa k\u0155mia larvy. A ak\u00e9 v\u00fdhody m\u00e1 pre n\u00e1s? \u00daplne rovnak\u00e9.<\/p><p>U kvetov\u00e9ho pe\u013eu rouskovan\u00e9ho sa m\u00f4\u017eete stretn\u00fa\u0165 s r\u00f4znymi n\u00e1zvami: v\u010del\u00ed pe\u013e \/ kvetov\u00fd pe\u013e \/ Rouskov\u00fd pe\u013e \/ rouskovan\u00fd pe\u013e. Za ka\u017ed\u00fdm n\u00e1zvom je rovnak\u00fd pe\u013e od v\u010dielok v 100% koncentr\u00e1cii, ktor\u00fd sa odober\u00e1 ihne\u010f, ako v\u010dielka prilet\u00ed zo zberu do \u00fa\u013ea.<\/p>","protected":false},"excerpt":{"rendered":"<p>\u2022\u00a0jedine\u010dn\u00e1\u00a0kombin\u00e1cia l\u00e1tok \u2022\u00a0energia\u00a0v mini\u00a0balen\u00ed \u2022\u00a0jednoduch\u00e9\u00a0a\u00a0r\u00fdchle pou\u017eitie <strong>N\u00e1vod na pou\u017eitie:\u00a0<\/strong>V\u010del\u00ed\u00a0pe\u013e\u00a0je dobr\u00e9\u00a0necha\u0165\u00a0kvasi\u0165\u00a0a\u00a0t\u00fdm\u00a0sa\u00a0st\u00e1va\u00a0str\u00e1vite\u013enej\u0161\u00edm:\u00a0asi 40\u00a0ml\u00a0prevarenej\u00a0vody\u00a0zmie\u0161ajte\u00a0s\u00a025\u00a0g\u00a0medu\u00a0a\u00a0100\u00a0g\u00a0pe\u013eu.\u00a0Riadne\u00a0premie\u0161ajte,\u00a0dajte\u00a0do poh\u00e1rov\u00a0a\u00a0nechajte\u00a03\u00a0dni v\u00a0otvorenej\u00a0poh\u00e1ri\u00a0pri izbovej\u00a0teplote. Pe\u013e\u00a0je\u00a0mo\u017en\u00e9 jes\u0165\u00a0po ly\u017ei\u010dk\u00e1ch\u00a0priamo\u00a0bez akejko\u013evek\u00a0\u00fapravy.\u00a0Pe\u013e\u00a0nemie\u0161ajte\u00a0do\u00a0ni\u010doho\u00a0tepl\u00e9ho\u00a0ani\u00a0nezap\u00edjajte\u00a0hor\u00facimi\u00a0n\u00e1pojmi.\u00a0U\u017e\u00edvajte\u00a01-3\u00a0ly\u017ei\u010dky\u00a0denne, deti\u00a0a\u00a0pri prevencii\u00a0polovi\u010dn\u00fa d\u00e1vku.\u00a0Pri n\u00edzkom\u00a0tlaku\u00a0odpor\u00fa\u010dame u\u017e\u00edva\u0165\u00a0na\u00a0noc.\u00a0Neu\u017e\u00edvajte pri\u00a0ochoren\u00ed obli\u010diek,\u00a0n\u00e1dorov\u00fdch\u00a0ochoren\u00ed\u00a0a prv\u00e9\u00a03\u00a0mesiace\u00a0tehotenstva.<\/p>","protected":false},"featured_media":34494,"comment_status":"closed","ping_status":"closed","template":"","meta":[],"product_brand":[],"product_cat":[418],"product_tag":[],"giftcard-category":[],"class_list":{"0":"post-34493","1":"product","2":"type-product","3":"status-publish","4":"has-post-thumbnail","6":"product_cat-med-a-vcelie-produkty","8":"first","9":"instock","10":"taxable","11":"shipping-taxable","12":"purchasable","13":"product-type-simple"},"_links":{"self":[{"href":"https:\/\/zlatyrakytnik.sk\/hu\/wp-json\/wp\/v2\/product\/34493","targetHints":{"allow":["GET"]}}],"collection":[{"href":"https:\/\/zlatyrakytnik.sk\/hu\/wp-json\/wp\/v2\/product"}],"about":[{"href":"https:\/\/zlatyrakytnik.sk\/hu\/wp-json\/wp\/v2\/types\/product"}],"replies":[{"embeddable":true,"href":"https:\/\/zlatyrakytnik.sk\/hu\/wp-json\/wp\/v2\/comments?post=34493"}],"wp:featuredmedia":[{"embeddable":true,"href":"https:\/\/zlatyrakytnik.sk\/hu\/wp-json\/wp\/v2\/media\/34494"}],"wp:attachment":[{"href":"https:\/\/zlatyrakytnik.sk\/hu\/wp-json\/wp\/v2\/media?parent=34493"}],"wp:term":[{"taxonomy":"product_brand","embeddable":true,"href":"https:\/\/zlatyrakytnik.sk\/hu\/wp-json\/wp\/v2\/product_brand?post=34493"},{"taxonomy":"product_cat","embeddable":true,"href":"https:\/\/zlatyrakytnik.sk\/hu\/wp-json\/wp\/v2\/product_cat?post=34493"},{"taxonomy":"product_tag","embeddable":true,"href":"https:\/\/zlatyrakytnik.sk\/hu\/wp-json\/wp\/v2\/product_tag?post=34493"},{"taxonomy":"giftcard-category","embeddable":true,"href":"https:\/\/zlatyrakytnik.sk\/hu\/wp-json\/wp\/v2\/giftcard-category?post=34493"}],"curies":[{"name":"wp","href":"https:\/\/api.w.org\/{rel}","templated":true}]}}