{"id":34495,"date":"2025-06-06T12:20:23","date_gmt":"2025-06-06T10:20:23","guid":{"rendered":"https:\/\/zlatyrakytnik.sk\/?post_type=product&#038;p=34495"},"modified":"2025-09-03T14:35:14","modified_gmt":"2025-09-03T12:35:14","slug":"propolis-baby-extrakt-bez-alkoholu-30-ml","status":"publish","type":"product","link":"https:\/\/zlatyrakytnik.sk\/hu\/termek\/propolis-baby-extrakt-bez-alkoholu-30-ml\/","title":{"rendered":"Propolis Baby extrakt bez alkoholu 30 ml"},"content":{"rendered":"<p>Hydroglycer\u00ednov\u00fd extrakt s\u00a05 % obsahom Propolisu<\/p><p>obsah:30ml<\/p><p>v\u00fdrobca: Victor Phillipe srl<\/p><p>Zlo\u017eenie: glycerin, pr\u00edrodn\u00fd propolis 5%, voda<\/p><p><em>Sp\u00f4sob pou\u017eitia:<\/em><\/p><p>Od 10 do 20 kvapiek, 3 kr\u00e1t denne, \u010d\u00edst\u00e9, alebo rozrieden\u00e9 v malom mno\u017estve vody<\/p><p>Upozornenie: V\u00fd\u017eivov\u00fd doplnok nie je vhodn\u00fd pre deti do 3 rokov a osoby alergick\u00e9 na v\u010delie produkty.<\/p><p>Ustanoven\u00e1 odpor\u00fa\u010dan\u00e1 denn\u00e1 d\u00e1vka sa nesmie presiahnu\u0165. V\u00fd\u017eivov\u00fd doplnok sa nesmie pou\u017e\u00edva\u0165 ako n\u00e1hrada rozmanitej stravy.<\/p><p>Skladujte v suchu a mimo dosahu det\u00ed.<\/p>","protected":false},"excerpt":{"rendered":"<p>Propolis <strong>extrakt bez alkoholu na b\u00e1ze medu<\/strong>, <strong>bez konzerva\u010dn\u00fdch l\u00e1tok<\/strong> \u2013 roztok. M\u00e1 pr\u00edjemn\u00fa v\u00f4\u0148u a neobsahuje alkohol. <strong>Podporuje prirodzen\u00fa obrany schopnos\u0165 organizmu.<\/strong><\/p>","protected":false},"featured_media":34496,"comment_status":"closed","ping_status":"closed","template":"","meta":[],"product_brand":[],"product_cat":[418,263],"product_tag":[],"giftcard-category":[],"class_list":{"0":"post-34495","1":"product","2":"type-product","3":"status-publish","4":"has-post-thumbnail","6":"product_cat-med-a-vcelie-produkty","7":"product_cat-pre-deti","9":"first","10":"instock","11":"taxable","12":"shipping-taxable","13":"purchasable","14":"product-type-simple"},"_links":{"self":[{"href":"https:\/\/zlatyrakytnik.sk\/hu\/wp-json\/wp\/v2\/product\/34495","targetHints":{"allow":["GET"]}}],"collection":[{"href":"https:\/\/zlatyrakytnik.sk\/hu\/wp-json\/wp\/v2\/product"}],"about":[{"href":"https:\/\/zlatyrakytnik.sk\/hu\/wp-json\/wp\/v2\/types\/product"}],"replies":[{"embeddable":true,"href":"https:\/\/zlatyrakytnik.sk\/hu\/wp-json\/wp\/v2\/comments?post=34495"}],"wp:featuredmedia":[{"embeddable":true,"href":"https:\/\/zlatyrakytnik.sk\/hu\/wp-json\/wp\/v2\/media\/34496"}],"wp:attachment":[{"href":"https:\/\/zlatyrakytnik.sk\/hu\/wp-json\/wp\/v2\/media?parent=34495"}],"wp:term":[{"taxonomy":"product_brand","embeddable":true,"href":"https:\/\/zlatyrakytnik.sk\/hu\/wp-json\/wp\/v2\/product_brand?post=34495"},{"taxonomy":"product_cat","embeddable":true,"href":"https:\/\/zlatyrakytnik.sk\/hu\/wp-json\/wp\/v2\/product_cat?post=34495"},{"taxonomy":"product_tag","embeddable":true,"href":"https:\/\/zlatyrakytnik.sk\/hu\/wp-json\/wp\/v2\/product_tag?post=34495"},{"taxonomy":"giftcard-category","embeddable":true,"href":"https:\/\/zlatyrakytnik.sk\/hu\/wp-json\/wp\/v2\/giftcard-category?post=34495"}],"curies":[{"name":"wp","href":"https:\/\/api.w.org\/{rel}","templated":true}]}}