{"id":34498,"date":"2025-06-06T12:22:57","date_gmt":"2025-06-06T10:22:57","guid":{"rendered":"https:\/\/zlatyrakytnik.sk\/?post_type=product&#038;p=34498"},"modified":"2025-06-06T15:14:05","modified_gmt":"2025-06-06T13:14:05","slug":"propolis-baby-sirup-150-ml","status":"publish","type":"product","link":"https:\/\/zlatyrakytnik.sk\/hu\/termek\/propolis-baby-sirup-150-ml\/","title":{"rendered":"Propolis Baby sirup 150 ml"},"content":{"rendered":"<p>obsah:150ml<\/p><p>v\u00fdrobca: Victor Phillipe srl<\/p><p>Zlo\u017eenie: med 76%, voda, hydroalkoholov\u00fd propolisov\u00fd extrakt 3%, karamel, extrakt ibi\u0161u 0,5%, tymianov\u00fd esenci\u00e1lny olej 0,02%<\/p><p><em>Sp\u00f4sob pou\u017eitia:<\/em><\/p><p>U\u017ei\u0165 3x denne jednu odmerku medzi jedlami. Pred pou\u017eit\u00edm potrias\u0165.<\/p><p>Upozornenie: V\u00fd\u017eivov\u00fd doplnok nie je vhodn\u00fd pre deti do 3 rokov a osoby alergick\u00e9 na v\u010delie produkty.<\/p><p>Ustanoven\u00e1 odpor\u00fa\u010dan\u00e1 denn\u00e1 d\u00e1vka sa nesmie presiahnu\u0165. V\u00fd\u017eivov\u00fd doplnok sa nesmie pou\u017e\u00edva\u0165 ako n\u00e1hrada rozmanitej stravy.<\/p><p>Skladujte v suchu a mimo dosahu det\u00ed.<\/p>","protected":false},"excerpt":{"rendered":"<p>Sirup <strong>bez konzerva\u010dn\u00fdch l\u00e1tok<\/strong> na b\u00e1ze <strong>medu, propolisu, tymi\u00e1nu a\u00a0ibi\u0161u<\/strong>. S\u00a0pr\u00edjemnou pr\u00edchu\u0165ou. <strong>V\u00fdborne p\u00f4sob\u00ed ako prevencia pred sez\u00f3nnymi ochoreniami.<\/strong><\/p>","protected":false},"featured_media":34499,"comment_status":"closed","ping_status":"closed","template":"","meta":[],"product_brand":[],"product_cat":[418,263],"product_tag":[],"giftcard-category":[],"class_list":{"0":"post-34498","1":"product","2":"type-product","3":"status-publish","4":"has-post-thumbnail","6":"product_cat-med-a-vcelie-produkty","7":"product_cat-pre-deti","9":"first","10":"instock","11":"taxable","12":"shipping-taxable","13":"purchasable","14":"product-type-simple"},"_links":{"self":[{"href":"https:\/\/zlatyrakytnik.sk\/hu\/wp-json\/wp\/v2\/product\/34498","targetHints":{"allow":["GET"]}}],"collection":[{"href":"https:\/\/zlatyrakytnik.sk\/hu\/wp-json\/wp\/v2\/product"}],"about":[{"href":"https:\/\/zlatyrakytnik.sk\/hu\/wp-json\/wp\/v2\/types\/product"}],"replies":[{"embeddable":true,"href":"https:\/\/zlatyrakytnik.sk\/hu\/wp-json\/wp\/v2\/comments?post=34498"}],"wp:featuredmedia":[{"embeddable":true,"href":"https:\/\/zlatyrakytnik.sk\/hu\/wp-json\/wp\/v2\/media\/34499"}],"wp:attachment":[{"href":"https:\/\/zlatyrakytnik.sk\/hu\/wp-json\/wp\/v2\/media?parent=34498"}],"wp:term":[{"taxonomy":"product_brand","embeddable":true,"href":"https:\/\/zlatyrakytnik.sk\/hu\/wp-json\/wp\/v2\/product_brand?post=34498"},{"taxonomy":"product_cat","embeddable":true,"href":"https:\/\/zlatyrakytnik.sk\/hu\/wp-json\/wp\/v2\/product_cat?post=34498"},{"taxonomy":"product_tag","embeddable":true,"href":"https:\/\/zlatyrakytnik.sk\/hu\/wp-json\/wp\/v2\/product_tag?post=34498"},{"taxonomy":"giftcard-category","embeddable":true,"href":"https:\/\/zlatyrakytnik.sk\/hu\/wp-json\/wp\/v2\/giftcard-category?post=34498"}],"curies":[{"name":"wp","href":"https:\/\/api.w.org\/{rel}","templated":true}]}}