{"id":34501,"date":"2025-06-06T12:28:41","date_gmt":"2025-06-06T10:28:41","guid":{"rendered":"https:\/\/zlatyrakytnik.sk\/?post_type=product&#038;p=34501"},"modified":"2026-01-26T10:31:44","modified_gmt":"2026-01-26T09:31:44","slug":"pleva-materska-kasicka-lyofilizovana","status":"publish","type":"product","link":"https:\/\/zlatyrakytnik.sk\/hu\/termek\/pleva-materska-kasicka-lyofilizovana\/","title":{"rendered":"Pleva Matersk\u00e1 ka\u0161i\u010dka lyofilizovan\u00e1"},"content":{"rendered":"<p><strong>N\u00e1vod na pou\u017eitie<\/strong><\/p><p>Matersk\u00fa ka\u0161i\u010dku si doprajte najlep\u0161ie r\u00e1no nala\u010dno 20 min\u00fat pred jedlom. Prilo\u017eenou odmerkou naberte matersk\u00fa ka\u0161i\u010dku. Ide\u00e1lne d\u00e1vky 200 mg dosiahnete, ak ka\u0161i\u010dka v odmerke bude siaha\u0165 cca 1 milimeter pod okraj odmerky (pln\u00e1 odmerka je 230 mg). D\u00e1vku materskej ka\u0161i\u010dky, vysypte na polievkov\u00fa ly\u017eicu (plastovou, drevenou, alebo keramick\u00fa \u2013 nesmie by\u0165 kovov\u00e1) a pridajte \u010fal\u0161ie dve odmerky vody. D\u00f4kladne premie\u0161ajte odmerkou, aby sa matersk\u00e1 ka\u0161i\u010dka rozpustila. Nechajte minim\u00e1lne 1 min\u00fatu rozplyn\u00fa\u0165 pod jazykom a potom prehltnite. Odmerku umyte a vysu\u0161te.<\/p><p>Po otvoren\u00ed spotrebujte do 4 t\u00fd\u017ed\u0148ov. U\u017e\u00edvajte 1 d\u00e1vku denne. Neprekra\u010dujte stanoven\u00e9 denn\u00e9 d\u00e1vkovanie. Pre prevent\u00edvne posilnenie organizmu sta\u010d\u00ed podanie troch d\u00e1vok t\u00fd\u017edenne. Opatrnos\u0165 je potrebn\u00e1 u alergikov na v\u010delie produkty. Matersk\u00fa ka\u0161i\u010dku mo\u017eno pod\u00e1va\u0165 aj nieko\u013eko t\u00fd\u017ed\u0148ov (40 dn\u00ed = 6 t\u00fd\u017ed\u0148ov). K\u00faru je vhodn\u00e9 opakova\u0165 nieko\u013ekokr\u00e1t za rok, najlep\u0161ie v jarn\u00fdch mesiacoch.<\/p><p>Upozornenie: Nevhodn\u00e9 pre deti, alergikov, tehotn\u00e9 a doj\u010diace \u017eeny, \u010falej pri n\u00e1doru prsn\u00edka, maternice alebo vaje\u010dn\u00edkov. Pri onkologick\u00fdch ochoreniach neodpor\u00fa\u010dame. Skladuje sa v suchom a tmavom prostred\u00ed pri izbovej teplote. Matersk\u00e1 ka\u0161i\u010dka nesmie pr\u00eds\u0165 do styku s kovom.<\/p><h3 class=\"wp-block-heading\"><strong>\u010co je matersk\u00e1 ka\u0161i\u010dka?<\/strong><\/h3><p>Matersk\u00e1 ka\u0161i\u010dka je \u010dist\u00fd v\u010del\u00ed produkt s charakteristickou v\u00f4\u0148ou a kyslasto korenistou chu\u0165ou. Pre v\u010dely je to \u201cnajprest\u00ed\u017enej\u0161ie\u201d potrava v \u00fali, ktor\u00e1 im dod\u00e1va najviac \u017eiv\u00edn. Preto ju vyu\u017e\u00edvaj\u00fa pre k\u0155menie tej najd\u00f4le\u017eitej\u0161ie \u2013 v\u010delie kr\u00e1\u013eovn\u00e9, ktor\u00e1 sa tak do\u017e\u00edva mnohon\u00e1sobne vy\u0161\u0161ieho veku ako v\u010del\u00ed robotnice. Ka\u0161i\u010dkou sa tie\u017e k\u0155mi mladu\u010dkej larvy, preto\u017ee je potrebn\u00e9 ich r\u00fdchly v\u00fdvoj. Z\u00edskavanie materskej ka\u0161i\u010dky od v\u010diel je pomerne n\u00e1ro\u010dn\u00e1 pr\u00e1ca, ale aj napriek tomu sa pre svoje v\u00fdnimo\u010dn\u00e9 vlastnosti t\u00e1to exkluz\u00edvna \u201csurovina\u201d te\u0161\u00ed ve\u013ekej ob\u013eube.<\/p><p>Na\u0161a ka\u0161i\u010dka je spracovan\u00e1 modern\u00fdm sp\u00f4sobom \u2013 lyofiliz\u00e1ciou (proces hlbok\u00e9ho zamrazenie a vysu\u0161enie), ktor\u00e1 zabezpe\u010duje zachovanie \u0161pecifick\u00fdch vlastnost\u00ed nat\u00edvne l\u00e1tky. Navy\u0161e umo\u017en\u00ed \u013eahk\u00e9 uskladnenie, ktor\u00e9 nevy\u017eaduje chladn\u00e9 prostredie ako v pr\u00edpade \u010derstvej materskej ka\u0161i\u010dky.<\/p><h3 class=\"wp-block-heading\"><strong>Uskladnenie materskej ka\u0161i\u010dky<\/strong><\/h3><p>Matersk\u00e1 ka\u0161i\u010dka je pomerne citliv\u00e1 l\u00e1tka, ktor\u00e1 nezn\u00e1\u0161a styk s kovmi. Preto nezabudnite, \u017ee nie je dobr\u00e9 nabera\u0165 ju kovovou ly\u017ei\u010dkou! \u0160kod\u00ed jej tie\u017e slne\u010dn\u00e9 svetlo, teplo, kysl\u00edk a ak\u00e9ko\u013evek ne\u010distoty. Po z\u00edskan\u00ed sa preto mus\u00ed ihne\u010f chladi\u0165, alebo konzervova\u0165. My preto vyu\u017e\u00edvame lyofiliz\u00e1cia, ktor\u00e1 umo\u017e\u0148uje \u0161etrn\u00e9 zaobch\u00e1dzanie s materskou ka\u0161i\u010dkou aj jej n\u00e1sledn\u00e9 skladovanie.<\/p><h3 class=\"wp-block-heading\"><strong>Ako vznik\u00e1 matersk\u00e1 ka\u0161i\u010dka?<\/strong><\/h3><p>Matersk\u00fa ka\u0161i\u010dku vylu\u010duje v\u010dela zo svojich hltanov\u00fdch \u017eliaz. Schopnos\u0165 tvori\u0165 matersk\u00fa ka\u0161i\u010dku maj\u00fa tzv. V\u010dely mladu\u0161ky, ktor\u00fdm je \u0161es\u0165 a\u017e \u0161trn\u00e1s\u0165 dn\u00ed. Z\u00e1kladom produkcie materskej ka\u0161i\u010dky je v\u010del\u00ed pe\u013e. Z neho v\u010dela z\u00edska d\u00f4le\u017eit\u00e9 zlo\u017eky pre tvorbu materskej ka\u0161i\u010dky. V\u010dely potrebuj\u00fa dostatok pe\u013eu nielen pre tvorbu materskej ka\u0161i\u010dky, ale aj ako v\u00fd\u017eivu pre cel\u00e9 v\u010delstvo.<\/p><h3 class=\"wp-block-heading\"><strong>Odkia\u013e poch\u00e1dza na\u0161a ka\u0161i\u010dka?<\/strong><\/h3><p>Pri h\u013eadan\u00ed vhodnej materskej ka\u0161i\u010dky sme museli urobi\u0165 kompromis, ale nie na \u00fakor kvality. Pr\u00e1ve preto, \u017ee ju chceme pon\u00faka\u0165 v tej najlep\u0161ej kvalite, na\u0161e matersk\u00e1 ka\u0161i\u010dka v s\u00fa\u010dasnosti poch\u00e1dza z \u010c\u00edny. Na kvalite n\u00e1m z\u00e1le\u017e\u00ed, preto ako u ostatn\u00fdch v\u010del\u00edch produktov db\u00e1me na kvalitu a m\u00e1me rozbory zlo\u017eenie materskej ka\u0161i\u010dky.<\/p><p>Balenie obsahuje 2000 mg.<br>Jedna d\u00e1vka je 200 \u2013 230 mg.<br>Krajina p\u00f4vodu: \u010c\u00edna<\/p>","protected":false},"excerpt":{"rendered":"<p>\u2022 koncentrovan\u00fd \u010dist\u00fd v\u010del\u00ed produkt \u2022 obsahuje vyv\u00e1\u017een\u00fd komplex l\u00e1tok \u2022 blahod\u00e1rne p\u00f4sob\u00ed na \u013eudsk\u00fd organizmus \u00a0<\/p>","protected":false},"featured_media":34502,"comment_status":"closed","ping_status":"closed","template":"","meta":[],"product_brand":[],"product_cat":[418],"product_tag":[],"giftcard-category":[],"class_list":{"0":"post-34501","1":"product","2":"type-product","3":"status-publish","4":"has-post-thumbnail","6":"product_cat-med-a-vcelie-produkty","8":"first","9":"instock","10":"taxable","11":"shipping-taxable","12":"purchasable","13":"product-type-simple"},"_links":{"self":[{"href":"https:\/\/zlatyrakytnik.sk\/hu\/wp-json\/wp\/v2\/product\/34501","targetHints":{"allow":["GET"]}}],"collection":[{"href":"https:\/\/zlatyrakytnik.sk\/hu\/wp-json\/wp\/v2\/product"}],"about":[{"href":"https:\/\/zlatyrakytnik.sk\/hu\/wp-json\/wp\/v2\/types\/product"}],"replies":[{"embeddable":true,"href":"https:\/\/zlatyrakytnik.sk\/hu\/wp-json\/wp\/v2\/comments?post=34501"}],"wp:featuredmedia":[{"embeddable":true,"href":"https:\/\/zlatyrakytnik.sk\/hu\/wp-json\/wp\/v2\/media\/34502"}],"wp:attachment":[{"href":"https:\/\/zlatyrakytnik.sk\/hu\/wp-json\/wp\/v2\/media?parent=34501"}],"wp:term":[{"taxonomy":"product_brand","embeddable":true,"href":"https:\/\/zlatyrakytnik.sk\/hu\/wp-json\/wp\/v2\/product_brand?post=34501"},{"taxonomy":"product_cat","embeddable":true,"href":"https:\/\/zlatyrakytnik.sk\/hu\/wp-json\/wp\/v2\/product_cat?post=34501"},{"taxonomy":"product_tag","embeddable":true,"href":"https:\/\/zlatyrakytnik.sk\/hu\/wp-json\/wp\/v2\/product_tag?post=34501"},{"taxonomy":"giftcard-category","embeddable":true,"href":"https:\/\/zlatyrakytnik.sk\/hu\/wp-json\/wp\/v2\/giftcard-category?post=34501"}],"curies":[{"name":"wp","href":"https:\/\/api.w.org\/{rel}","templated":true}]}}