{"id":34503,"date":"2025-06-06T13:27:25","date_gmt":"2025-06-06T11:27:25","guid":{"rendered":"https:\/\/zlatyrakytnik.sk\/?post_type=product&#038;p=34503"},"modified":"2026-01-26T15:24:15","modified_gmt":"2026-01-26T14:24:15","slug":"mandala-milk","status":"publish","type":"product","link":"https:\/\/zlatyrakytnik.sk\/hu\/termek\/mandala-milk\/","title":{"rendered":"Lyra \u2013 Mandala Milk"},"content":{"rendered":"<h2 class=\"wp-block-heading\">Zlo\u017eenie<\/h2><p>Mlie\u010dna \u010dokol\u00e1da \u2013 trstinov\u00fd cukor, su\u0161en\u00e9&nbsp;<strong>mlieko<\/strong>, kakaov\u00e9 maslo, kakaov\u00e1 hmota. Emulg\u00e1tor:&nbsp;<strong>s\u00f3jov\u00fd<\/strong>&nbsp;lecit\u00edn. Ar\u00f3ma: pr\u00edrodn\u00e1 vanilka.<br>Mo\u017en\u00e9 posypy: lyofilizovan\u00e9 jahody, vi\u0161ne, maliny, brusnice, kvety fialky v cukre, kvety ru\u017ee v cukre a listy m\u00e4ty v cukre. M\u00f4\u017ee obsahova\u0165&nbsp;<strong>orechy<\/strong>.<br>Obsah kakaovej su\u0161iny min. 33%<br><br>Kakaov\u00e9 b\u00f4by Fino de Aroma<br><br>Alerg\u00e9ny:&nbsp;<strong>MLIEKO<\/strong>,&nbsp;<strong>S\u00d3JA<\/strong>.<\/p><hr class=\"wp-block-separator has-alpha-channel-opacity\"\/><h2 class=\"wp-block-heading\">Nutri\u010dn\u00e9 hodnoty na 100 g<\/h2><figure class=\"wp-block-table\"><table class=\"has-fixed-layout\"><tbody><tr><td>Energetick\u00e1 hodnota<\/td><td>2329 kJ\/ 556 kcal<\/td><\/tr><tr><td>Tuky<\/td><td>35g<\/td><\/tr><tr><td><em>z ktor\u00fdch nas\u00fdten\u00e9 mastn\u00e9 kyseliny<\/em><\/td><td>25,4g<\/td><\/tr><tr><td>Sacharidy<\/td><td>50,3g<\/td><\/tr><tr><td><em>z toho cukry<\/em><\/td><td>37,3g<\/td><\/tr><tr><td>Vl\u00e1knina<\/td><td>3,5g<\/td><\/tr><tr><td>Bielkoviny<\/td><td>8,8g<\/td><\/tr><tr><td>So\u013e<\/td><td>0,1g<\/td><\/tr><\/tbody><\/table><\/figure>","protected":false},"excerpt":{"rendered":"<p class=\"mb-0\">Mlie\u010dna \u010dokol\u00e1da s posypom.<\/p>\n<p class=\"mb-0\">\u010co je to 200g \u010dokol\u00e1dy? To s\u00fa stovky sek\u00fand p\u00f4\u017eitku s okr\u00fahlymi mandalami. Mlie\u010dna \u010dokol\u00e1da vyroben\u00e1 z kakaa Fino de Aroma v kombin\u00e1cii so su\u0161en\u00fdm ovoc\u00edm alebo scukornaten\u00fdmi lupe\u0148mi kvetov vyberan\u00fdch Master Chef Chocolatierom vytv\u00e1ra horko-sladko-kysl\u00e9 trio. A nielen to. Je tenk\u00e1, pevn\u00e1 a pri ka\u017edom hryze po\u010du\u0165 tvrd\u00e9 puknutie. Ako prv\u00e1 slovensk\u00e1 \u010dokol\u00e1da z\u00edskala prest\u00ed\u017eneho ocenenia Great Taste 2014 .<\/p>","protected":false},"featured_media":34505,"comment_status":"closed","ping_status":"closed","template":"","meta":[],"product_brand":[448],"product_cat":[259,419],"product_tag":[],"giftcard-category":[],"class_list":{"0":"post-34503","1":"product","2":"type-product","3":"status-publish","4":"has-post-thumbnail","6":"product_brand-lyra","7":"product_cat-snacky-slane-sladke","8":"product_cat-lyra","10":"first","11":"instock","12":"taxable","13":"shipping-taxable","14":"purchasable","15":"product-type-simple"},"_links":{"self":[{"href":"https:\/\/zlatyrakytnik.sk\/hu\/wp-json\/wp\/v2\/product\/34503","targetHints":{"allow":["GET"]}}],"collection":[{"href":"https:\/\/zlatyrakytnik.sk\/hu\/wp-json\/wp\/v2\/product"}],"about":[{"href":"https:\/\/zlatyrakytnik.sk\/hu\/wp-json\/wp\/v2\/types\/product"}],"replies":[{"embeddable":true,"href":"https:\/\/zlatyrakytnik.sk\/hu\/wp-json\/wp\/v2\/comments?post=34503"}],"wp:featuredmedia":[{"embeddable":true,"href":"https:\/\/zlatyrakytnik.sk\/hu\/wp-json\/wp\/v2\/media\/34505"}],"wp:attachment":[{"href":"https:\/\/zlatyrakytnik.sk\/hu\/wp-json\/wp\/v2\/media?parent=34503"}],"wp:term":[{"taxonomy":"product_brand","embeddable":true,"href":"https:\/\/zlatyrakytnik.sk\/hu\/wp-json\/wp\/v2\/product_brand?post=34503"},{"taxonomy":"product_cat","embeddable":true,"href":"https:\/\/zlatyrakytnik.sk\/hu\/wp-json\/wp\/v2\/product_cat?post=34503"},{"taxonomy":"product_tag","embeddable":true,"href":"https:\/\/zlatyrakytnik.sk\/hu\/wp-json\/wp\/v2\/product_tag?post=34503"},{"taxonomy":"giftcard-category","embeddable":true,"href":"https:\/\/zlatyrakytnik.sk\/hu\/wp-json\/wp\/v2\/giftcard-category?post=34503"}],"curies":[{"name":"wp","href":"https:\/\/api.w.org\/{rel}","templated":true}]}}