{"id":34508,"date":"2025-06-06T13:31:49","date_gmt":"2025-06-06T11:31:49","guid":{"rendered":"https:\/\/zlatyrakytnik.sk\/?post_type=product&#038;p=34508"},"modified":"2026-01-26T15:24:15","modified_gmt":"2026-01-26T14:24:15","slug":"dark-almonds","status":"publish","type":"product","link":"https:\/\/zlatyrakytnik.sk\/hu\/termek\/dark-almonds\/","title":{"rendered":"Lyra \u2013 Dark Almonds"},"content":{"rendered":"<h2 class=\"wp-block-heading\">Zlo\u017eenie<\/h2><p>Pra\u017een\u00e9&nbsp;<strong>mandle<\/strong>&nbsp;(25%), kakaov\u00e1 hmota, trstinov\u00fd cukor, kakaov\u00e9 maslo. Emulg\u00e1tor:&nbsp;<strong>sojov\u00fd<\/strong>&nbsp;lecit\u00edn. Ar\u00f3ma: pr\u00edrodn\u00e1 vanilka.<br>Obsah kakaovej su\u0161iny min. 32%<br><br>Kakaov\u00e9 b\u00f4by Fino de Aroma<br><br>Alerg\u00e9ny:&nbsp;<strong>ORECHY<\/strong>,&nbsp;<strong>S\u00d3JA<\/strong><\/p><hr class=\"wp-block-separator has-alpha-channel-opacity\"\/><h2 class=\"wp-block-heading\">Nutri\u010dn\u00e9 hodnoty na 100 g<\/h2><figure class=\"wp-block-table\"><table class=\"has-fixed-layout\"><tbody><tr><td>Energetick\u00e1 hodnota<\/td><td>2307 kJ \/ 551 kcal<\/td><\/tr><tr><td>Tuky<\/td><td>50,2g<\/td><\/tr><tr><td><em>z ktor\u00fdch nas\u00fdten\u00e9 mastn\u00e9 kyseliny<\/em><\/td><td>37,4g<\/td><\/tr><tr><td>Sacharidy<\/td><td>43,3g<\/td><\/tr><tr><td><em>z toho cukry<\/em><\/td><td>33,8g<\/td><\/tr><tr><td>Vl\u00e1knina<\/td><td>4,7g<\/td><\/tr><tr><td>Bielkoviny<\/td><td>8,8g<\/td><\/tr><tr><td>So\u013e<\/td><td>0,19g<\/td><\/tr><\/tbody><\/table><\/figure>","protected":false},"excerpt":{"rendered":"<p class=\"mb-0\">Dra\u017eovan\u00e9 mandle v horkej \u010dokol\u00e1de. <\/p>\n<p>Trv\u00e1 hodiny vyrobi\u0165 rovnomern\u00e9 \u010dokol\u00e1dov\u00e9 dra\u017e\u00e9 a t\u00fd\u017edne vymyslie\u0165 recept\u00faru. DARK ALMONDS vznikaj\u00fa postupn\u00fdm oba\u013eovan\u00edm mandl\u00ed, vrstva po vrstve. Za\u010d\u00edname pra\u017een\u00edm kalifornsk\u00fdch mandl\u00ed priamo v na\u0161ej pra\u017ei\u010dke, preto\u017ee len tak sa d\u00e1 dosiahnu\u0165 ich maxim\u00e1lna \u010derstvos\u0165. N\u00e1sledne s\u00fa obalen\u00e9 v 54% horkej \u010dokol\u00e1de z kolumbijsk\u00e9ho kakaa Fino de Aroma sladenej trstinov\u00fdm cukrom a potom&#8230; Potom u\u017e ni\u010d, chrumkav\u00e9 mand\u013eov\u00e9 gu\u013e\u00f4\u010dky bez le\u0161tiacich l\u00e1tok s\u00fa hotov\u00e9. U\u017e len vlo\u017ei\u0165 do \u00fast a necha\u0165 sa rozmazn\u00e1va\u0165.<\/p>","protected":false},"featured_media":34509,"comment_status":"closed","ping_status":"closed","template":"","meta":[],"product_brand":[448],"product_cat":[259,419],"product_tag":[],"giftcard-category":[],"class_list":{"0":"post-34508","1":"product","2":"type-product","3":"status-publish","4":"has-post-thumbnail","6":"product_brand-lyra","7":"product_cat-snacky-slane-sladke","8":"product_cat-lyra","10":"first","11":"instock","12":"taxable","13":"shipping-taxable","14":"purchasable","15":"product-type-simple"},"_links":{"self":[{"href":"https:\/\/zlatyrakytnik.sk\/hu\/wp-json\/wp\/v2\/product\/34508","targetHints":{"allow":["GET"]}}],"collection":[{"href":"https:\/\/zlatyrakytnik.sk\/hu\/wp-json\/wp\/v2\/product"}],"about":[{"href":"https:\/\/zlatyrakytnik.sk\/hu\/wp-json\/wp\/v2\/types\/product"}],"replies":[{"embeddable":true,"href":"https:\/\/zlatyrakytnik.sk\/hu\/wp-json\/wp\/v2\/comments?post=34508"}],"wp:featuredmedia":[{"embeddable":true,"href":"https:\/\/zlatyrakytnik.sk\/hu\/wp-json\/wp\/v2\/media\/34509"}],"wp:attachment":[{"href":"https:\/\/zlatyrakytnik.sk\/hu\/wp-json\/wp\/v2\/media?parent=34508"}],"wp:term":[{"taxonomy":"product_brand","embeddable":true,"href":"https:\/\/zlatyrakytnik.sk\/hu\/wp-json\/wp\/v2\/product_brand?post=34508"},{"taxonomy":"product_cat","embeddable":true,"href":"https:\/\/zlatyrakytnik.sk\/hu\/wp-json\/wp\/v2\/product_cat?post=34508"},{"taxonomy":"product_tag","embeddable":true,"href":"https:\/\/zlatyrakytnik.sk\/hu\/wp-json\/wp\/v2\/product_tag?post=34508"},{"taxonomy":"giftcard-category","embeddable":true,"href":"https:\/\/zlatyrakytnik.sk\/hu\/wp-json\/wp\/v2\/giftcard-category?post=34508"}],"curies":[{"name":"wp","href":"https:\/\/api.w.org\/{rel}","templated":true}]}}