{"id":34510,"date":"2025-06-06T13:36:07","date_gmt":"2025-06-06T11:36:07","guid":{"rendered":"https:\/\/zlatyrakytnik.sk\/?post_type=product&#038;p=34510"},"modified":"2026-01-26T15:24:15","modified_gmt":"2026-01-26T14:24:15","slug":"best-for-the-best","status":"publish","type":"product","link":"https:\/\/zlatyrakytnik.sk\/hu\/termek\/best-for-the-best\/","title":{"rendered":"Lyra \u2013 Best for the Best"},"content":{"rendered":"<h2 class=\"wp-block-heading\">Zlo\u017eenie<\/h2><p>Pra\u017een\u00e9&nbsp;<strong>mandle<\/strong>&nbsp;(10%), pra\u017een\u00e9&nbsp;<strong>lieskovce<\/strong>&nbsp;(14%), biela \u010dokol\u00e1da (9,9%) &#8211; cukor, kakaov\u00e9 maslo, plnotu\u010dn\u00e9&nbsp;<strong>mlieko<\/strong>, k\u00e1va (2,4%). Emulg\u00e1tor:&nbsp;<strong>s\u00f3jov\u00fd<\/strong>&nbsp;lecit\u00edn, pr\u00edrodn\u00e1 vanilka. Mlie\u010dna \u010dokol\u00e1da (42%) &#8211; trstinov\u00fd cukor, su\u0161.&nbsp;<strong>mlieko<\/strong>, kakao.maslo, kakao. hmota, ceylonsk\u00e1 \u0161korica (1%). Emulg\u00e1tor:&nbsp;<strong>s\u00f3jov\u00fd<\/strong>&nbsp;lecit\u00edn, ar\u00f3ma: pr\u00edrodn\u00e1 vanilka. Hork\u00e1 \u010dokol\u00e1da (33%) &#8211; trstinov\u00fd cukor, kakao. hmota, kakao. maslo. Emulg\u00e1tor:&nbsp;<strong>s\u00f3jov\u00fd<\/strong>&nbsp;lecit\u00edn.<br>Obsah kakao.su\u0161iny v mlie\u010dnej \u010dokol\u00e1de min 33%<br>Obsah kakao.su\u0161iny v horkej \u010dokol\u00e1de min. 53%<br><br>Kakaov\u00e9 b\u00f4by Fino de Aroma<br><br>Alerg\u00e9ny:&nbsp;<strong>MLIEKO<\/strong>,&nbsp;<strong>ORECHY<\/strong>,&nbsp;<strong>S\u00d3JA<\/strong><\/p><hr class=\"wp-block-separator has-alpha-channel-opacity\"\/><h2 class=\"wp-block-heading\">Nutri\u010dn\u00e9 hodnoty na 100 g<\/h2><figure class=\"wp-block-table\"><table class=\"has-fixed-layout\"><tbody><tr><td>Energetick\u00e1 hodnota<\/td><td>2307 kJ\/ 554 kcal<\/td><\/tr><tr><td>Tuky<\/td><td>36g<\/td><\/tr><tr><td><em>z ktor\u00fdch nas\u00fdten\u00e9 mastn\u00e9 kyseliny<\/em><\/td><td>16g<\/td><\/tr><tr><td>Sacharidy<\/td><td>50g<\/td><\/tr><tr><td><em>z toho cukry<\/em><\/td><td>45g<\/td><\/tr><tr><td>Vl\u00e1knina<\/td><td>5g<\/td><\/tr><tr><td>Bielkoviny<\/td><td>7g<\/td><\/tr><tr><td>So\u013e<\/td><td>0g<\/td><\/tr><\/tbody><\/table><\/figure>","protected":false},"excerpt":{"rendered":"<p class=\"mb-0\">Zmes pra\u017een\u00fdch orie\u0161kov v \u010dokol\u00e1de.<\/p>\n<p>Trv\u00e1 hodiny vyrobi\u0165 rovnomern\u00e9 \u010dokol\u00e1dov\u00e9 dra\u017e\u00e9 a t\u00fd\u017edne vymyslie\u0165 recept\u00faru. Chrumkav\u00e9 \u010dokol\u00e1dov\u00e9 gu\u013e\u00f4\u010dky vznikaj\u00fa postupn\u00fdm oba\u013eovan\u00edm orechov, vrstva po vrstve. V\u00fdber t\u00fdch najlep\u0161\u00edch \u010dokol\u00e1dov\u00fdch dra\u017e\u00e9 obsahuje lieskov\u00e9 orie\u0161ky IGP piemonte v horkej a mlie\u010dnej \u010dokol\u00e1de, IGP piemonte v mlie\u010dnej \u010dokol\u00e1de so \u0161koricou, mandle v bielej \u010dokol\u00e1de s k\u00e1vou, mandle v mlie\u010dnej \u010dokol\u00e1de so \u0161koricou. Neexistuje lep\u0161\u00ed sp\u00f4sob, ako z m\u00e1la za\u017ei\u0165 tak ve\u013ea.<\/p>","protected":false},"featured_media":34511,"comment_status":"closed","ping_status":"closed","template":"","meta":[],"product_brand":[448],"product_cat":[259,419],"product_tag":[],"giftcard-category":[],"class_list":{"0":"post-34510","1":"product","2":"type-product","3":"status-publish","4":"has-post-thumbnail","6":"product_brand-lyra","7":"product_cat-snacky-slane-sladke","8":"product_cat-lyra","10":"first","11":"instock","12":"taxable","13":"shipping-taxable","14":"purchasable","15":"product-type-simple"},"_links":{"self":[{"href":"https:\/\/zlatyrakytnik.sk\/hu\/wp-json\/wp\/v2\/product\/34510","targetHints":{"allow":["GET"]}}],"collection":[{"href":"https:\/\/zlatyrakytnik.sk\/hu\/wp-json\/wp\/v2\/product"}],"about":[{"href":"https:\/\/zlatyrakytnik.sk\/hu\/wp-json\/wp\/v2\/types\/product"}],"replies":[{"embeddable":true,"href":"https:\/\/zlatyrakytnik.sk\/hu\/wp-json\/wp\/v2\/comments?post=34510"}],"wp:featuredmedia":[{"embeddable":true,"href":"https:\/\/zlatyrakytnik.sk\/hu\/wp-json\/wp\/v2\/media\/34511"}],"wp:attachment":[{"href":"https:\/\/zlatyrakytnik.sk\/hu\/wp-json\/wp\/v2\/media?parent=34510"}],"wp:term":[{"taxonomy":"product_brand","embeddable":true,"href":"https:\/\/zlatyrakytnik.sk\/hu\/wp-json\/wp\/v2\/product_brand?post=34510"},{"taxonomy":"product_cat","embeddable":true,"href":"https:\/\/zlatyrakytnik.sk\/hu\/wp-json\/wp\/v2\/product_cat?post=34510"},{"taxonomy":"product_tag","embeddable":true,"href":"https:\/\/zlatyrakytnik.sk\/hu\/wp-json\/wp\/v2\/product_tag?post=34510"},{"taxonomy":"giftcard-category","embeddable":true,"href":"https:\/\/zlatyrakytnik.sk\/hu\/wp-json\/wp\/v2\/giftcard-category?post=34510"}],"curies":[{"name":"wp","href":"https:\/\/api.w.org\/{rel}","templated":true}]}}