{"id":34512,"date":"2025-06-06T13:37:43","date_gmt":"2025-06-06T11:37:43","guid":{"rendered":"https:\/\/zlatyrakytnik.sk\/?post_type=product&#038;p=34512"},"modified":"2026-01-26T15:24:15","modified_gmt":"2026-01-26T14:24:15","slug":"ruby","status":"publish","type":"product","link":"https:\/\/zlatyrakytnik.sk\/hu\/termek\/ruby\/","title":{"rendered":"Lyra \u2013 RUBY"},"content":{"rendered":"<h2 class=\"wp-block-heading\">Zlo\u017eenie<\/h2><p>Cukor, kakaov\u00e9 maslo, su\u0161en\u00e9 odstreden\u00e9&nbsp;<strong>mlieko<\/strong>, su\u0161en\u00e9 plnotu\u010dn\u00e9&nbsp;<strong>mlieko<\/strong>, kakaov\u00e1 hmota. Emulg\u00e1tor:&nbsp;<strong>s\u00f3jov\u00fd<\/strong>&nbsp;lecit\u00edn. Kyselina: kyselina citr\u00f3nov\u00e1. Ar\u00f3ma: pr\u00edrodn\u00e1&nbsp;<br>vanilka.<br>Obsah kakavovej su\u0161iny min. 47%<br><br>Alerg\u00e9ny:&nbsp;<strong>MLIEKO<\/strong>,&nbsp;<strong>S\u00d3JA<\/strong><\/p><hr class=\"wp-block-separator has-alpha-channel-opacity\"\/><h2 class=\"wp-block-heading\">Nutri\u010dn\u00e9 hodnoty na 100 g<\/h2><figure class=\"wp-block-table\"><table class=\"has-fixed-layout\"><tbody><tr><td>Energetick\u00e1 hodnota<\/td><td>2358 kJ\/ 564 kcal<\/td><\/tr><tr><td>Tuky<\/td><td>36g<\/td><\/tr><tr><td><em>z ktor\u00fdch nas\u00fdten\u00e9 mastn\u00e9 kyseliny<\/em><\/td><td>21g<\/td><\/tr><tr><td>Sacharidy<\/td><td>5 g<\/td><\/tr><tr><td><em>z toho cukry<\/em><\/td><td>49g<\/td><\/tr><tr><td>Vl\u00e1knina<\/td><td>0,7g<\/td><\/tr><tr><td>Bielkoviny<\/td><td>9,3g<\/td><\/tr><tr><td>So\u013e<\/td><td>0,26g<\/td><\/tr><\/tbody><\/table><\/figure>","protected":false},"excerpt":{"rendered":"<p class=\"mb-0\">Mlie\u010dna \u010dokol\u00e1da z kakaov\u00fdch b\u00f4bov RUBY.<\/p>\n<p>Ka\u017ed\u00e1 \u010dokol\u00e1da sa rod\u00ed z b\u00f4bov, ktor\u00e9 vyp\u013a\u0148aj\u00fa plody tropick\u00fdch stromov. Iba t\u00e1to tabu\u013eka mlie\u010dnej \u010dokol\u00e1dy V\u00e1m v\u0161ak m\u00f4\u017ee tro\u0161ka pribl\u00ed\u017ei\u0165 ich ovocn\u00fd p\u00f4vod. Hoci v nej c\u00edtite hrav\u00fa kyslos\u0165 jah\u00f4d, v skuto\u010dnosti ide o chu\u0165 b\u00f4bov z kakaovn\u00edka odrody ruby. \u0160etrne spracovan\u00fdch jemnou ferment\u00e1ciou tak, aby predviedli nielen nezvy\u010dajn\u00fa, ru\u017eov\u00fa farbu, ale aj ovocn\u00fa chu\u0165. Pridali sme len tro\u0161ku vanilky, aby vynikol jej \u010dokol\u00e1dov\u00fd charakter.<\/p>","protected":false},"featured_media":34513,"comment_status":"closed","ping_status":"closed","template":"","meta":[],"product_brand":[448],"product_cat":[259,419],"product_tag":[],"giftcard-category":[],"class_list":{"0":"post-34512","1":"product","2":"type-product","3":"status-publish","4":"has-post-thumbnail","6":"product_brand-lyra","7":"product_cat-snacky-slane-sladke","8":"product_cat-lyra","10":"first","11":"instock","12":"taxable","13":"shipping-taxable","14":"purchasable","15":"product-type-simple"},"_links":{"self":[{"href":"https:\/\/zlatyrakytnik.sk\/hu\/wp-json\/wp\/v2\/product\/34512","targetHints":{"allow":["GET"]}}],"collection":[{"href":"https:\/\/zlatyrakytnik.sk\/hu\/wp-json\/wp\/v2\/product"}],"about":[{"href":"https:\/\/zlatyrakytnik.sk\/hu\/wp-json\/wp\/v2\/types\/product"}],"replies":[{"embeddable":true,"href":"https:\/\/zlatyrakytnik.sk\/hu\/wp-json\/wp\/v2\/comments?post=34512"}],"wp:featuredmedia":[{"embeddable":true,"href":"https:\/\/zlatyrakytnik.sk\/hu\/wp-json\/wp\/v2\/media\/34513"}],"wp:attachment":[{"href":"https:\/\/zlatyrakytnik.sk\/hu\/wp-json\/wp\/v2\/media?parent=34512"}],"wp:term":[{"taxonomy":"product_brand","embeddable":true,"href":"https:\/\/zlatyrakytnik.sk\/hu\/wp-json\/wp\/v2\/product_brand?post=34512"},{"taxonomy":"product_cat","embeddable":true,"href":"https:\/\/zlatyrakytnik.sk\/hu\/wp-json\/wp\/v2\/product_cat?post=34512"},{"taxonomy":"product_tag","embeddable":true,"href":"https:\/\/zlatyrakytnik.sk\/hu\/wp-json\/wp\/v2\/product_tag?post=34512"},{"taxonomy":"giftcard-category","embeddable":true,"href":"https:\/\/zlatyrakytnik.sk\/hu\/wp-json\/wp\/v2\/giftcard-category?post=34512"}],"curies":[{"name":"wp","href":"https:\/\/api.w.org\/{rel}","templated":true}]}}