{"id":34525,"date":"2025-06-06T13:52:25","date_gmt":"2025-06-06T11:52:25","guid":{"rendered":"https:\/\/zlatyrakytnik.sk\/?post_type=product&#038;p=34525"},"modified":"2026-01-26T15:24:15","modified_gmt":"2026-01-26T14:24:15","slug":"creamy-strawberry-mliecna-cokolada-plnena-jahodovym-kremom","status":"publish","type":"product","link":"https:\/\/zlatyrakytnik.sk\/hu\/termek\/creamy-strawberry-mliecna-cokolada-plnena-jahodovym-kremom\/","title":{"rendered":"Lyra \u2013 Creamy Strawberry &#8211; Mlie\u010dna \u010dokol\u00e1da plnen\u00e1 jahodov\u00fdm kr\u00e9mom"},"content":{"rendered":"<h2 class=\"wp-block-heading\">Zlo\u017eenie<\/h2><p>mlie\u010dna \u010dokol\u00e1da (65%) (cukor, kakaov\u00e9 maslo, plnotu\u010dn\u00e9 su\u0161en\u00e9&nbsp;<strong>mlieko<\/strong>&nbsp;kakaov\u00e1 hmota, emulg\u00e1tor: slne\u010dnicov\u00fd lecit\u00edn, pr\u00edrodn\u00e1 vanilkov\u00e1 ar\u00f3ma; jahodov\u00e1 n\u00e1pl\u0148 (35%)(cukor, rastlinn\u00fd olej (kokosov\u00fd, slne\u010dnicov\u00fd), su\u0161en\u00e9 odstreden\u00e9&nbsp;<strong>mlieko<\/strong>, su\u0161en\u00fd odstreden\u00fd&nbsp;<strong>jogurt<\/strong>, su\u0161en\u00e9 plnotu\u010dn\u00e9&nbsp;&nbsp;<strong>mlieko<\/strong>, rastlinn\u00e9 tuky (illipe maslo, bambuck\u00e9 maslo), maltodextr\u00edn, jahodov\u00fd pr\u00e1\u0161ok(0,9%), emulg\u00e1tor:&nbsp;<strong>s\u00f3jov\u00fd<\/strong>&nbsp;lecit\u00edn, koncentr\u00e1t z \u010dervenej repy, ar\u00f3my, citr\u00f3nov\u00fd pr\u00e1\u0161ok. Obsah kakaovej su\u0161iny v \u010dokol\u00e1de minim\u00e1lne 35%. M\u00f4\u017ee obsahova\u0165 orechy.<\/p><hr class=\"wp-block-separator has-alpha-channel-opacity\"\/><h2 class=\"wp-block-heading\">Nutri\u010dn\u00e9 hodnoty na 100 g<\/h2><figure class=\"wp-block-table\"><table class=\"has-fixed-layout\"><tbody><tr><td>Energetick\u00e1 hodnota<\/td><td>2383kj\/570kcal<\/td><\/tr><tr><td>Tuky<\/td><td>38g<\/td><\/tr><tr><td><em>z ktor\u00fdch nas\u00fdten\u00e9 mastn\u00e9 kyseliny<\/em><\/td><td>23g<\/td><\/tr><tr><td>Sacharidy<\/td><td>52g<\/td><\/tr><tr><td><em>z toho cukry<\/em><\/td><td>50g<\/td><\/tr><tr><td>Vl\u00e1knina<\/td><td>1,1g<\/td><\/tr><tr><td>Bielkoviny<\/td><td>7,4g<\/td><\/tr><tr><td>So\u013e<\/td><td>0,24g<\/td><\/tr><\/tbody><\/table><\/figure>","protected":false},"excerpt":{"rendered":"<p class=\"mb-0\">Mlie\u010dna \u010dokol\u00e1da s jahodovou n\u00e1pl\u0148ou kombinuje najlep\u0161iu kvalitu \u010dokol\u00e1dy Fino de Aroma so sladkou chu\u0165ou jah\u00f4d.<\/p>","protected":false},"featured_media":34526,"comment_status":"closed","ping_status":"closed","template":"","meta":[],"product_brand":[448],"product_cat":[259,419],"product_tag":[],"giftcard-category":[],"class_list":{"0":"post-34525","1":"product","2":"type-product","3":"status-publish","4":"has-post-thumbnail","6":"product_brand-lyra","7":"product_cat-snacky-slane-sladke","8":"product_cat-lyra","10":"first","11":"instock","12":"taxable","13":"shipping-taxable","14":"purchasable","15":"product-type-simple"},"_links":{"self":[{"href":"https:\/\/zlatyrakytnik.sk\/hu\/wp-json\/wp\/v2\/product\/34525","targetHints":{"allow":["GET"]}}],"collection":[{"href":"https:\/\/zlatyrakytnik.sk\/hu\/wp-json\/wp\/v2\/product"}],"about":[{"href":"https:\/\/zlatyrakytnik.sk\/hu\/wp-json\/wp\/v2\/types\/product"}],"replies":[{"embeddable":true,"href":"https:\/\/zlatyrakytnik.sk\/hu\/wp-json\/wp\/v2\/comments?post=34525"}],"wp:featuredmedia":[{"embeddable":true,"href":"https:\/\/zlatyrakytnik.sk\/hu\/wp-json\/wp\/v2\/media\/34526"}],"wp:attachment":[{"href":"https:\/\/zlatyrakytnik.sk\/hu\/wp-json\/wp\/v2\/media?parent=34525"}],"wp:term":[{"taxonomy":"product_brand","embeddable":true,"href":"https:\/\/zlatyrakytnik.sk\/hu\/wp-json\/wp\/v2\/product_brand?post=34525"},{"taxonomy":"product_cat","embeddable":true,"href":"https:\/\/zlatyrakytnik.sk\/hu\/wp-json\/wp\/v2\/product_cat?post=34525"},{"taxonomy":"product_tag","embeddable":true,"href":"https:\/\/zlatyrakytnik.sk\/hu\/wp-json\/wp\/v2\/product_tag?post=34525"},{"taxonomy":"giftcard-category","embeddable":true,"href":"https:\/\/zlatyrakytnik.sk\/hu\/wp-json\/wp\/v2\/giftcard-category?post=34525"}],"curies":[{"name":"wp","href":"https:\/\/api.w.org\/{rel}","templated":true}]}}