{"id":34527,"date":"2025-06-06T13:54:25","date_gmt":"2025-06-06T11:54:25","guid":{"rendered":"https:\/\/zlatyrakytnik.sk\/?post_type=product&#038;p=34527"},"modified":"2026-01-26T15:24:14","modified_gmt":"2026-01-26T14:24:14","slug":"creamy-nougat-biela-cokolada-s-lieskovo-orieskovou-naplnou","status":"publish","type":"product","link":"https:\/\/zlatyrakytnik.sk\/hu\/termek\/creamy-nougat-biela-cokolada-s-lieskovo-orieskovou-naplnou\/","title":{"rendered":"Lyra \u2013 Creamy Nougat- Biela \u010dokol\u00e1da s lieskovo-orie\u0161kovou n\u00e1pl\u0148ou"},"content":{"rendered":"<h2 class=\"wp-block-heading\">Zlo\u017eenie<\/h2><p>biela \u010dokol\u00e1da (65%) (cukor, kakaov\u00e9 maslo, su\u0161en\u00e9 odstreden\u00e9&nbsp;<strong>mlieko<\/strong>, su\u0161en\u00e1&nbsp;<strong>srv\u00e1tka<\/strong>,&nbsp;<strong>mlie\u010dny<\/strong>&nbsp;tuk,&nbsp;<strong>maslo<\/strong>, emulg\u00e1tor: lecit\u00edn (E322), pr\u00edrodn\u00e1 vanilkov\u00e1 ar\u00f3ma; lieskovo- orie\u0161kov\u00e1 n\u00e1pl\u0148 (35%)(cukor,&nbsp;<strong>lieskov\u00e9 orie\u0161ky<\/strong>&nbsp;(38%), rastlinn\u00fd olej kokosov\u00fd, rastlinn\u00e9 tuky (illipe maslo, bambuck\u00e9 maslo), n\u00edzkotu\u010dn\u00fd kakaov\u00fd pr\u00e1\u0161ok, emulg\u00e1tor:&nbsp;<strong>s\u00f3jov\u00fd<\/strong>lecit\u00edn, vanilka z Madagaskaru.M\u00f4\u017ee obsahova\u0165 in\u00e9 orechy.<\/p><hr class=\"wp-block-separator has-alpha-channel-opacity\"\/><h2 class=\"wp-block-heading\">Nutri\u010dn\u00e9 hodnoty na 100 g<\/h2><figure class=\"wp-block-table\"><table class=\"has-fixed-layout\"><tbody><tr><td>Energetick\u00e1 hodnota<\/td><td>2310kj\/571kcal<\/td><\/tr><tr><td>Tuky<\/td><td>37g<\/td><\/tr><tr><td><em>z ktor\u00fdch nas\u00fdten\u00e9 mastn\u00e9 kyseliny<\/em><\/td><td>20g<\/td><\/tr><tr><td>Sacharidy<\/td><td>52g<\/td><\/tr><tr><td><em>z toho cukry<\/em><\/td><td>51g<\/td><\/tr><tr><td>Vl\u00e1knina<\/td><td>1,2g<\/td><\/tr><tr><td>Bielkoviny<\/td><td>6,6g<\/td><\/tr><tr><td>So\u013e<\/td><td>0,32g<\/td><\/tr><\/tbody><\/table><\/figure>","protected":false},"excerpt":{"rendered":"<p class=\"mb-0\">Harm\u00f3nia kr\u00e9movej bielej \u010dokol\u00e1dy a krehk\u00fdch lieskov\u00fdch orie\u0161kov ulahod\u00ed naozaj ka\u017ed\u00e9mu.<\/p>","protected":false},"featured_media":34528,"comment_status":"closed","ping_status":"closed","template":"","meta":[],"product_brand":[448],"product_cat":[259,419],"product_tag":[],"giftcard-category":[],"class_list":{"0":"post-34527","1":"product","2":"type-product","3":"status-publish","4":"has-post-thumbnail","6":"product_brand-lyra","7":"product_cat-snacky-slane-sladke","8":"product_cat-lyra","10":"first","11":"instock","12":"taxable","13":"shipping-taxable","14":"purchasable","15":"product-type-simple"},"_links":{"self":[{"href":"https:\/\/zlatyrakytnik.sk\/hu\/wp-json\/wp\/v2\/product\/34527","targetHints":{"allow":["GET"]}}],"collection":[{"href":"https:\/\/zlatyrakytnik.sk\/hu\/wp-json\/wp\/v2\/product"}],"about":[{"href":"https:\/\/zlatyrakytnik.sk\/hu\/wp-json\/wp\/v2\/types\/product"}],"replies":[{"embeddable":true,"href":"https:\/\/zlatyrakytnik.sk\/hu\/wp-json\/wp\/v2\/comments?post=34527"}],"wp:featuredmedia":[{"embeddable":true,"href":"https:\/\/zlatyrakytnik.sk\/hu\/wp-json\/wp\/v2\/media\/34528"}],"wp:attachment":[{"href":"https:\/\/zlatyrakytnik.sk\/hu\/wp-json\/wp\/v2\/media?parent=34527"}],"wp:term":[{"taxonomy":"product_brand","embeddable":true,"href":"https:\/\/zlatyrakytnik.sk\/hu\/wp-json\/wp\/v2\/product_brand?post=34527"},{"taxonomy":"product_cat","embeddable":true,"href":"https:\/\/zlatyrakytnik.sk\/hu\/wp-json\/wp\/v2\/product_cat?post=34527"},{"taxonomy":"product_tag","embeddable":true,"href":"https:\/\/zlatyrakytnik.sk\/hu\/wp-json\/wp\/v2\/product_tag?post=34527"},{"taxonomy":"giftcard-category","embeddable":true,"href":"https:\/\/zlatyrakytnik.sk\/hu\/wp-json\/wp\/v2\/giftcard-category?post=34527"}],"curies":[{"name":"wp","href":"https:\/\/api.w.org\/{rel}","templated":true}]}}