{"id":34565,"date":"2025-06-18T10:07:27","date_gmt":"2025-06-18T08:07:27","guid":{"rendered":"https:\/\/zlatyrakytnik.sk\/?post_type=product&#038;p=34565"},"modified":"2025-06-19T08:25:16","modified_gmt":"2025-06-19T06:25:16","slug":"kasa-anicka-jablkomrkva-200g","status":"publish","type":"product","link":"https:\/\/zlatyrakytnik.sk\/hu\/termek\/kasa-anicka-jablkomrkva-200g\/","title":{"rendered":"Ka\u0161a Ani\u010dka jablko,mrkva 200g"},"content":{"rendered":"<h3 class=\"wp-block-heading\">Pr\u00edprava ka\u0161e je ve\u013emi jednoduch\u00e1. Ka\u0161u primie\u0161avame do hor\u00facej vody alebo mlieka do docielenia po\u017eadovanej hustoty.&nbsp; Ka\u0161u serv\u00edrujeme tepl\u00fa.<\/h3><p>Form\u00e1t priate\u013eov Ravity (Ani\u010dky a Emky) vznikol&nbsp;<strong>ako potreba reagova\u0165 na s\u00fa\u010dasn\u00fd trend vizu\u00e1lnej fyzickej dokonalosti.<\/strong>&nbsp;V dne\u0161nej dobe na n\u00e1s v\u0161etk\u00fdch u\u017e od \u00fatleho veku vpl\u00fdvaj\u00fa dokonal\u00e9 fotografie kr\u00e1snych \u013eud\u00ed. Ot\u00e1zka&nbsp;<strong>sebal\u00e1sky<\/strong>&nbsp;tak dost\u00e1va \u00faplne nov\u00fa hodnotu. Pr\u00e1ve to bola prv\u00e1 my\u0161lienka s ktorou&nbsp;pracovali v tomto projekte.<br><strong>Uk\u00e1za\u0165 na\u0161im de\u0165om hodnotu sebal\u00e1sky, odvahy a vn\u00edmania kr\u00e1sy v inakosti<\/strong>.<\/p><blockquote class=\"wp-block-quote is-layout-flow wp-block-quote-is-layout-flow\"><h4 class=\"wp-block-heading\">S t\u00fdmto poslan\u00edm pre V\u00e1s v Ravite navrhli nov\u00fa radu produktov pre deti!<\/h4><\/blockquote><h4 class=\"wp-block-heading\"><strong>RY\u0160AV\u00c1 ANI\u010cKA A SEBAL\u00c1SKA<\/strong><\/h4><p>Sebal\u00e1ska je&nbsp;<strong>z\u00e1kladom vn\u00fatornej spokojnosti, istoty, \u00faspechov a naozaj kvalitn\u00fdch vz\u0165ahov s okol\u00edm<\/strong>. Na\u0161e probl\u00e9my, choroby a neuspokojiv\u00e9 \u017eivotn\u00e9 situ\u00e1cie vych\u00e1dzaj\u00fa na najhlb\u0161ej \u00farovni z negat\u00edvneho vz\u0165ahu pr\u00e1ve k sebe sam\u00fdm.<\/p><p>Sebal\u00e1ska znamen\u00e1 uvedomi\u0165 si v\u0161etko, \u010do k n\u00e1m patr\u00ed \u2013 v\u0161etky na\u0161e potreby, talenty a tvorivos\u0165. Ale&nbsp;<strong>taktie\u017e aj chyby, \u010di charakterov\u00e9 nedostatky<\/strong>. Mus\u00edme sa&nbsp;<strong>nau\u010di\u0165 pozera\u0165 na svoj odraz v zrkadle<\/strong>&nbsp;a vedie\u0165 ho prija\u0165. Pr\u00e1ve sebaprijatie v dobe v\u00fdrazn\u00e9ho vplyvu soci\u00e1lnych siet\u00ed a m\u00e9di\u00ed je ot\u00e1zkou \u010dim \u010falej t\u00fdm ni\u017e\u0161ieho veku.&nbsp;<strong>Nau\u010di\u0165 sa \u013e\u00fabi\u0165, je preto potrebn\u00e9 \u010d\u00edm sk\u00f4r.&nbsp; S t\u00fdmto poslan\u00edm vznikla&nbsp;Ani\u010dka.&nbsp;<\/strong><\/p><p><strong>Zlo\u017eenie:<\/strong>&nbsp;extrudovan\u00e1 kukuri\u010dno-p\u0161enov\u00e1 dr\u0165 65% (kukuri\u010dn\u00e1 krupica 49%, p\u0161eno 16%), su\u0161en\u00e1 mrkva 20%, su\u0161en\u00e9 jablk\u00e1 15%. Obsahuje len pr\u00edrodn\u00e9 suroviny a pr\u00edrodn\u00e9 cukry, bez pr\u00eddavn\u00fdch l\u00e1tok.<\/p><p>Skladujte na suchom mieste a chr\u00e1\u0148te pred priamym slne\u010dn\u00fdm \u017eiaren\u00edm.<\/p><p><strong>V\u00fd\u017eivov\u00e9 \u00fadaje na 100g v\u00fdrobku<\/strong>: 1518kJ\/359kcal; tuky 2,1g z toho nas\u00fdten\u00e9 mastn\u00e9 kyseliny 0,28g; sacharidy 83,69 g z toho cukry 14,1g; bielkoviny 6,98g; so\u013e 0,13g, vl\u00e1knina 11,23g.<\/p><p><strong>Hmotnos\u0165&nbsp;<\/strong>: 200g<\/p>","protected":false},"excerpt":{"rendered":"<p>Kukuri\u010dno-p\u0161enov\u00e1 ka\u0161i\u010dka so su\u0161enou mrkvou a jablkom zna\u010dky Ravita je vhodn\u00e1 pre deti od ukon\u010den\u00e9ho 6. mesiaca veku die\u0165a\u0165a. Neobsahuje \u017eiadne pr\u00eddavn\u00e9 l\u00e1tky, cukor, \u010di in\u00e9 konzervanty.<\/p>","protected":false},"featured_media":34566,"comment_status":"closed","ping_status":"closed","template":"","meta":[],"product_brand":[],"product_cat":[253,263],"product_tag":[],"giftcard-category":[],"class_list":{"0":"post-34565","1":"product","2":"type-product","3":"status-publish","4":"has-post-thumbnail","6":"product_cat-spajza","7":"product_cat-pre-deti","9":"first","10":"instock","11":"taxable","12":"shipping-taxable","13":"purchasable","14":"product-type-simple"},"_links":{"self":[{"href":"https:\/\/zlatyrakytnik.sk\/hu\/wp-json\/wp\/v2\/product\/34565","targetHints":{"allow":["GET"]}}],"collection":[{"href":"https:\/\/zlatyrakytnik.sk\/hu\/wp-json\/wp\/v2\/product"}],"about":[{"href":"https:\/\/zlatyrakytnik.sk\/hu\/wp-json\/wp\/v2\/types\/product"}],"replies":[{"embeddable":true,"href":"https:\/\/zlatyrakytnik.sk\/hu\/wp-json\/wp\/v2\/comments?post=34565"}],"wp:featuredmedia":[{"embeddable":true,"href":"https:\/\/zlatyrakytnik.sk\/hu\/wp-json\/wp\/v2\/media\/34566"}],"wp:attachment":[{"href":"https:\/\/zlatyrakytnik.sk\/hu\/wp-json\/wp\/v2\/media?parent=34565"}],"wp:term":[{"taxonomy":"product_brand","embeddable":true,"href":"https:\/\/zlatyrakytnik.sk\/hu\/wp-json\/wp\/v2\/product_brand?post=34565"},{"taxonomy":"product_cat","embeddable":true,"href":"https:\/\/zlatyrakytnik.sk\/hu\/wp-json\/wp\/v2\/product_cat?post=34565"},{"taxonomy":"product_tag","embeddable":true,"href":"https:\/\/zlatyrakytnik.sk\/hu\/wp-json\/wp\/v2\/product_tag?post=34565"},{"taxonomy":"giftcard-category","embeddable":true,"href":"https:\/\/zlatyrakytnik.sk\/hu\/wp-json\/wp\/v2\/giftcard-category?post=34565"}],"curies":[{"name":"wp","href":"https:\/\/api.w.org\/{rel}","templated":true}]}}