{"id":34567,"date":"2025-06-18T10:10:06","date_gmt":"2025-06-18T08:10:06","guid":{"rendered":"https:\/\/zlatyrakytnik.sk\/?post_type=product&#038;p=34567"},"modified":"2025-06-19T08:25:06","modified_gmt":"2025-06-19T06:25:06","slug":"sol-morska-tichy-les-150g","status":"publish","type":"product","link":"https:\/\/zlatyrakytnik.sk\/hu\/termek\/sol-morska-tichy-les-150g\/","title":{"rendered":"So\u013e morsk\u00e1 tich\u00fd les 150g"},"content":{"rendered":"<p>Sypk\u00e1 zmes morskej soli s k\u00faskami su\u0161en\u00fdch hr\u00edbov, v\u0148at\u00ed a koren\u00edn.&nbsp;<\/p><p><strong>Zlo\u017eenie:&nbsp;<\/strong>morsk\u00e1 jedl\u00e1 so\u013e j\u00f3dovan\u00e1 (so\u013e morsk\u00e1, jodi\u010dnan draseln\u00fd, protihrudkuj\u00faca l\u00e1tka ferokyanid draseln\u00fd) 80%; su\u0161en\u00e9 zemiakov\u00e9 vlo\u010dky; koreniny v r\u00f4znom pomere: su\u0161en\u00e1 cibu\u013ea mlet\u00e1, korenie \u0161tvorfarebn\u00e9 mlet\u00e9, su\u0161en\u00e1 petr\u017elenov\u00e1 v\u0148a\u0165, su\u0161en\u00fd ligur\u010dek \u2013 v\u0148a\u0165; su\u0161en\u00e9 hr\u00edby mlet\u00e9 (5%) v r\u00f4znom pomere: hliva ustricov\u00e1, shiitake a jud\u00e1\u0161ove ucho.&nbsp;<\/p><p>Vo v\u00fdrobe sa spracov\u00e1va aj zeler a s\u00f3ja.<\/p><p><strong>Skladovanie:&nbsp;<\/strong>skladujte na suchom mieste a chr\u00e1\u0148te pred priamym slne\u010dn\u00fdm \u017eiaren\u00edm.<\/p><p><strong>Krajina p\u00f4vodu z\u00e1kladnej zlo\u017eky\/morsk\u00e1 so\u013e:<\/strong>&nbsp;E\u00da.<\/p><p><strong>Hmotnos\u0165:<\/strong>&nbsp;150 g<\/p>","protected":false},"excerpt":{"rendered":"<p>Morsk\u00e1 so\u013e s pr\u00edchu\u0165ou Tich\u00fd les zna\u010dky Ravita Va\u0161im jedl\u00e1m dod\u00e1 v\u00fdnimo\u010dn\u00fa lahodn\u00fa chu\u0165. Veselo ju m\u00f4\u017eete pou\u017e\u00edva\u0165 ako n\u00e1hradu kuchynskej soli.<\/p>","protected":false},"featured_media":34568,"comment_status":"closed","ping_status":"closed","template":"","meta":[],"product_brand":[],"product_cat":[253],"product_tag":[],"giftcard-category":[],"class_list":{"0":"post-34567","1":"product","2":"type-product","3":"status-publish","4":"has-post-thumbnail","6":"product_cat-spajza","8":"first","9":"instock","10":"taxable","11":"shipping-taxable","12":"purchasable","13":"product-type-simple"},"_links":{"self":[{"href":"https:\/\/zlatyrakytnik.sk\/hu\/wp-json\/wp\/v2\/product\/34567","targetHints":{"allow":["GET"]}}],"collection":[{"href":"https:\/\/zlatyrakytnik.sk\/hu\/wp-json\/wp\/v2\/product"}],"about":[{"href":"https:\/\/zlatyrakytnik.sk\/hu\/wp-json\/wp\/v2\/types\/product"}],"replies":[{"embeddable":true,"href":"https:\/\/zlatyrakytnik.sk\/hu\/wp-json\/wp\/v2\/comments?post=34567"}],"wp:featuredmedia":[{"embeddable":true,"href":"https:\/\/zlatyrakytnik.sk\/hu\/wp-json\/wp\/v2\/media\/34568"}],"wp:attachment":[{"href":"https:\/\/zlatyrakytnik.sk\/hu\/wp-json\/wp\/v2\/media?parent=34567"}],"wp:term":[{"taxonomy":"product_brand","embeddable":true,"href":"https:\/\/zlatyrakytnik.sk\/hu\/wp-json\/wp\/v2\/product_brand?post=34567"},{"taxonomy":"product_cat","embeddable":true,"href":"https:\/\/zlatyrakytnik.sk\/hu\/wp-json\/wp\/v2\/product_cat?post=34567"},{"taxonomy":"product_tag","embeddable":true,"href":"https:\/\/zlatyrakytnik.sk\/hu\/wp-json\/wp\/v2\/product_tag?post=34567"},{"taxonomy":"giftcard-category","embeddable":true,"href":"https:\/\/zlatyrakytnik.sk\/hu\/wp-json\/wp\/v2\/giftcard-category?post=34567"}],"curies":[{"name":"wp","href":"https:\/\/api.w.org\/{rel}","templated":true}]}}