{"id":34569,"date":"2025-06-18T10:12:09","date_gmt":"2025-06-18T08:12:09","guid":{"rendered":"https:\/\/zlatyrakytnik.sk\/?post_type=product&#038;p=34569"},"modified":"2025-06-19T08:24:57","modified_gmt":"2025-06-19T06:24:57","slug":"sol-himalajska-zahrada-200g","status":"publish","type":"product","link":"https:\/\/zlatyrakytnik.sk\/hu\/termek\/sol-himalajska-zahrada-200g\/","title":{"rendered":"So\u013e himal\u00e1jska z\u00e1hrada 200g"},"content":{"rendered":"<p>Sypk\u00e1 zmes himal\u00e1jskej soli s k\u00faskami su\u0161enej zeleniny, v\u0148at\u00ed a byl\u00edn.&nbsp;<\/p><p><strong>Zlo\u017eenie:&nbsp;<\/strong>himal\u00e1jska so\u013e 68%; su\u0161en\u00e1 zelenina v r\u00f4znom pomere: mrkva, cibu\u013ea, zemiaky, p\u00f3r, petr\u017elen, pa\u0161trn\u00e1k; sachar\u00f3za; kukuri\u010dn\u00fd \u0161krob; su\u0161en\u00e9 byliny v r\u00f4znom pomere: ligur\u010dek, saturejka, pamajor\u00e1n, materina d\u00fa\u0161ka, bazalka, medovka a tymian; petr\u017elenov\u00e1 v\u0148a\u0165.<\/p><p>Vo v\u00fdrobe sa spracov\u00e1va aj zeler a s\u00f3ja.<\/p><p><strong>Skladovanie:&nbsp;<\/strong>skladujte na suchom mieste a chr\u00e1\u0148te pred priamym slne\u010dn\u00fdm \u017eiaren\u00edm.<\/p><p><strong>Krajina p\u00f4vodu z\u00e1kladnej zlo\u017eky\/himal\u00e1jska so\u013e:<\/strong>&nbsp;mimo E\u00da.<\/p><p><strong>Hmotnos\u0165:<\/strong>&nbsp;200 g<\/p>","protected":false},"excerpt":{"rendered":"<p>Himal\u00e1jska so\u013e s pr\u00edchu\u0165ou Z\u00e1hrada zna\u010dky Ravita Va\u0161im jedl\u00e1m dod\u00e1 v\u00fdnimo\u010dn\u00fa lahodn\u00fa chu\u0165. Veselo ju m\u00f4\u017eete pou\u017e\u00edva\u0165 ako n\u00e1hradu kuchynskej soli.<\/p>","protected":false},"featured_media":34570,"comment_status":"closed","ping_status":"closed","template":"","meta":[],"product_brand":[],"product_cat":[253],"product_tag":[],"giftcard-category":[],"class_list":{"0":"post-34569","1":"product","2":"type-product","3":"status-publish","4":"has-post-thumbnail","6":"product_cat-spajza","8":"first","9":"instock","10":"taxable","11":"shipping-taxable","12":"purchasable","13":"product-type-simple"},"_links":{"self":[{"href":"https:\/\/zlatyrakytnik.sk\/hu\/wp-json\/wp\/v2\/product\/34569","targetHints":{"allow":["GET"]}}],"collection":[{"href":"https:\/\/zlatyrakytnik.sk\/hu\/wp-json\/wp\/v2\/product"}],"about":[{"href":"https:\/\/zlatyrakytnik.sk\/hu\/wp-json\/wp\/v2\/types\/product"}],"replies":[{"embeddable":true,"href":"https:\/\/zlatyrakytnik.sk\/hu\/wp-json\/wp\/v2\/comments?post=34569"}],"wp:featuredmedia":[{"embeddable":true,"href":"https:\/\/zlatyrakytnik.sk\/hu\/wp-json\/wp\/v2\/media\/34570"}],"wp:attachment":[{"href":"https:\/\/zlatyrakytnik.sk\/hu\/wp-json\/wp\/v2\/media?parent=34569"}],"wp:term":[{"taxonomy":"product_brand","embeddable":true,"href":"https:\/\/zlatyrakytnik.sk\/hu\/wp-json\/wp\/v2\/product_brand?post=34569"},{"taxonomy":"product_cat","embeddable":true,"href":"https:\/\/zlatyrakytnik.sk\/hu\/wp-json\/wp\/v2\/product_cat?post=34569"},{"taxonomy":"product_tag","embeddable":true,"href":"https:\/\/zlatyrakytnik.sk\/hu\/wp-json\/wp\/v2\/product_tag?post=34569"},{"taxonomy":"giftcard-category","embeddable":true,"href":"https:\/\/zlatyrakytnik.sk\/hu\/wp-json\/wp\/v2\/giftcard-category?post=34569"}],"curies":[{"name":"wp","href":"https:\/\/api.w.org\/{rel}","templated":true}]}}