{"id":34571,"date":"2025-06-18T10:13:54","date_gmt":"2025-06-18T08:13:54","guid":{"rendered":"https:\/\/zlatyrakytnik.sk\/?post_type=product&#038;p=34571"},"modified":"2025-10-14T10:08:41","modified_gmt":"2025-10-14T08:08:41","slug":"pestrec-mariansky-200g","status":"publish","type":"product","link":"https:\/\/zlatyrakytnik.sk\/hu\/termek\/pestrec-mariansky-200g\/","title":{"rendered":"Pestrec mari\u00e1nsky 200g"},"content":{"rendered":"<p><strong>V\u00fd\u017eivov\u00fd doplnok<\/strong><\/p><p><strong>Zlo\u017eenie:&nbsp;<\/strong>pestrec mari\u00e1nsky &nbsp;(Silybum marianum) drven\u00fd 100%.&nbsp;<\/p><p><strong>Odpor\u00fa\u010dan\u00e1 denn\u00e1 d\u00e1vka:<\/strong>&nbsp;12-18 g denne (4 x denne 1 \u010dajov\u00e1 ly\u017ei\u010dka).<\/p><p><strong>\u00da\u010dinn\u00e1 l\u00e1tka:<\/strong>&nbsp;silymar\u00edn: 1,85g na 100g ; 0,222-0,333g v odpor\u00fa\u010danej dennej d\u00e1vke.<\/p><p><strong>V\u00fd\u017eivov\u00e9 \u00fadaje na 100g v\u00fdrobku:&nbsp;&nbsp;&nbsp;<\/strong>energia 1366kJ\/ 325 kcal; tuky 12 g z toho nas\u00fdten\u00e9 mastn\u00e9 kyseliny 2,4 g; sacharidy 4,4 g z toho cukry 4,1 g; bielkoviny 35 g; so\u013e 0 g.<\/p><p><strong>UPOZORNENIA:&nbsp;<\/strong><\/p><p>Nie je n\u00e1hradou pestrej stravy.&nbsp;<br>Neprekra\u010dujte uveden\u00e9 d\u00e1vkovanie.<br>Uchov\u00e1vajte mimo dosahu det\u00ed.<br>Tehotn\u00fdm, doj\u010diacim \u017een\u00e1m a de\u0165om odpor\u00fa\u010dame u\u017e\u00edvanie konzultova\u0165 s lek\u00e1rom.<br>Nevhodn\u00e9 pre osoby trpiace na kardiovaskul\u00e1rne ochorenia.<\/p><p><strong>Krajina p\u00f4vodu:<\/strong>&nbsp;\u010cesk\u00e1 republika.<\/p><p><strong>Skladovanie:&nbsp;<\/strong>Skladujte na suchom mieste a&nbsp;chr\u00e1\u0148te pred priamym slne\u010dn\u00fdm \u017eiaren\u00edm.<\/p><p><strong>Hmotnos\u0165:<\/strong>&nbsp;200 g<\/p><p><strong>V\u00fdrobca:<\/strong>&nbsp; Low Carb Market, s. r. o.; U Michelsk\u00e9ho ml\u00fdna 383\/33, 140 00 Praha<\/p><p><strong>Distrib\u00fator:<\/strong>&nbsp;Ravita, s. r. o.; Budovate\u013esk\u00e1 63; 080 01 Pre\u0161ov<\/p>","protected":false},"excerpt":{"rendered":"<p>Pestrec mari\u00e1nsky je pr\u00edrodn\u00fd doplnok stravy v pr\u00e1\u0161ku, ktor\u00fd m\u00f4\u017eete prida\u0165 do ob\u013e\u00faben\u00fdch jed\u00e1l a n\u00e1pojov. Zap\u00edjajte s dostato\u010dn\u00fdm mno\u017estvom vody.<\/p>","protected":false},"featured_media":34572,"comment_status":"closed","ping_status":"closed","template":"","meta":[],"product_brand":[],"product_cat":[253],"product_tag":[],"giftcard-category":[],"class_list":{"0":"post-34571","1":"product","2":"type-product","3":"status-publish","4":"has-post-thumbnail","6":"product_cat-spajza","8":"first","9":"outofstock","10":"taxable","11":"shipping-taxable","12":"purchasable","13":"product-type-simple"},"_links":{"self":[{"href":"https:\/\/zlatyrakytnik.sk\/hu\/wp-json\/wp\/v2\/product\/34571","targetHints":{"allow":["GET"]}}],"collection":[{"href":"https:\/\/zlatyrakytnik.sk\/hu\/wp-json\/wp\/v2\/product"}],"about":[{"href":"https:\/\/zlatyrakytnik.sk\/hu\/wp-json\/wp\/v2\/types\/product"}],"replies":[{"embeddable":true,"href":"https:\/\/zlatyrakytnik.sk\/hu\/wp-json\/wp\/v2\/comments?post=34571"}],"wp:featuredmedia":[{"embeddable":true,"href":"https:\/\/zlatyrakytnik.sk\/hu\/wp-json\/wp\/v2\/media\/34572"}],"wp:attachment":[{"href":"https:\/\/zlatyrakytnik.sk\/hu\/wp-json\/wp\/v2\/media?parent=34571"}],"wp:term":[{"taxonomy":"product_brand","embeddable":true,"href":"https:\/\/zlatyrakytnik.sk\/hu\/wp-json\/wp\/v2\/product_brand?post=34571"},{"taxonomy":"product_cat","embeddable":true,"href":"https:\/\/zlatyrakytnik.sk\/hu\/wp-json\/wp\/v2\/product_cat?post=34571"},{"taxonomy":"product_tag","embeddable":true,"href":"https:\/\/zlatyrakytnik.sk\/hu\/wp-json\/wp\/v2\/product_tag?post=34571"},{"taxonomy":"giftcard-category","embeddable":true,"href":"https:\/\/zlatyrakytnik.sk\/hu\/wp-json\/wp\/v2\/giftcard-category?post=34571"}],"curies":[{"name":"wp","href":"https:\/\/api.w.org\/{rel}","templated":true}]}}