{"id":34573,"date":"2025-06-18T10:15:44","date_gmt":"2025-06-18T08:15:44","guid":{"rendered":"https:\/\/zlatyrakytnik.sk\/?post_type=product&#038;p=34573"},"modified":"2026-01-26T09:03:21","modified_gmt":"2026-01-26T08:03:21","slug":"muka-ryzova-500g","status":"publish","type":"product","link":"https:\/\/zlatyrakytnik.sk\/hu\/termek\/muka-ryzova-500g\/","title":{"rendered":"M\u00faka ry\u017eov\u00e1 500g"},"content":{"rendered":"<p>Lep\u0161iu konzistenciu cesta docielime zmie\u0161an\u00edm s&nbsp;in\u00fdmi bezglut\u00e9nov\u00fdmi m\u00fakami alebo s&nbsp;klasickou p\u0161eni\u010dnou m\u00fakou. V\u00fdrobok upe\u010den\u00fd z&nbsp;ry\u017eovej m\u00faky nem\u00e1 \u017eiadnu \u0161pecifick\u00fa v\u00f4\u0148u ani chu\u0165 a je \u013eah\u0161ie str\u00e1vite\u013en\u00fd.<\/p><p><strong>Skladovanie<\/strong>: skladujte na suchom mieste a&nbsp;chr\u00e1\u0148te pred priamym slne\u010dn\u00fdm \u017eiaren\u00edm.<\/p><p><strong>V\u00fd\u017eivov\u00e9 \u00fadaje na 100g v\u00fdrobku:<\/strong>&nbsp;energia 1456kJ\/348kcal; tuky 0,6g z toho nas\u00fdten\u00e9 mastn\u00e9 kyseliny 0,3g; sacharidy 78,7g z toho cukry 0g; bielkoviny 7,0g; so\u013e 0,028g.<\/p><p><strong>Hmotnos\u0165:<\/strong>&nbsp;500g<\/p><p>Vyroben\u00e9 na Slovensku.<\/p>","protected":false},"excerpt":{"rendered":"<p>Ry\u017eov\u00e1 m\u00faka zna\u010dky Ravita je v\u00fdbornou vo\u013ebou pri bezglut\u00e9novom pe\u010den\u00ed. M\u00f4\u017eete ju pou\u017ei\u0165 na pe\u010denie kol\u00e1\u010dikov alebo cookies. Ry\u017eovou m\u00fakou m\u00f4\u017eete zahusti\u0165 om\u00e1\u010dky, kr\u00e9my, polievky alebo pr\u00edvarky.<\/p>","protected":false},"featured_media":34574,"comment_status":"closed","ping_status":"closed","template":"","meta":[],"product_brand":[],"product_cat":[15],"product_tag":[],"giftcard-category":[],"class_list":{"0":"post-34573","1":"product","2":"type-product","3":"status-publish","4":"has-post-thumbnail","6":"product_cat-ostatne","8":"first","9":"outofstock","10":"taxable","11":"shipping-taxable","12":"purchasable","13":"product-type-simple"},"_links":{"self":[{"href":"https:\/\/zlatyrakytnik.sk\/hu\/wp-json\/wp\/v2\/product\/34573","targetHints":{"allow":["GET"]}}],"collection":[{"href":"https:\/\/zlatyrakytnik.sk\/hu\/wp-json\/wp\/v2\/product"}],"about":[{"href":"https:\/\/zlatyrakytnik.sk\/hu\/wp-json\/wp\/v2\/types\/product"}],"replies":[{"embeddable":true,"href":"https:\/\/zlatyrakytnik.sk\/hu\/wp-json\/wp\/v2\/comments?post=34573"}],"wp:featuredmedia":[{"embeddable":true,"href":"https:\/\/zlatyrakytnik.sk\/hu\/wp-json\/wp\/v2\/media\/34574"}],"wp:attachment":[{"href":"https:\/\/zlatyrakytnik.sk\/hu\/wp-json\/wp\/v2\/media?parent=34573"}],"wp:term":[{"taxonomy":"product_brand","embeddable":true,"href":"https:\/\/zlatyrakytnik.sk\/hu\/wp-json\/wp\/v2\/product_brand?post=34573"},{"taxonomy":"product_cat","embeddable":true,"href":"https:\/\/zlatyrakytnik.sk\/hu\/wp-json\/wp\/v2\/product_cat?post=34573"},{"taxonomy":"product_tag","embeddable":true,"href":"https:\/\/zlatyrakytnik.sk\/hu\/wp-json\/wp\/v2\/product_tag?post=34573"},{"taxonomy":"giftcard-category","embeddable":true,"href":"https:\/\/zlatyrakytnik.sk\/hu\/wp-json\/wp\/v2\/giftcard-category?post=34573"}],"curies":[{"name":"wp","href":"https:\/\/api.w.org\/{rel}","templated":true}]}}