{"id":34598,"date":"2025-07-03T14:44:17","date_gmt":"2025-07-03T12:44:17","guid":{"rendered":"https:\/\/zlatyrakytnik.sk\/?post_type=product&#038;p=34598"},"modified":"2025-11-17T11:14:56","modified_gmt":"2025-11-17T10:14:56","slug":"ovocne-vino","status":"publish","type":"product","link":"https:\/\/zlatyrakytnik.sk\/hu\/termek\/ovocne-vino\/","title":{"rendered":"Ovocn\u00e9 v\u00edno, 750 ml"},"content":{"rendered":"<p><strong>Exkluz\u00edvne ovocn\u00e9 v\u00edna miluron, ochutnajte<\/strong><\/p><p>Sme vin\u00e1rska spolo\u010dnos\u0165 zameran\u00e1 na v\u00fdrobu exkluz\u00edvnych ovocn\u00fdch v\u00edn. Dobr\u00fd n\u00e1pad, \u0161ikovn\u00e9 ruky a chu\u0165 spravi\u0165 nie\u010do v\u00fdnimo\u010dn\u00e9 spojila t\u00fdch spr\u00e1vnych \u013eud\u00ed do zna\u010dky &#8222;miluron&#8220;. Tradi\u010dn\u00e1 recept\u00fara na\u0161ich predkov dala z\u00e1klad pre vznik ob\u013e\u00faben\u00e9ho \u010du\u010doriedkov\u00e9ho v\u00edna a kreativita na\u0161ich technol\u00f3gov n\u00e1s priviedla k roz\u0161\u00edreniu sortimentu o brusnicov\u00e9 v\u00edno, v\u00edno z \u010diernych r\u00edbezl\u00ed a \u010fal\u0161ie.<\/p><p>Na\u0161\u00edm cie\u013eom je vyr\u00e1ba\u0165 exkluz\u00edvne ovocn\u00e9 v\u00edna z poctiv\u00fdch surov\u00edn zo Slovenska, \u010d\u00edm by sme chceli podpori\u0165 slovensk\u00fdch pestovate\u013eov. Pevne ver\u00edme, \u017ee V\u00e1m v\u00edno z na\u0161ej produkcie bude chuti\u0165 a jeho lahodn\u00e1 chu\u0165 V\u00e1m vy\u010dar\u00ed \u00fasmev na tv\u00e1ri.<\/p>","protected":false},"excerpt":{"rendered":"<p>Exkluz\u00edvne ovocn\u00e9 v\u00edna miluron, ochutnajte Sme vin\u00e1rska spolo\u010dnos\u0165 zameran\u00e1 na v\u00fdrobu exkluz\u00edvnych ovocn\u00fdch v\u00edn. Dobr\u00fd n\u00e1pad, \u0161ikovn\u00e9 ruky a chu\u0165 spravi\u0165 nie\u010do v\u00fdnimo\u010dn\u00e9 spojila t\u00fdch spr\u00e1vnych \u013eud\u00ed do zna\u010dky &#8222;miluron&#8220;. Tradi\u010dn\u00e1 recept\u00fara na\u0161ich predkov dala z\u00e1klad pre vznik ob\u013e\u00faben\u00e9ho \u010du\u010doriedkov\u00e9ho v\u00edna a kreativita na\u0161ich technol\u00f3gov n\u00e1s priviedla k roz\u0161\u00edreniu sortimentu o brusnicov\u00e9 v\u00edno, v\u00edno z [&hellip;]<\/p>","protected":false},"featured_media":34611,"comment_status":"closed","ping_status":"closed","template":"","meta":[],"product_brand":[],"product_cat":[266],"product_tag":[274],"giftcard-category":[],"class_list":{"0":"post-34598","1":"product","2":"type-product","3":"status-publish","4":"has-post-thumbnail","6":"product_cat-ovocne-napoje-destilaty-a-vina","7":"product_tag-janove-sady","9":"first","10":"instock","11":"taxable","12":"shipping-taxable","13":"purchasable","14":"product-type-variable"},"_links":{"self":[{"href":"https:\/\/zlatyrakytnik.sk\/hu\/wp-json\/wp\/v2\/product\/34598","targetHints":{"allow":["GET"]}}],"collection":[{"href":"https:\/\/zlatyrakytnik.sk\/hu\/wp-json\/wp\/v2\/product"}],"about":[{"href":"https:\/\/zlatyrakytnik.sk\/hu\/wp-json\/wp\/v2\/types\/product"}],"replies":[{"embeddable":true,"href":"https:\/\/zlatyrakytnik.sk\/hu\/wp-json\/wp\/v2\/comments?post=34598"}],"wp:featuredmedia":[{"embeddable":true,"href":"https:\/\/zlatyrakytnik.sk\/hu\/wp-json\/wp\/v2\/media\/34611"}],"wp:attachment":[{"href":"https:\/\/zlatyrakytnik.sk\/hu\/wp-json\/wp\/v2\/media?parent=34598"}],"wp:term":[{"taxonomy":"product_brand","embeddable":true,"href":"https:\/\/zlatyrakytnik.sk\/hu\/wp-json\/wp\/v2\/product_brand?post=34598"},{"taxonomy":"product_cat","embeddable":true,"href":"https:\/\/zlatyrakytnik.sk\/hu\/wp-json\/wp\/v2\/product_cat?post=34598"},{"taxonomy":"product_tag","embeddable":true,"href":"https:\/\/zlatyrakytnik.sk\/hu\/wp-json\/wp\/v2\/product_tag?post=34598"},{"taxonomy":"giftcard-category","embeddable":true,"href":"https:\/\/zlatyrakytnik.sk\/hu\/wp-json\/wp\/v2\/giftcard-category?post=34598"}],"curies":[{"name":"wp","href":"https:\/\/api.w.org\/{rel}","templated":true}]}}