{"id":34765,"date":"2025-09-03T08:50:47","date_gmt":"2025-09-03T06:50:47","guid":{"rendered":"https:\/\/zlatyrakytnik.sk\/?post_type=product&#038;p=34765"},"modified":"2026-03-24T09:04:17","modified_gmt":"2026-03-24T08:04:17","slug":"slovenske-vinice","status":"publish","type":"product","link":"https:\/\/zlatyrakytnik.sk\/hu\/termek\/slovenske-vinice\/","title":{"rendered":"Slovensk\u00e9 Vinice, 750 ml"},"content":{"rendered":"<p>SLOVENSK\u00c9 VINICE JE UNIK\u00c1TNY PROJEKT ktor\u00e9ho cie\u013eom je u\u013eah\u010di\u0165 spotrebite\u013eom v\u00fdber a prinies\u0165 im pod jednou zna\u010dkou odborn\u00edkmi vybran\u00e9 v\u00edna od r\u00f4znych slovensk\u00fdch vin\u00e1rov a z r\u00f4znych vinohradn\u00edckych oblast\u00ed Slovenska. Kladieme d\u00f4raz nielen na kvalitu a odrodov\u00fd charakter, ale najm\u00e4 na 100 % slovensk\u00fd p\u00f4vod hrozna. V\u010faka Slovensk\u00fdm Viniciam tak m\u00e1te mo\u017enos\u0165 spozna\u0165 svet neopakovate\u013en\u00fdch chut\u00ed a v\u00f4n\u00ed z cel\u00e9ho Slovenska.<\/p>","protected":false},"excerpt":{"rendered":"<p>SLOVENSK\u00c9 VINICE JE UNIK\u00c1TNY PROJEKT ktor\u00e9ho cie\u013eom je u\u013eah\u010di\u0165 spotrebite\u013eom v\u00fdber a prinies\u0165 im pod jednou zna\u010dkou odborn\u00edkmi vybran\u00e9 v\u00edna od r\u00f4znych slovensk\u00fdch vin\u00e1rov a z r\u00f4znych vinohradn\u00edckych oblast\u00ed Slovenska. Kladieme d\u00f4raz nielen na kvalitu a odrodov\u00fd charakter, ale najm\u00e4 na 100 % slovensk\u00fd p\u00f4vod hrozna. V\u010faka Slovensk\u00fdm Viniciam tak m\u00e1te mo\u017enos\u0165 spozna\u0165 svet neopakovate\u013en\u00fdch [&hellip;]<\/p>","protected":false},"featured_media":34781,"comment_status":"closed","ping_status":"closed","template":"","meta":[],"product_brand":[435],"product_cat":[266],"product_tag":[],"giftcard-category":[],"class_list":{"0":"post-34765","1":"product","2":"type-product","3":"status-publish","4":"has-post-thumbnail","6":"product_brand-slovenske-vinice","7":"product_cat-ovocne-napoje-destilaty-a-vina","9":"first","10":"instock","11":"taxable","12":"shipping-taxable","13":"purchasable","14":"product-type-variable"},"_links":{"self":[{"href":"https:\/\/zlatyrakytnik.sk\/hu\/wp-json\/wp\/v2\/product\/34765","targetHints":{"allow":["GET"]}}],"collection":[{"href":"https:\/\/zlatyrakytnik.sk\/hu\/wp-json\/wp\/v2\/product"}],"about":[{"href":"https:\/\/zlatyrakytnik.sk\/hu\/wp-json\/wp\/v2\/types\/product"}],"replies":[{"embeddable":true,"href":"https:\/\/zlatyrakytnik.sk\/hu\/wp-json\/wp\/v2\/comments?post=34765"}],"wp:featuredmedia":[{"embeddable":true,"href":"https:\/\/zlatyrakytnik.sk\/hu\/wp-json\/wp\/v2\/media\/34781"}],"wp:attachment":[{"href":"https:\/\/zlatyrakytnik.sk\/hu\/wp-json\/wp\/v2\/media?parent=34765"}],"wp:term":[{"taxonomy":"product_brand","embeddable":true,"href":"https:\/\/zlatyrakytnik.sk\/hu\/wp-json\/wp\/v2\/product_brand?post=34765"},{"taxonomy":"product_cat","embeddable":true,"href":"https:\/\/zlatyrakytnik.sk\/hu\/wp-json\/wp\/v2\/product_cat?post=34765"},{"taxonomy":"product_tag","embeddable":true,"href":"https:\/\/zlatyrakytnik.sk\/hu\/wp-json\/wp\/v2\/product_tag?post=34765"},{"taxonomy":"giftcard-category","embeddable":true,"href":"https:\/\/zlatyrakytnik.sk\/hu\/wp-json\/wp\/v2\/giftcard-category?post=34765"}],"curies":[{"name":"wp","href":"https:\/\/api.w.org\/{rel}","templated":true}]}}