{"id":34797,"date":"2025-09-04T13:08:56","date_gmt":"2025-09-04T11:08:56","guid":{"rendered":"https:\/\/zlatyrakytnik.sk\/?post_type=product&#038;p=34797"},"modified":"2025-12-01T00:00:46","modified_gmt":"2025-11-30T23:00:46","slug":"med-s-bio-zazvorom","status":"publish","type":"product","link":"https:\/\/zlatyrakytnik.sk\/hu\/termek\/med-s-bio-zazvorom\/","title":{"rendered":"Med s bio z\u00e1zvorom"},"content":{"rendered":"<p>Med a z\u00e1zvor \u2013 jedine\u010dn\u00e9 spojenie sladk\u00e9ho slovensk\u00e9ho medu a siln\u00e9ho bio z\u00e1zvoru, obsahuj\u00faceho viac ako 100 bioakt\u00edvnych l\u00e1tok. U\u017e viac ako 5.000 rokov s\u00fa zn\u00e1me jeho pozit\u00edvne \u00fa\u010dinky na zdravie. Podporuje imunitu i tr\u00e1venie, m\u00e1 protiz\u00e1palov\u00e9 aj antioxida\u010dn\u00e9 \u00fa\u010dinky a je prirodzenou podporou vitality a energie. Na zdravie!&nbsp;<\/p><p><strong>Zlo\u017eenie:<\/strong> med kvetov\u00fd 92%, z\u00e1zvor 8%. Pastovan\u00fd. Bez alerg\u00e9nov. Origin\u00e1l z pr\u00edrody! Tuhnutie\/kry\u0161taliz\u00e1cia medu je prirodzenou vlastnos\u0165ou a zn\u00e1mkou pravosti medu. Skladujte&nbsp; na suchom mieste do 24\u00b0C. Chr\u00e1\u0148te pred priamym slnkom. Po otvoren\u00ed spotrebujte. <strong>Spracovate\u013e:<\/strong> PD Tvrdo\u0161ovce, Sz\u00e9ch\u00e9nyiho 10, 941 10 Tvrdo\u0161ovce.<\/p><p><strong>V\u00fd\u017eivov\u00e9 hodnoty v 100g:<\/strong> Energetick\u00e1 hodnota: 1.267 kJ\/301 kcal; Tuky: 0,0 g; Sacharidy: 74,9 g z toho cukry 74,7 g; Bielkoviny: 0,3g; So\u013e: &lt; 0,01 g.<\/p>","protected":false},"excerpt":{"rendered":"<p>Med a z\u00e1zvor \u2013 jedine\u010dn\u00e9 spojenie sladk\u00e9ho slovensk\u00e9ho medu a siln\u00e9ho bio z\u00e1zvoru, obsahuj\u00faceho viac ako 100 bioakt\u00edvnych l\u00e1tok. U\u017e viac ako 5.000 rokov s\u00fa zn\u00e1me jeho pozit\u00edvne \u00fa\u010dinky na zdravie. Podporuje imunitu i tr\u00e1venie, m\u00e1 protiz\u00e1palov\u00e9 aj antioxida\u010dn\u00e9 \u00fa\u010dinky a je prirodzenou podporou vitality a energie. Na zdravie!\u00a0<\/p>","protected":false},"featured_media":34798,"comment_status":"closed","ping_status":"closed","template":"","meta":[],"product_brand":[277],"product_cat":[275,418,264],"product_tag":[191],"giftcard-category":[],"class_list":{"0":"post-34797","1":"product","2":"type-product","3":"status-publish","4":"has-post-thumbnail","6":"product_brand-tvrdosovske-zlato","7":"product_cat-tvrdosovske-zlato","8":"product_cat-med-a-vcelie-produkty","9":"product_cat-prirodne-sladidla","10":"product_tag-tvrdosovske-zlato","12":"first","13":"instock","14":"taxable","15":"shipping-taxable","16":"purchasable","17":"product-type-simple"},"_links":{"self":[{"href":"https:\/\/zlatyrakytnik.sk\/hu\/wp-json\/wp\/v2\/product\/34797","targetHints":{"allow":["GET"]}}],"collection":[{"href":"https:\/\/zlatyrakytnik.sk\/hu\/wp-json\/wp\/v2\/product"}],"about":[{"href":"https:\/\/zlatyrakytnik.sk\/hu\/wp-json\/wp\/v2\/types\/product"}],"replies":[{"embeddable":true,"href":"https:\/\/zlatyrakytnik.sk\/hu\/wp-json\/wp\/v2\/comments?post=34797"}],"wp:featuredmedia":[{"embeddable":true,"href":"https:\/\/zlatyrakytnik.sk\/hu\/wp-json\/wp\/v2\/media\/34798"}],"wp:attachment":[{"href":"https:\/\/zlatyrakytnik.sk\/hu\/wp-json\/wp\/v2\/media?parent=34797"}],"wp:term":[{"taxonomy":"product_brand","embeddable":true,"href":"https:\/\/zlatyrakytnik.sk\/hu\/wp-json\/wp\/v2\/product_brand?post=34797"},{"taxonomy":"product_cat","embeddable":true,"href":"https:\/\/zlatyrakytnik.sk\/hu\/wp-json\/wp\/v2\/product_cat?post=34797"},{"taxonomy":"product_tag","embeddable":true,"href":"https:\/\/zlatyrakytnik.sk\/hu\/wp-json\/wp\/v2\/product_tag?post=34797"},{"taxonomy":"giftcard-category","embeddable":true,"href":"https:\/\/zlatyrakytnik.sk\/hu\/wp-json\/wp\/v2\/giftcard-category?post=34797"}],"curies":[{"name":"wp","href":"https:\/\/api.w.org\/{rel}","templated":true}]}}