{"id":34799,"date":"2025-09-04T13:33:40","date_gmt":"2025-09-04T11:33:40","guid":{"rendered":"https:\/\/zlatyrakytnik.sk\/?post_type=product&#038;p=34799"},"modified":"2026-02-06T15:42:32","modified_gmt":"2026-02-06T14:42:32","slug":"darcekova-krabica-s-vinom","status":"publish","type":"product","link":"https:\/\/zlatyrakytnik.sk\/hu\/termek\/darcekova-krabica-s-vinom\/","title":{"rendered":"Dar\u010dekov\u00e1 krabica s v\u00ednom"},"content":{"rendered":"<p>H\u013ead\u00e1\u0161 dar\u010dek, ktor\u00fd je nielen kr\u00e1sny, ale aj zdrav\u00fd a zmyslupln\u00fd? U n\u00e1s si m\u00f4\u017ee\u0161 vysklada\u0165 origin\u00e1lnu dar\u010dekov\u00fa krabi\u010dku pln\u00fa bio produktov, ktor\u00e9 podporuj\u00fa zdravie a pote\u0161ia ka\u017ed\u00e9ho milovn\u00edka pr\u00edrody.<\/p><p>Vyber si zo starostlivo vybran\u00fdch pr\u00edrodn\u00fdch pokladov \u2013 ako je&nbsp;<strong>rakytn\u00edk, ar\u00f3nia, \u0161\u00edpka, bylinn\u00e9 \u010daje, pr\u00edrodn\u00e9 sirupy, d\u017eemy, tinkt\u00fary \u010di zdrav\u00e9 ma\u0161krty<\/strong>&nbsp;\u2013 a my ich s l\u00e1skou zabal\u00edme do \u0161t\u00fdlovej dar\u010dekovej krabi\u010dky pod\u013ea tvojho v\u00fdberu.<\/p><p><\/p>","protected":false},"excerpt":{"rendered":"<p>\ud83c\udf81 <strong data-start=\"58\" data-end=\"99\">Vytvor si vlastn\u00fa dar\u010dekov\u00fa krabi\u010dku!<\/strong><br data-start=\"99\" data-end=\"102\" \/>Pote\u0161 svojich bl\u00edzkych \u00faplne osobn\u00fdm dar\u010dekom. Vyber si ob\u013e\u00faben\u00e9 produkty a my ich s l\u00e1skou zabal\u00edme do kr\u00e1snej dar\u010dekovej krabi\u010dky.<\/p>","protected":false},"featured_media":35984,"comment_status":"closed","ping_status":"closed","template":"","meta":[],"product_brand":[],"product_cat":[174],"product_tag":[428],"giftcard-category":[],"class_list":{"0":"post-34799","1":"product","2":"type-product","3":"status-publish","4":"has-post-thumbnail","6":"product_cat-darcekove-balenie","7":"product_tag-krabica","9":"first","10":"instock","11":"taxable","12":"shipping-taxable","13":"purchasable","14":"product-type-composite"},"_links":{"self":[{"href":"https:\/\/zlatyrakytnik.sk\/hu\/wp-json\/wp\/v2\/product\/34799","targetHints":{"allow":["GET"]}}],"collection":[{"href":"https:\/\/zlatyrakytnik.sk\/hu\/wp-json\/wp\/v2\/product"}],"about":[{"href":"https:\/\/zlatyrakytnik.sk\/hu\/wp-json\/wp\/v2\/types\/product"}],"replies":[{"embeddable":true,"href":"https:\/\/zlatyrakytnik.sk\/hu\/wp-json\/wp\/v2\/comments?post=34799"}],"wp:featuredmedia":[{"embeddable":true,"href":"https:\/\/zlatyrakytnik.sk\/hu\/wp-json\/wp\/v2\/media\/35984"}],"wp:attachment":[{"href":"https:\/\/zlatyrakytnik.sk\/hu\/wp-json\/wp\/v2\/media?parent=34799"}],"wp:term":[{"taxonomy":"product_brand","embeddable":true,"href":"https:\/\/zlatyrakytnik.sk\/hu\/wp-json\/wp\/v2\/product_brand?post=34799"},{"taxonomy":"product_cat","embeddable":true,"href":"https:\/\/zlatyrakytnik.sk\/hu\/wp-json\/wp\/v2\/product_cat?post=34799"},{"taxonomy":"product_tag","embeddable":true,"href":"https:\/\/zlatyrakytnik.sk\/hu\/wp-json\/wp\/v2\/product_tag?post=34799"},{"taxonomy":"giftcard-category","embeddable":true,"href":"https:\/\/zlatyrakytnik.sk\/hu\/wp-json\/wp\/v2\/giftcard-category?post=34799"}],"curies":[{"name":"wp","href":"https:\/\/api.w.org\/{rel}","templated":true}]}}