{"id":35111,"date":"2025-10-07T08:37:46","date_gmt":"2025-10-07T06:37:46","guid":{"rendered":"https:\/\/zlatyrakytnik.sk\/?post_type=product&#038;p=35111"},"modified":"2025-12-01T07:44:15","modified_gmt":"2025-12-01T06:44:15","slug":"100-stava-jablko-skorica","status":"publish","type":"product","link":"https:\/\/zlatyrakytnik.sk\/hu\/termek\/100-stava-jablko-skorica\/","title":{"rendered":"100% \u0161\u0165ava jablko \u0161korica"},"content":{"rendered":"<p>Jablkov\u00e1 \u0161\u0165ava, \u0161korica, ibi\u0161tek. Lisovan\u00e1 za studena, z \u010derstv\u00e9ho region\u00e1lneho ovocia, \u0161etrne pasterizovan\u00e1. Bez pr\u00eddavn\u00fdch l\u00e1tok. Len ovocie! Pred otvoren\u00edm v\u00fdrobok potraste. Ovocn\u00e1 du\u017eina\/sediment s\u00fa prirodzenou s\u00fa\u010das\u0165ou ovocnej \u0161\u0165avy. Skladujte na suchom mieste pri teplote do +24\u00b0C. Chr\u00e1\u0148te pred priamym slnkom. Po otvoren\u00ed skladujte v chlade pri teplote do +7\u00b0C a spotrebujte do 14 dn\u00ed.<\/p><figure class=\"wp-block-table\"><table class=\"has-fixed-layout\"><tbody><tr><td colspan=\"2\"><strong>V\u00fd\u017eivov\u00e9 hodnoty v&nbsp;100ml:<\/strong><\/td><\/tr><tr><td>Energetick\u00e1 hodnota&nbsp;&nbsp;&nbsp;<\/td><td>205 kJ \/ 49 kcal<\/td><\/tr><tr><td>Tuky<\/td><td>0,05 g<\/td><\/tr><tr><td>z&nbsp;toho nas\u00fdten\u00e9<\/td><td>0,0\u013e g<\/td><\/tr><tr><td>Sacharidy<\/td><td>12,90 g<\/td><\/tr><tr><td>z&nbsp;toho cukry<\/td><td>11,60 g<\/td><\/tr><tr><td>Vl\u00e1knina&nbsp;&nbsp;<\/td><td>0,90 g<\/td><\/tr><tr><td>Bielkoviny<\/td><td>0,12 g<\/td><\/tr><tr><td>So\u013e<\/td><td>0<\/td><\/tr><\/tbody><\/table><\/figure>","protected":false},"excerpt":{"rendered":"<p>Za\u017eite prav\u00fa chu\u0165 jesene v ka\u017edom d\u00fa\u0161ku! \ud83c\udf4e Na\u0161a <strong data-start=\"90\" data-end=\"132\">jablkov\u00e1 \u0161\u0165ava so \u0161koricou a ibi\u0161tekom<\/strong> je lisovan\u00e1 za studena z \u010derstv\u00e9ho region\u00e1lneho ovocia \u2013 bez pr\u00eddavn\u00fdch l\u00e1tok, len \u010dist\u00e1 pr\u00edroda. \u0160korica zahreje, ibi\u0161tek osvie\u017ei a jablko dod\u00e1 sladk\u00fa harm\u00f3niu. Doprajte si zdrav\u00e9, poctiv\u00e9 osvie\u017eenie s v\u00f4\u0148ou domova \u2013 <strong data-start=\"351\" data-end=\"378\" data-is-last-node=\"\">len ovocie, ni\u010d navy\u0161e!<\/strong><\/p>","protected":false},"featured_media":35418,"comment_status":"closed","ping_status":"closed","template":"","meta":[],"product_brand":[],"product_cat":[243,244],"product_tag":[191],"giftcard-category":[],"class_list":{"0":"post-35111","1":"product","2":"type-product","3":"status-publish","4":"has-post-thumbnail","6":"product_cat-prirodne-ovocne-stavy","7":"product_cat-jablko","8":"product_tag-tvrdosovske-zlato","10":"first","11":"instock","12":"taxable","13":"shipping-taxable","14":"purchasable","15":"product-type-simple"},"_links":{"self":[{"href":"https:\/\/zlatyrakytnik.sk\/hu\/wp-json\/wp\/v2\/product\/35111","targetHints":{"allow":["GET"]}}],"collection":[{"href":"https:\/\/zlatyrakytnik.sk\/hu\/wp-json\/wp\/v2\/product"}],"about":[{"href":"https:\/\/zlatyrakytnik.sk\/hu\/wp-json\/wp\/v2\/types\/product"}],"replies":[{"embeddable":true,"href":"https:\/\/zlatyrakytnik.sk\/hu\/wp-json\/wp\/v2\/comments?post=35111"}],"wp:featuredmedia":[{"embeddable":true,"href":"https:\/\/zlatyrakytnik.sk\/hu\/wp-json\/wp\/v2\/media\/35418"}],"wp:attachment":[{"href":"https:\/\/zlatyrakytnik.sk\/hu\/wp-json\/wp\/v2\/media?parent=35111"}],"wp:term":[{"taxonomy":"product_brand","embeddable":true,"href":"https:\/\/zlatyrakytnik.sk\/hu\/wp-json\/wp\/v2\/product_brand?post=35111"},{"taxonomy":"product_cat","embeddable":true,"href":"https:\/\/zlatyrakytnik.sk\/hu\/wp-json\/wp\/v2\/product_cat?post=35111"},{"taxonomy":"product_tag","embeddable":true,"href":"https:\/\/zlatyrakytnik.sk\/hu\/wp-json\/wp\/v2\/product_tag?post=35111"},{"taxonomy":"giftcard-category","embeddable":true,"href":"https:\/\/zlatyrakytnik.sk\/hu\/wp-json\/wp\/v2\/giftcard-category?post=35111"}],"curies":[{"name":"wp","href":"https:\/\/api.w.org\/{rel}","templated":true}]}}