{"id":35157,"date":"2025-10-10T10:03:12","date_gmt":"2025-10-10T08:03:12","guid":{"rendered":"https:\/\/zlatyrakytnik.sk\/?post_type=product&#038;p=35157"},"modified":"2025-12-01T00:00:46","modified_gmt":"2025-11-30T23:00:46","slug":"100-bio-stava-z-kamcatskej-cucoriedky","status":"publish","type":"product","link":"https:\/\/zlatyrakytnik.sk\/hu\/termek\/100-bio-stava-z-kamcatskej-cucoriedky\/","title":{"rendered":"100% BIO \u0161\u0165ava z kam\u010datskej \u010du\u010doriedky"},"content":{"rendered":"<p>Odpor\u00fa\u010dan\u00e1 denn\u00e1 d\u00e1vka 40 ml \u0161\u0165avy. Pred pou\u017eit\u00edm pretrepa\u0165. Skladujte pri teplote do 24 \u00b0C. Po otvoren\u00ed uchov\u00e1vajte v chladni\u010dke do 8 \u00b0C a spotrebujte do 14 dn\u00ed.<\/p><p><strong>Spracovate\u013e:<\/strong> PD Tvrdo\u0161ovce, Sz\u00e9chenyiho 10, 941 10 Tvrdo\u0161ovce. Vyroben\u00e9 na Slovensku.<\/p><figure class=\"wp-block-table\"><table class=\"has-fixed-layout\"><tbody><tr><td colspan=\"5\"><strong>V\u00fd\u017eivov\u00e9 hodnoty v 100ml:<\/strong><\/td><\/tr><tr><td colspan=\"4\">Energetick\u00e1 hodnota<\/td><td>130 kJ \/ 31 kcal<\/td><\/tr><tr><td colspan=\"4\">Tuky<\/td><td>&lt; 0,5 g<\/td><\/tr><tr><td colspan=\"4\">z toho nas\u00fdten\u00e9 mastn\u00e9 kyseliny<\/td><td>&lt; 0,1 g<\/td><\/tr><tr><td colspan=\"4\">Sacharidy<\/td><td>7,1 g<\/td><\/tr><tr><td colspan=\"4\">z toho cukry<\/td><td>6,4 g<\/td><\/tr><tr><td colspan=\"4\">Bielkoviny<\/td><td>&lt; 0,5 g<\/td><\/tr><tr><td colspan=\"4\">So\u013e<\/td><td>&lt; 0,01 g<\/td><\/tr><tr><td colspan=\"4\">Polyfenoly (antoky\u00e1ny)<\/td><td>600 mg<\/td><\/tr><\/tbody><\/table><\/figure>","protected":false},"excerpt":{"rendered":"<p>Lisovan\u00e1 za studena z ekologicky pestovan\u00fdch plodov kam\u010datskej \u010du\u010doriedky. Tieto tmavofialov\u00e9 bobule, zn\u00e1me aj ako \u201ehaskap\u201c, s\u00fa mimoriadne bohat\u00e9 na antioxidanty, polyfenoly, vitam\u00edny C, A a skupiny B, ako aj na miner\u00e1ly \u2013 drasl\u00edk, v\u00e1pnik \u010di hor\u010d\u00edk. \u0160\u0165ava m\u00e1 pr\u00edjemne sladkokysl\u00fa chu\u0165 a je ide\u00e1lna na ka\u017edodenn\u00e9 u\u017e\u00edvanie. \u010cist\u00e1 alebo mie\u0161an\u00e1 s vodou, \u010dajom \u010di in\u00fdmi \u0161\u0165avami. Na zdravie!<\/p>","protected":false},"featured_media":35158,"comment_status":"closed","ping_status":"closed","template":"","meta":[],"product_brand":[277],"product_cat":[454,275,237],"product_tag":[191],"giftcard-category":[],"class_list":{"0":"post-35157","1":"product","2":"type-product","3":"status-publish","4":"has-post-thumbnail","6":"product_brand-tvrdosovske-zlato","7":"product_cat-kamcatska-cucoriedka","8":"product_cat-tvrdosovske-zlato","9":"product_cat-bobulove-stavy","10":"product_tag-tvrdosovske-zlato","12":"first","13":"instock","14":"taxable","15":"shipping-taxable","16":"purchasable","17":"product-type-simple"},"_links":{"self":[{"href":"https:\/\/zlatyrakytnik.sk\/hu\/wp-json\/wp\/v2\/product\/35157","targetHints":{"allow":["GET"]}}],"collection":[{"href":"https:\/\/zlatyrakytnik.sk\/hu\/wp-json\/wp\/v2\/product"}],"about":[{"href":"https:\/\/zlatyrakytnik.sk\/hu\/wp-json\/wp\/v2\/types\/product"}],"replies":[{"embeddable":true,"href":"https:\/\/zlatyrakytnik.sk\/hu\/wp-json\/wp\/v2\/comments?post=35157"}],"wp:featuredmedia":[{"embeddable":true,"href":"https:\/\/zlatyrakytnik.sk\/hu\/wp-json\/wp\/v2\/media\/35158"}],"wp:attachment":[{"href":"https:\/\/zlatyrakytnik.sk\/hu\/wp-json\/wp\/v2\/media?parent=35157"}],"wp:term":[{"taxonomy":"product_brand","embeddable":true,"href":"https:\/\/zlatyrakytnik.sk\/hu\/wp-json\/wp\/v2\/product_brand?post=35157"},{"taxonomy":"product_cat","embeddable":true,"href":"https:\/\/zlatyrakytnik.sk\/hu\/wp-json\/wp\/v2\/product_cat?post=35157"},{"taxonomy":"product_tag","embeddable":true,"href":"https:\/\/zlatyrakytnik.sk\/hu\/wp-json\/wp\/v2\/product_tag?post=35157"},{"taxonomy":"giftcard-category","embeddable":true,"href":"https:\/\/zlatyrakytnik.sk\/hu\/wp-json\/wp\/v2\/giftcard-category?post=35157"}],"curies":[{"name":"wp","href":"https:\/\/api.w.org\/{rel}","templated":true}]}}