{"id":35159,"date":"2025-10-10T10:14:16","date_gmt":"2025-10-10T08:14:16","guid":{"rendered":"https:\/\/zlatyrakytnik.sk\/?post_type=product&#038;p=35159"},"modified":"2026-01-26T15:24:17","modified_gmt":"2026-01-26T14:24:17","slug":"farma-tekvicka-tekvicove-jadierka-so-supkou-200-g","status":"publish","type":"product","link":"https:\/\/zlatyrakytnik.sk\/hu\/termek\/farma-tekvicka-tekvicove-jadierka-so-supkou-200-g\/","title":{"rendered":"Farma Tekvi\u010dka \u2013 Tekvicov\u00e9 jadierka so \u0161upkou 200 g"},"content":{"rendered":"<p>Pra\u017een\u00e9<strong>&nbsp;tekvicov\u00e9 jadierka<\/strong>, pre mnoh\u00fdch semienka \ud83d\ude42 so \u0161upkou&nbsp;<strong>s\u00fa lahodn\u00fdm v\u00fdsledkom<\/strong>&nbsp;starostliv\u00e9ho&nbsp;<strong>spracovania na na\u0161ej rodinnej farme.<\/strong>&nbsp;<strong>S\u00fa chrumkav\u00e9 a pln\u00e9 pr\u00edrodn\u00fdch \u017eiv\u00edn.<\/strong>&nbsp;Ka\u017ed\u00e9&nbsp;<strong>jadierko poch\u00e1dza z<\/strong>&nbsp;na\u0161ich vlastn\u00fdch<strong>&nbsp;tekv\u00edc, ktor\u00e9 pestujeme<\/strong>&nbsp;s l\u00e1skou a \u00factou k pr\u00edrode u\u017e viac ako 20 rokov.<\/p><blockquote class=\"wp-block-quote is-layout-flow wp-block-quote-is-layout-flow\"><p>Na\u0161a z\u00e1kazn\u00ed\u010dka&nbsp;<strong>Olinka&nbsp;<\/strong>\u2b50\u2b50\u2b50\u2b50\u2b50<strong>&nbsp;o nich hovor\u00ed:<\/strong><\/p>\n\n<p><q><var><kbd>S\u00fa bo\u017esk\u00e9, m\u00e1m ich rada a st\u00e1le doma.<\/kbd><\/var><\/q><\/p><\/blockquote><p>Tekvice boli typickou plodinou nitrianskeho kraja, typick\u00e9 boli najm\u00e4 pre na\u0161u a okolit\u00e9 obce. Postupom \u010dasu tento trend vymizol a my sme radi, \u017ee&nbsp;<strong>ako rodinn\u00e9 po\u013enohospod\u00e1rstvo z Mal\u00e9ho Cet\u00edna m\u00f4\u017eeme trad\u00edciu udr\u017eiava\u0165.<\/strong><\/p><p><strong>Chrumkav\u00e1 dobrota na ka\u017ed\u00fd de\u0148<\/strong><\/p><p>Pra\u017een\u00e9 tekvicov\u00e9 jadierka so \u0161upkou&nbsp;<strong>maj\u00fa bohat\u00fa, orie\u0161kov\u00fa chu\u0165<\/strong>. S\u00fa&nbsp;<strong>ide\u00e1lne ako zdrav\u00e1 poch\u00fa\u0165ka po\u010das d\u0148a<\/strong>&nbsp;(perfektne sa l\u00faskaj\u00fa), na posedenie pri filme, k drinku\ud83c\udf77 alebo ako doplnok k \u0161al\u00e1tom, pe\u010divu a polievkam.<\/p><p>N\u00e1\u0161 TIP: Sk\u00faste ich jes\u0165 namiesto \u010dipsov ve\u010der pred telev\u00edzorom\ud83d\ude09.<\/p><p><strong>Superhrdina z na\u0161ich pol\u00ed<\/strong><\/p><p>Tekvicov\u00e9 jadierka&nbsp;<strong>s\u00fa bohat\u00e9 na zinok, hor\u010d\u00edk, vl\u00e1kninu, omega-3 a omega-6 mastn\u00e9 kyseliny<\/strong>, \u010do z nich rob\u00ed skvel\u00fa vo\u013ebu pre podporu v\u00e1\u0161ho zdravia. Maj\u00fa mno\u017estvo zdravotn\u00fdch benefitov, ktor\u00e9 ocen\u00edte pri pravidelnej konzum\u00e1cii.<\/p><p><strong>Pre srdce, imunitu aj kr\u00e1snu poko\u017eku<\/strong><\/p><ul class=\"wp-block-list\"><li>Zdrav\u00e9 srdce \u2013 V\u010faka obsahu zdrav\u00fdch tukov a esenci\u00e1lnych mastn\u00fdch kysel\u00edn pom\u00e1haj\u00fa tieto jadierka zni\u017eova\u0165 hladinu zl\u00e9ho cholesterolu a podporuj\u00fa zdravie \u2764\ufe0fsrdca.<\/li>\n\n<li>Siln\u00e1 imunita \u2013 Zinok obsiahnut\u00fd v jadierkach je k\u013e\u00fa\u010dov\u00fd pre spr\u00e1vnu funkciu imunitn\u00e9ho syst\u00e9mu a podporu obranyschopnosti tela.<\/li>\n\n<li>Podpora tr\u00e1venia \u2013 Vysok\u00fd obsah vl\u00e1kniny pom\u00e1ha udr\u017ea\u0165 zdrav\u00e9 tr\u00e1venie, zlep\u0161uje pohyb \u010driev a pom\u00e1ha pri prevencii z\u00e1pchy\ud83e\udd70.<\/li>\n\n<li>Siln\u00e9 kosti a zuby \u2013 Hor\u010d\u00edk a v\u00e1pnik obsiahnut\u00fd v tekvicov\u00fdch jadierkach prispievaj\u00fa k posilneniu kost\u00ed\ud83e\uddb5 a zubov, \u010do je d\u00f4le\u017eit\u00e9 pre dlhodob\u00e9 zdravie.<\/li>\n\n<li>Zdrav\u00e1 poko\u017eka a vlasy \u2013 Esenci\u00e1lne mastn\u00e9 kyseliny a vitam\u00edny obsiahnut\u00e9 v jadierkach podporuj\u00fa zdrav\u00fa a hydratovan\u00fa poko\u017eku, zlep\u0161uj\u00fa kvalitu vlasov a nechtov.<\/li>\n\n<li>Kvalitn\u00fd sp\u00e1nok \u2013 p\u00f4sobia antidepres\u00edvne a podporuj\u00fa kvalitn\u00fd \ud83d\ude34sp\u00e1nok. Doprajte si ich tak \u010dasto, ako m\u00f4\u017eete.<\/li><\/ul><p><strong>Trad\u00edcia, ktor\u00e1 chut\u00ed<\/strong><\/p><p><strong>Na\u0161e<\/strong>&nbsp;pra\u017een\u00e9 tekvicov\u00e9&nbsp;<strong>jadierka so \u0161upkou poch\u00e1dzaj\u00fa priamo z na\u0161ej farmy<\/strong>, kde&nbsp;<strong>pestujeme tekvice tradi\u010dn\u00fdm sp\u00f4sobom<\/strong>. Starostlivo ich pra\u017e\u00edme, aby sme zachovali ich v\u00fd\u017eivn\u00e9 hodnoty a dosiahli dokonale chrumkav\u00fa text\u00faru s jemne slanou chu\u0165ou.<strong>&nbsp;Ka\u017ed\u00e9 balenie je v\u00fdsledkom gener\u00e1ci\u00ed sk\u00fasenost\u00ed a poctivej pr\u00e1ce, ktor\u00fa do n\u00e1\u0161ho produktu vklad\u00e1me ka\u017ed\u00fd de\u0148.<\/strong><\/p><p>Tieto tekvicov\u00e9 jadierka s\u00fa viac ne\u017e len zdrav\u00fd snack \u2013 \ud83d\udc4c<strong>s\u00fa symbolom poctivej starostlivosti a l\u00e1sky&nbsp;<\/strong>k pr\u00edrode,<strong>&nbsp;ktor\u00e1 sa odr\u00e1\u017ea v ka\u017edom s\u00faste.<\/strong>&nbsp;Ak h\u013ead\u00e1te&nbsp;<strong>produkt, ktor\u00fd je nielen chutn\u00fd, ale aj v\u00fd\u017eivn\u00fd a prospe\u0161n\u00fd pre va\u0161e zdravie<\/strong>, na\u0161e tekvicov\u00e9 jadierka s\u00fa tou spr\u00e1vnou vo\u013ebou.<\/p><p><strong>Certifik\u00e1ty<\/strong><\/p><p>S hrdos\u0165ou m\u00f4\u017eeme poveda\u0165, \u017ee<strong>&nbsp;sme nosite\u013emi&nbsp;<\/strong><strong>\u2705<\/strong><strong>certifik\u00e1tu &#8222;Region\u00e1lny produkt PONITRIE&#8220; za na\u0161e Tekvicov\u00e9 jadierka.<\/strong>&nbsp;Tento&nbsp;<strong>certifik\u00e1t je d\u00f4kazom toho, \u017ee jadierka s\u00fa<\/strong>&nbsp;nielen&nbsp;<strong>vysoko kvalitn\u00e9<\/strong>, ale tie\u017e poch\u00e1dzaj\u00fa z n\u00e1\u0161ho regi\u00f3nu&nbsp;<strong>a s\u00fa vypestovan\u00e9 s d\u00f4razom na tradi\u010dn\u00e9 met\u00f3dy.<\/strong><\/p><p>Okrem toho,&nbsp;<strong>Ministerstvo p\u00f4dohospod\u00e1rstva a rozvoja vidieka SR&nbsp;<\/strong>na\u0161im<strong>&nbsp;jadierkam udelilo<\/strong>&nbsp;prest\u00ed\u017eny \u2705<strong>certifik\u00e1t &#8222;SK kvalita&#8220;<\/strong><\/p><p>\ud83d\udc49<strong>Ocenenie&nbsp;<\/strong>nie je len potvrden\u00edm v\u00fdnimo\u010dnosti na\u0161ich produktov, ale z\u00e1rove\u0148&nbsp;<strong>sved\u010d\u00ed o ich autencitite a zdravotnej nez\u00e1vadnosti.<\/strong><\/p><p>Objavte chrumkav\u00e9 zdravie s Farmou Tekvi\u010dka \u2013 kde ka\u017ed\u00e9 jadierko nesie stopu pr\u00edrody a poctivej pr\u00e1ce.<\/p>","protected":false},"excerpt":{"rendered":"<p>Pra\u017een\u00e9&nbsp;tekvicov\u00e9 jadierka, pre mnoh\u00fdch semienka \ud83d\ude42 so \u0161upkou&nbsp;s\u00fa lahodn\u00fdm v\u00fdsledkom&nbsp;starostliv\u00e9ho&nbsp;spracovania na na\u0161ej rodinnej farme.&nbsp;S\u00fa chrumkav\u00e9 a pln\u00e9 pr\u00edrodn\u00fdch \u017eiv\u00edn.&nbsp;Ka\u017ed\u00e9&nbsp;jadierko poch\u00e1dza z&nbsp;na\u0161ich vlastn\u00fdch&nbsp;tekv\u00edc, ktor\u00e9 pestujeme&nbsp;s l\u00e1skou a \u00factou k pr\u00edrode u\u017e viac ako 20 rokov. Na\u0161a z\u00e1kazn\u00ed\u010dka&nbsp;Olinka&nbsp;\u2b50\u2b50\u2b50\u2b50\u2b50&nbsp;o nich hovor\u00ed: S\u00fa bo\u017esk\u00e9, m\u00e1m ich rada a st\u00e1le doma. Tekvice boli typickou plodinou nitrianskeho kraja, typick\u00e9 boli najm\u00e4 [&hellip;]<\/p>","protected":false},"featured_media":35163,"comment_status":"closed","ping_status":"closed","template":"","meta":[],"product_brand":[452],"product_cat":[253,259],"product_tag":[],"giftcard-category":[],"class_list":{"0":"post-35159","1":"product","2":"type-product","3":"status-publish","4":"has-post-thumbnail","6":"product_brand-farma-tekvicka","7":"product_cat-spajza","8":"product_cat-snacky-slane-sladke","10":"first","11":"instock","12":"taxable","13":"shipping-taxable","14":"purchasable","15":"product-type-variable"},"_links":{"self":[{"href":"https:\/\/zlatyrakytnik.sk\/hu\/wp-json\/wp\/v2\/product\/35159","targetHints":{"allow":["GET"]}}],"collection":[{"href":"https:\/\/zlatyrakytnik.sk\/hu\/wp-json\/wp\/v2\/product"}],"about":[{"href":"https:\/\/zlatyrakytnik.sk\/hu\/wp-json\/wp\/v2\/types\/product"}],"replies":[{"embeddable":true,"href":"https:\/\/zlatyrakytnik.sk\/hu\/wp-json\/wp\/v2\/comments?post=35159"}],"wp:featuredmedia":[{"embeddable":true,"href":"https:\/\/zlatyrakytnik.sk\/hu\/wp-json\/wp\/v2\/media\/35163"}],"wp:attachment":[{"href":"https:\/\/zlatyrakytnik.sk\/hu\/wp-json\/wp\/v2\/media?parent=35159"}],"wp:term":[{"taxonomy":"product_brand","embeddable":true,"href":"https:\/\/zlatyrakytnik.sk\/hu\/wp-json\/wp\/v2\/product_brand?post=35159"},{"taxonomy":"product_cat","embeddable":true,"href":"https:\/\/zlatyrakytnik.sk\/hu\/wp-json\/wp\/v2\/product_cat?post=35159"},{"taxonomy":"product_tag","embeddable":true,"href":"https:\/\/zlatyrakytnik.sk\/hu\/wp-json\/wp\/v2\/product_tag?post=35159"},{"taxonomy":"giftcard-category","embeddable":true,"href":"https:\/\/zlatyrakytnik.sk\/hu\/wp-json\/wp\/v2\/giftcard-category?post=35159"}],"curies":[{"name":"wp","href":"https:\/\/api.w.org\/{rel}","templated":true}]}}