{"id":35164,"date":"2025-10-10T10:18:34","date_gmt":"2025-10-10T08:18:34","guid":{"rendered":"https:\/\/zlatyrakytnik.sk\/?post_type=product&#038;p=35164"},"modified":"2026-01-26T15:24:17","modified_gmt":"2026-01-26T14:24:17","slug":"farma-tekvicka-tekvicove-jadierka-bez-supky-250-g","status":"publish","type":"product","link":"https:\/\/zlatyrakytnik.sk\/hu\/termek\/farma-tekvicka-tekvicove-jadierka-bez-supky-250-g\/","title":{"rendered":"Farma Tekvi\u010dka \u2013 Tekvicov\u00e9 jadierka bez \u0161upky 250 g"},"content":{"rendered":"<p><strong>Tekvicov\u00e9 jadierka bez \u0161upky z na\u0161ej farmy s\u00fa<\/strong> starostlivo vybran\u00e9 a <strong>jemne pra\u017een\u00e9<\/strong>, aby si zachovali svoju pr\u00edrodn\u00fa chu\u0165 a v\u00fd\u017eivn\u00e9 hodnoty. Tento <strong>chrumkav\u00fd snack<\/strong> je <strong>ide\u00e1lny pre ka\u017ed\u00e9ho, kto h\u013ead\u00e1 zdrav\u00fa a chutn\u00fa alternat\u00edvu be\u017en\u00fdch pochut\u00edn.<\/strong> S\u00fa skvel\u00e9 samostatne, ale aj ako pr\u00edsada do r\u00f4znych jed\u00e1l.<\/p><blockquote class=\"wp-block-quote is-layout-flow wp-block-quote-is-layout-flow\"><p>Na\u0161a z\u00e1kazn\u00ed\u010dka\u00a0<strong>Monika\u00a0<\/strong>\u2b50\u2b50\u2b50\u2b50\u2b50\u00a0<strong>n\u00e1m o nich nap\u00edsala:\u00a0<\/strong><em>&#8222;Najlep\u0161ie jadierka, zbo\u017e\u0148ujeme ich cel\u00e1 rodina \u2763\u2763\u2763&#8220;<\/em><\/p><\/blockquote><p>Tekvicov\u00e9<strong> jadierka <\/strong><strong>pestujeme priamo na na\u0161ej farme na Slovensku (v Malom Cet\u00edne),<\/strong> kde ich <strong>spracov\u00e1vame tradi\u010dn\u00fdmi postupmi<\/strong>, aby si zachovali v\u0161etky v\u00fd\u017eivn\u00e9 l\u00e1tky a prirodzen\u00fa chu\u0165.<\/p><p>Pra\u017eenie prebieha tak, aby sme dosiahli perfektn\u00fd pomer chuti a chrumkavosti. <strong>Tekvicov\u00e9 jadierka pra\u017e\u00edme bez tuku. <\/strong>Vychutnajte si ich jemne orie\u0161kov\u00fa chu\u0165!<\/p><p><strong>Pr\u00edjemn\u00e1 orie\u0161kov\u00e1 chu\u0165<\/strong><\/p><p><strong>Tekvicov\u00e9 jadierka maj\u00fa pr\u00edjemne orie\u0161kov\u00fa, jemne sladkast\u00fa chu\u0165,<\/strong> ktor\u00e1 je <strong>zv\u00fdraznen\u00e1 jemn\u00fdm pra\u017een\u00edm.<\/strong> <strong>S\u00fa perfektn\u00e9 ako zdrav\u00fd snack,<\/strong> no m\u00f4\u017eete ich tie\u017e pou\u017ei\u0165<strong> ako chutn\u00fd doplnok do <\/strong>r\u00f4znych jed\u00e1l \u2013 <strong>\u0161al\u00e1tov, polievok<\/strong>, do granoly alebo nimi m\u00f4\u017eete posypa\u0165 chlieb, \u010di pe\u010divo.<\/p><p><strong>Mal\u00ed bojovn\u00edci pre va\u0161e zdravie<\/strong><\/p><p><strong>Tekvicov\u00e9 jadierka s\u00fa<\/strong> nielen chutn\u00e9, ale aj <strong>bohat\u00e9 na mno\u017estvo d\u00f4le\u017eit\u00fdch \u017eiv\u00edn, ktor\u00e9 podporuj\u00fa celkov\u00e9 zdravie. <\/strong><strong>Obsahuj\u00fa ve\u013ek\u00e9 mno\u017estvo prote\u00ednov, vl\u00e1kninu, miner\u00e1ly ako v\u00e1pnik, sel\u00e9n, \u017eelezo, sod\u00edk, hor\u010d\u00edk, vitam\u00edny<\/strong> A, B1 &#8211; tiam\u00edn, B2 &#8211; riboflav\u00edn, B3 &#8211; niac\u00edn, B5 &#8211; kyselina pantot\u00e9nov\u00e1, B6 &#8211; pyridox\u00edn a B9 &#8211; kyselinu listov\u00fa, B17 &#8211; amygdal\u00edn, C, E a K a \u010fal\u0161ie. <strong>Tekvicov\u00e9 jadierka s\u00fa superhrdinom vo svete superpotrav\u00edn.<\/strong><\/p><p><strong>Dok\u00e1\u017eu toho naozaj ve\u013ea:<\/strong><\/p><p>\u2705 <strong>Podporuj\u00fa pokojn\u00fd sp\u00e1nok.<\/strong><\/p><p>\u2705 <strong>Udr\u017euj\u00fa zdrav\u00e9 kosti &#8211;<\/strong> Poskytuj\u00fa \u00fa\u013eavu od pr\u00edznakom artrit\u00eddy.<\/p><p>\u2705 <strong>Pom\u00e1haj\u00fa zni\u017eova\u0165 hladinu cukru v krvi<\/strong>.<\/p><p>\u2705 <strong>Pom\u00e1haj\u00fa predch\u00e1dza\u0165 cievnej mozgovej pr\u00edhode<\/strong> &#8211; Br\u00e1nia krvn\u00fdm zrazenin\u00e1m a arteroskler\u00f3ze.<\/p><p>\u2705 <strong>Bohat\u00e9 na zinok<\/strong> \u2013 Zinok je d\u00f4le\u017eit\u00fd pre imunitn\u00fd syst\u00e9m, <strong>podporuje zdrav\u00e9 vlasy, nechty a ko\u017eu.<\/strong><\/p><p>\u2705 <strong>Vysok\u00fd obsah magn\u00e9zia<\/strong> \u2013 Magn\u00e9zium podporuje zdravie srdca, zlep\u0161uje sp\u00e1nok a pom\u00e1ha pri svalov\u00fdch k\u0155\u010doch.<\/p><p>\u2705 <strong>Br\u00e1nia vzniku rakoviny<\/strong> &#8211; \u017dal\u00fadka, p\u013e\u00fac, prostaty, prsn\u00edka a hrub\u00e9ho \u010dreva.<\/p><p>\u2705 <strong>Podpora zdravia prostaty<\/strong> \u2013 Pravideln\u00e1 konzum\u00e1cia tekvicov\u00fdch jadierok m\u00f4\u017ee pom\u00f4c\u0165 udr\u017ea\u0165 zdravie prostaty.<strong> Pom\u00e1haj\u00fa proti \u00fanikom mo\u010du a pri hyperakt\u00edvnom mo\u010dovom mech\u00fara<\/strong><strong>.<\/strong><\/p><p>\u2705 <strong>Zdrav\u00e9 tuky<\/strong> \u2013 Tekvicov\u00e9 jadierka s\u00fa bohat\u00e9 na zdrav\u00e9 tuky, ktor\u00e9 podporuj\u00fa zdravie srdca a zni\u017euj\u00fa hladinu cholesterolu.<\/p><p>\u2705 <strong>Antioxida\u010dn\u00e9 vlastnosti<\/strong> \u2013 Jadr\u00e1 obsahuj\u00fa vysok\u00e9 mno\u017estvo antioxidantov, ktor\u00e9 chr\u00e1nia bunky pred po\u0161koden\u00edm vo\u013en\u00fdmi radik\u00e1lmi a podporuj\u00fa imunitu.<\/p><p><strong>Certifik\u00e1ty<\/strong><\/p><p>S hrdos\u0165ou m\u00f4\u017eeme poveda\u0165, \u017ee<strong>&nbsp;sme nosite\u013emi&nbsp;<\/strong><strong>\u2705<\/strong><strong>certifik\u00e1tu &#8222;Region\u00e1lny produkt PONITRIE&#8220; za na\u0161e Tekvicov\u00e9 jadierka.<\/strong>&nbsp;Tento&nbsp;<strong>certifik\u00e1t je d\u00f4kazom toho, \u017ee jadierka s\u00fa<\/strong>&nbsp;nielen&nbsp;<strong>vysoko kvalitn\u00e9<\/strong>, ale tie\u017e poch\u00e1dzaj\u00fa z n\u00e1\u0161ho regi\u00f3nu&nbsp;<strong>a s\u00fa vypestovan\u00e9 s d\u00f4razom na tradi\u010dn\u00e9 met\u00f3dy.<\/strong><\/p><p>Okrem toho,&nbsp;<strong>Ministerstvo p\u00f4dohospod\u00e1rstva a rozvoja vidieka SR&nbsp;<\/strong>na\u0161im<strong>&nbsp;jadierkam udelilo<\/strong>&nbsp;prest\u00ed\u017eny \u2705<strong>certifik\u00e1t &#8222;SK kvalita&#8220;<\/strong><\/p><p>\ud83d\udc49<strong>Ocenenie&nbsp;<\/strong>nie je len potvrden\u00edm v\u00fdnimo\u010dnosti na\u0161ich produktov, ale z\u00e1rove\u0148&nbsp;<strong>sved\u010d\u00ed o ich autencitite a zdravotnej nez\u00e1vadnosti.<\/strong><\/p><p><strong>Zdravie a chu\u0165 priamo z pr\u00edrody<\/strong><\/p><p>Tekvicov\u00e9 jadierka <strong>patria k najzdrav\u0161\u00edm doplnkom stravy.<\/strong> Na\u0161a farma Tekvi\u010dka prin\u00e1\u0161a poctiv\u00e9 produkty s d\u00f4razom na kvalitu a \u010derstvos\u0165. <strong>Tekvicov\u00e9 jadierka pestujeme a spracov\u00e1vame u n\u00e1s na Slovensku,<\/strong> tradi\u010dn\u00fdmi met\u00f3dami, aby ste si mohli vychutna\u0165 pr\u00edrodn\u00fa chu\u0165 a vysok\u00fa v\u00fd\u017eivov\u00fa hodnotu.<\/p><p>Ka\u017ed\u00e9 balenie na\u0161ich tekvicov\u00fdch jadierok je pln\u00e9 poctivej pr\u00e1ce a l\u00e1sky k pr\u00edrode. Doprajte si t\u00fato zdrav\u00fa a chutn\u00fa poch\u00fa\u0165ku priamo z na\u0161ich pol\u00ed. Aj mal\u00e9 250g balenie pote\u0161\u00ed<strong> ako ZDRAV\u00dd \ud83c\udf81 DAR\u010cEK,<\/strong> ktor\u00fdm rozhodne ni\u010d nepokaz\u00edte. Darujte sebe alebo priate\u013eom kus zdravia vo vrec\u00fa\u0161ku plnom tekvicov\u00fdch jadierok.<\/p><p><strong>Objavte chu\u0165 a kvalitu Farmy Tekvi\u010dka \u2013 kde zdravie rastie s l\u00e1skou!<\/strong><\/p>","protected":false},"excerpt":{"rendered":"<p>Tekvicov\u00e9 jadierka bez \u0161upky z na\u0161ej farmy s\u00fa starostlivo vybran\u00e9 a jemne pra\u017een\u00e9, aby si zachovali svoju pr\u00edrodn\u00fa chu\u0165 a v\u00fd\u017eivn\u00e9 hodnoty. Tento chrumkav\u00fd snack je ide\u00e1lny pre ka\u017ed\u00e9ho, kto h\u013ead\u00e1 zdrav\u00fa a chutn\u00fa alternat\u00edvu be\u017en\u00fdch pochut\u00edn. S\u00fa skvel\u00e9 samostatne, ale aj ako pr\u00edsada do r\u00f4znych jed\u00e1l. Na\u0161a z\u00e1kazn\u00ed\u010dka\u00a0Monika\u00a0\u2b50\u2b50\u2b50\u2b50\u2b50\u00a0n\u00e1m o nich nap\u00edsala:\u00a0&#8222;Najlep\u0161ie jadierka, zbo\u017e\u0148ujeme ich [&hellip;]<\/p>","protected":false},"featured_media":35168,"comment_status":"closed","ping_status":"closed","template":"","meta":[],"product_brand":[452],"product_cat":[253,259],"product_tag":[],"giftcard-category":[],"class_list":{"0":"post-35164","1":"product","2":"type-product","3":"status-publish","4":"has-post-thumbnail","6":"product_brand-farma-tekvicka","7":"product_cat-spajza","8":"product_cat-snacky-slane-sladke","10":"first","11":"instock","12":"taxable","13":"shipping-taxable","14":"purchasable","15":"product-type-variable"},"_links":{"self":[{"href":"https:\/\/zlatyrakytnik.sk\/hu\/wp-json\/wp\/v2\/product\/35164","targetHints":{"allow":["GET"]}}],"collection":[{"href":"https:\/\/zlatyrakytnik.sk\/hu\/wp-json\/wp\/v2\/product"}],"about":[{"href":"https:\/\/zlatyrakytnik.sk\/hu\/wp-json\/wp\/v2\/types\/product"}],"replies":[{"embeddable":true,"href":"https:\/\/zlatyrakytnik.sk\/hu\/wp-json\/wp\/v2\/comments?post=35164"}],"wp:featuredmedia":[{"embeddable":true,"href":"https:\/\/zlatyrakytnik.sk\/hu\/wp-json\/wp\/v2\/media\/35168"}],"wp:attachment":[{"href":"https:\/\/zlatyrakytnik.sk\/hu\/wp-json\/wp\/v2\/media?parent=35164"}],"wp:term":[{"taxonomy":"product_brand","embeddable":true,"href":"https:\/\/zlatyrakytnik.sk\/hu\/wp-json\/wp\/v2\/product_brand?post=35164"},{"taxonomy":"product_cat","embeddable":true,"href":"https:\/\/zlatyrakytnik.sk\/hu\/wp-json\/wp\/v2\/product_cat?post=35164"},{"taxonomy":"product_tag","embeddable":true,"href":"https:\/\/zlatyrakytnik.sk\/hu\/wp-json\/wp\/v2\/product_tag?post=35164"},{"taxonomy":"giftcard-category","embeddable":true,"href":"https:\/\/zlatyrakytnik.sk\/hu\/wp-json\/wp\/v2\/giftcard-category?post=35164"}],"curies":[{"name":"wp","href":"https:\/\/api.w.org\/{rel}","templated":true}]}}