{"id":35226,"date":"2025-10-17T14:04:23","date_gmt":"2025-10-17T12:04:23","guid":{"rendered":"https:\/\/zlatyrakytnik.sk\/?post_type=product&#038;p=35226"},"modified":"2025-12-01T00:00:46","modified_gmt":"2025-11-30T23:00:46","slug":"100-bio-stava-z-brusnic","status":"publish","type":"product","link":"https:\/\/zlatyrakytnik.sk\/hu\/termek\/100-bio-stava-z-brusnic\/","title":{"rendered":"100% BIO \u0161\u0165ava z brusn\u00edc"},"content":{"rendered":"<p>Odpor\u00fa\u010dan\u00e1 denn\u00e1 d\u00e1vka 40 ml \u0161\u0165avy. Na zdravie! Pred pou\u017eit\u00edm pretrepa\u0165. Skladujte pri teplote do 24 \u00b0C. Po otvoren\u00ed skladujte v chladni\u010dke do 8 \u00b0C a spotrebujte do 14 dn\u00ed.<\/p><p><strong>Spracovate\u013e:<\/strong> PD Tvrdo\u0161ovce, Sz\u00e9chenyiho 10, 941 10 Tvrdo\u0161ovce. Vyroben\u00e9 na Slovensku.<\/p><figure class=\"wp-block-table\"><table class=\"has-fixed-layout\"><tbody><tr><td colspan=\"5\"><strong>V\u00fd\u017eivov\u00e9 hodnoty v 100ml:<\/strong><\/td><\/tr><tr><td colspan=\"4\">Energetick\u00e1 hodnota<\/td><td>112 kJ \/ 26 kcal<\/td><\/tr><tr><td colspan=\"4\">Tuky<\/td><td>&lt; 0,1 g<\/td><\/tr><tr><td colspan=\"4\">z toho nas\u00fdten\u00e9 mastn\u00e9 kyseliny<\/td><td>0,0 g<\/td><\/tr><tr><td colspan=\"4\">Sacharidy<\/td><td>6,2 g<\/td><\/tr><tr><td colspan=\"4\">z toho cukry<\/td><td>5,8 g<\/td><\/tr><tr><td colspan=\"4\">Bielkoviny<\/td><td>&lt; 0,2 g<\/td><\/tr><tr><td colspan=\"4\">So\u013e<\/td><td>&lt; 0,01 g<\/td><\/tr><tr><td colspan=\"4\">Polyfenoly (antoky\u00e1ny)<\/td><td>400 mg<\/td><\/tr><\/tbody><\/table><\/figure>","protected":false},"excerpt":{"rendered":"<p>Lisovan\u00e1 za studena z ekologicky pestovan\u00fdch plodov brusn\u00edc. Brusnice s\u00fa prirodzen\u00fdm zdrojom antioxidantov, vitam\u00ednu C, vl\u00e1kniny, organick\u00fdch kysel\u00edn, flavonoidov a polyfenolov. V \u013eudovom lie\u010dite\u013estve s\u00fa tradi\u010dne vyu\u017e\u00edvan\u00e9 pri probl\u00e9moch s mo\u010dov\u00fdm \u00fastrojenstvom a na podporu imunity. Ich kyslasto-trpk\u00e1 chu\u0165 je d\u00f4kazom vysok\u00e9ho obsahu \u00fa\u010dinn\u00fdch l\u00e1tok. \u0160\u0165ava je vhodn\u00e1 na ka\u017edodenn\u00e9 u\u017e\u00edvanie \u2013 samostatne alebo mie\u0161an\u00e1 s in\u00fdmi n\u00e1pojmi.<\/p>","protected":false},"featured_media":35227,"comment_status":"closed","ping_status":"closed","template":"","meta":[],"product_brand":[277],"product_cat":[453,275,237],"product_tag":[191],"giftcard-category":[],"class_list":{"0":"post-35226","1":"product","2":"type-product","3":"status-publish","4":"has-post-thumbnail","6":"product_brand-tvrdosovske-zlato","7":"product_cat-brusnica","8":"product_cat-tvrdosovske-zlato","9":"product_cat-bobulove-stavy","10":"product_tag-tvrdosovske-zlato","12":"first","13":"instock","14":"taxable","15":"shipping-taxable","16":"purchasable","17":"product-type-simple"},"_links":{"self":[{"href":"https:\/\/zlatyrakytnik.sk\/hu\/wp-json\/wp\/v2\/product\/35226","targetHints":{"allow":["GET"]}}],"collection":[{"href":"https:\/\/zlatyrakytnik.sk\/hu\/wp-json\/wp\/v2\/product"}],"about":[{"href":"https:\/\/zlatyrakytnik.sk\/hu\/wp-json\/wp\/v2\/types\/product"}],"replies":[{"embeddable":true,"href":"https:\/\/zlatyrakytnik.sk\/hu\/wp-json\/wp\/v2\/comments?post=35226"}],"wp:featuredmedia":[{"embeddable":true,"href":"https:\/\/zlatyrakytnik.sk\/hu\/wp-json\/wp\/v2\/media\/35227"}],"wp:attachment":[{"href":"https:\/\/zlatyrakytnik.sk\/hu\/wp-json\/wp\/v2\/media?parent=35226"}],"wp:term":[{"taxonomy":"product_brand","embeddable":true,"href":"https:\/\/zlatyrakytnik.sk\/hu\/wp-json\/wp\/v2\/product_brand?post=35226"},{"taxonomy":"product_cat","embeddable":true,"href":"https:\/\/zlatyrakytnik.sk\/hu\/wp-json\/wp\/v2\/product_cat?post=35226"},{"taxonomy":"product_tag","embeddable":true,"href":"https:\/\/zlatyrakytnik.sk\/hu\/wp-json\/wp\/v2\/product_tag?post=35226"},{"taxonomy":"giftcard-category","embeddable":true,"href":"https:\/\/zlatyrakytnik.sk\/hu\/wp-json\/wp\/v2\/giftcard-category?post=35226"}],"curies":[{"name":"wp","href":"https:\/\/api.w.org\/{rel}","templated":true}]}}