{"id":35247,"date":"2025-10-21T15:35:21","date_gmt":"2025-10-21T13:35:21","guid":{"rendered":"https:\/\/zlatyrakytnik.sk\/?post_type=product&#038;p=35247"},"modified":"2026-04-14T10:24:28","modified_gmt":"2026-04-14T08:24:28","slug":"100-bio-stava-z-cvikle","status":"publish","type":"product","link":"https:\/\/zlatyrakytnik.sk\/hu\/termek\/100-bio-stava-z-cvikle\/","title":{"rendered":"100% BIO \u0161\u0165ava z cvikle"},"content":{"rendered":"<p>\u0160\u0165ava je ur\u010den\u00e1 na priamu spotrebu. \u010cist\u00e1, alebo rieden\u00e1 s in\u00fdmi n\u00e1pojmi. Pred pit\u00edm pretrepa\u0165. Skladujte pri teplote do 24\u00b0C. Po otvoren\u00ed skladujte pri teplote do 8\u00b0C a spotrebujte do 14 dn\u00ed.<\/p><p><strong>Spracovate\u013e:<\/strong> PD Tvrdo\u0161ovce, Sz\u00e9chenyiho 10, 941 10 Tvrdo\u0161ovce. Vyroben\u00e9 na Slovensku.<\/p><figure class=\"wp-block-table\"><table class=\"has-fixed-layout\"><tbody><tr><td colspan=\"5\"><strong>V\u00fd\u017eivov\u00e9 hodnoty v 100ml:<\/strong><\/td><\/tr><tr><td colspan=\"4\">Energetick\u00e1 hodnota<\/td><td>176 kJ \/ 42 kcal<\/td><\/tr><tr><td colspan=\"4\">Tuky<\/td><td>&lt; 0,4 g<\/td><\/tr><tr><td colspan=\"4\">z toho nas\u00fdten\u00e9 mastn\u00e9 kyseliny<\/td><td>&lt; 0,1 g<\/td><\/tr><tr><td colspan=\"4\">Sacharidy<\/td><td>8,5 g<\/td><\/tr><tr><td colspan=\"4\">z toho cukry<\/td><td>6,9 g<\/td><\/tr><tr><td colspan=\"4\">Bielkoviny<\/td><td>0,1 g<\/td><\/tr><tr><td colspan=\"4\">So\u013e<\/td><td>0 g<\/td><\/tr><\/tbody><\/table><\/figure>","protected":false},"excerpt":{"rendered":"<p>Lisovan\u00e1 za studena z ekologicky pestovanej cvikle. Bu\u013evy cvikly s\u00fa bohat\u00fdm zdrojom beta\u00ednu, miner\u00e1lnych l\u00e1tok \u017eeleza, drasl\u00edka, sod\u00edka, v\u00e1pnika, vitam\u00ednov C, B, E. V prirodzenej forme sa nach\u00e1dzaj\u00fa aj v \u0161\u0165ave z cvikly, ktor\u00e1 by mala by\u0165 pravidelnou s\u00fa\u010das\u0165ou jed\u00e1lneho, \u010di n\u00e1pojov\u00e9ho l\u00edstku. Odpor\u00fa\u010dan\u00e1 d\u00e1vka 50 ml cviklovej \u0161\u0165avy, ktor\u00e1 je vylisovan\u00e1 z cca 100 g cvikly. Na zdravie!<\/p>","protected":false},"featured_media":36304,"comment_status":"closed","ping_status":"closed","template":"","meta":[],"product_brand":[277],"product_cat":[237,243,249],"product_tag":[268,191],"giftcard-category":[],"class_list":{"0":"post-35247","1":"product","2":"type-product","3":"status-publish","4":"has-post-thumbnail","6":"product_brand-tvrdosovske-zlato","7":"product_cat-bobulove-stavy","8":"product_cat-prirodne-ovocne-stavy","9":"product_cat-cvikla","10":"product_tag-c-winery-strekov","11":"product_tag-tvrdosovske-zlato","13":"first","14":"instock","15":"taxable","16":"shipping-taxable","17":"purchasable","18":"product-type-variable"},"_links":{"self":[{"href":"https:\/\/zlatyrakytnik.sk\/hu\/wp-json\/wp\/v2\/product\/35247","targetHints":{"allow":["GET"]}}],"collection":[{"href":"https:\/\/zlatyrakytnik.sk\/hu\/wp-json\/wp\/v2\/product"}],"about":[{"href":"https:\/\/zlatyrakytnik.sk\/hu\/wp-json\/wp\/v2\/types\/product"}],"replies":[{"embeddable":true,"href":"https:\/\/zlatyrakytnik.sk\/hu\/wp-json\/wp\/v2\/comments?post=35247"}],"wp:featuredmedia":[{"embeddable":true,"href":"https:\/\/zlatyrakytnik.sk\/hu\/wp-json\/wp\/v2\/media\/36304"}],"wp:attachment":[{"href":"https:\/\/zlatyrakytnik.sk\/hu\/wp-json\/wp\/v2\/media?parent=35247"}],"wp:term":[{"taxonomy":"product_brand","embeddable":true,"href":"https:\/\/zlatyrakytnik.sk\/hu\/wp-json\/wp\/v2\/product_brand?post=35247"},{"taxonomy":"product_cat","embeddable":true,"href":"https:\/\/zlatyrakytnik.sk\/hu\/wp-json\/wp\/v2\/product_cat?post=35247"},{"taxonomy":"product_tag","embeddable":true,"href":"https:\/\/zlatyrakytnik.sk\/hu\/wp-json\/wp\/v2\/product_tag?post=35247"},{"taxonomy":"giftcard-category","embeddable":true,"href":"https:\/\/zlatyrakytnik.sk\/hu\/wp-json\/wp\/v2\/giftcard-category?post=35247"}],"curies":[{"name":"wp","href":"https:\/\/api.w.org\/{rel}","templated":true}]}}