{"id":35261,"date":"2025-10-23T12:09:35","date_gmt":"2025-10-23T10:09:35","guid":{"rendered":"https:\/\/zlatyrakytnik.sk\/?post_type=product&#038;p=35261"},"modified":"2026-01-26T15:24:14","modified_gmt":"2026-01-26T14:24:14","slug":"zazvorky-zelatinky-s-rakytnikom-zazvorom-a-vitaminmi-10-ks-40g","status":"publish","type":"product","link":"https:\/\/zlatyrakytnik.sk\/hu\/termek\/zazvorky-zelatinky-s-rakytnikom-zazvorom-a-vitaminmi-10-ks-40g\/","title":{"rendered":"Z\u00e1zvorky \u017eelat\u00ednky s rakytn\u00edkom, z\u00e1zvorom a vitam\u00ednmi 10 ks, 40g"},"content":{"rendered":"<p>Gluk\u00f3zov\u00fd sirup; cukor; voda; \u017eelat\u00edna; hru\u0161kov\u00fd koncentr\u00e1t 4 %; su\u0161en\u00e1 rakytn\u00edkov\u00e1 \u0161\u0165ava 2 %; regul\u00e1tor kyslosti: kyselina citr\u00f3nov\u00e1; extrakt z\u00e1zvoru 1 %; pr\u00edrodn\u00e1 ar\u00f3ma hru\u0161ka; le\u0161tiaca zmes (kokosov\u00fd olej, le\u0161tiaca l\u00e1tka: karnaubsk\u00fd vosk); vitam\u00edny: biot\u00edn, riboflav\u00edn, kyselina pteroylmonoglutamov\u00e1, kyanokobalam\u00edn<\/p><figure class=\"wp-block-table\"><table class=\"has-fixed-layout\"><tbody><tr><td>\u00da\u010cINN\u00c9 L\u00c1TKY<\/td><td>8 G<\/td><td>% RVH*<\/td><\/tr><tr><td>su\u0161en\u00e1 rakytn\u00edkov\u00e1 \u0161\u0165ava<\/td><td>160 mg<\/td><td>**<\/td><\/tr><tr><td>su\u0161en\u00fd z\u00e1zvorov\u00fd extrakt<\/td><td>80 mg<\/td><td>**<\/td><\/tr><tr><td>vitam\u00edn B2<\/td><td>0,0336 mg<\/td><td>2,4<\/td><\/tr><tr><td>kyselina listov\u00e1<\/td><td>4,8 \u03bcg<\/td><td>2,4<\/td><\/tr><tr><td>biot\u00edn<\/td><td>50 \u03bcg<\/td><td>100<\/td><\/tr><tr><td>vitam\u00edn B12<\/td><td>2,5 \u03bcg<\/td><td>100<\/td><\/tr><\/tbody><\/table><\/figure><p>* RVH&nbsp;&#8211; Referen\u010dn\u00e1 v\u00fd\u017eivov\u00e1 hodnota<\/p><p>** Referen\u010dn\u00e1 v\u00fd\u017eivov\u00e1 hodnota nie je stanoven\u00e1<\/p>","protected":false},"excerpt":{"rendered":"<p>V\u00fdborn\u00e9 multivitam\u00ednov\u00e9 \u017eelat\u00ednky s v\u00fdraznou chu\u0165ou z\u00e1zvoru. Nesmie ch\u00fdba\u0165 ani na\u0161a \u201est\u00e1lica\u201c rakytn\u00edk re\u0161etliakov\u00fd, ktor\u00fd podporuje \u010dinnos\u0165 tr\u00e1viaceho traktu, imunitu a \u010dinnos\u0165 srdca. Z\u00e1zvor pom\u00e1ha udr\u017eiava\u0165 pocit pohodlia pri cestovan\u00ed, prispieva k norm\u00e1lnemu tr\u00e1veniu v obdob\u00ed ran\u00e9ho tehotenstva.<\/p>","protected":false},"featured_media":35262,"comment_status":"closed","ping_status":"closed","template":"","meta":[],"product_brand":[],"product_cat":[276,259,15],"product_tag":[],"giftcard-category":[],"class_list":{"0":"post-35261","1":"product","2":"type-product","3":"status-publish","4":"has-post-thumbnail","6":"product_cat-bez-lepku-alergenov","7":"product_cat-snacky-slane-sladke","8":"product_cat-ostatne","10":"first","11":"instock","12":"taxable","13":"shipping-taxable","14":"purchasable","15":"product-type-simple"},"_links":{"self":[{"href":"https:\/\/zlatyrakytnik.sk\/hu\/wp-json\/wp\/v2\/product\/35261","targetHints":{"allow":["GET"]}}],"collection":[{"href":"https:\/\/zlatyrakytnik.sk\/hu\/wp-json\/wp\/v2\/product"}],"about":[{"href":"https:\/\/zlatyrakytnik.sk\/hu\/wp-json\/wp\/v2\/types\/product"}],"replies":[{"embeddable":true,"href":"https:\/\/zlatyrakytnik.sk\/hu\/wp-json\/wp\/v2\/comments?post=35261"}],"wp:featuredmedia":[{"embeddable":true,"href":"https:\/\/zlatyrakytnik.sk\/hu\/wp-json\/wp\/v2\/media\/35262"}],"wp:attachment":[{"href":"https:\/\/zlatyrakytnik.sk\/hu\/wp-json\/wp\/v2\/media?parent=35261"}],"wp:term":[{"taxonomy":"product_brand","embeddable":true,"href":"https:\/\/zlatyrakytnik.sk\/hu\/wp-json\/wp\/v2\/product_brand?post=35261"},{"taxonomy":"product_cat","embeddable":true,"href":"https:\/\/zlatyrakytnik.sk\/hu\/wp-json\/wp\/v2\/product_cat?post=35261"},{"taxonomy":"product_tag","embeddable":true,"href":"https:\/\/zlatyrakytnik.sk\/hu\/wp-json\/wp\/v2\/product_tag?post=35261"},{"taxonomy":"giftcard-category","embeddable":true,"href":"https:\/\/zlatyrakytnik.sk\/hu\/wp-json\/wp\/v2\/giftcard-category?post=35261"}],"curies":[{"name":"wp","href":"https:\/\/api.w.org\/{rel}","templated":true}]}}